{"id":96,"date":"2014-02-10T15:56:16","date_gmt":"2014-02-10T14:56:16","guid":{"rendered":"http:\/\/prassek.web-ansgar-medien.de\/?page_id=96"},"modified":"2022-05-24T01:08:16","modified_gmt":"2022-05-23T23:08:16","slug":"gemeindekirche-st-wilhelm","status":"publish","type":"page","link":"https:\/\/johannes-prassek.de\/?page_id=96","title":{"rendered":"Gemeindekirche St. Wilhelm"},"content":{"rendered":"<p><img loading=\"lazy\" decoding=\"async\" class=\"alignleft size-medium wp-image-882\" src=\"https:\/\/prassek.ansgar-portal.de\/wp-content\/uploads\/sites\/2\/2014\/02\/st-wilhelm-300x200.jpg\" alt=\"st-wilhelm\" width=\"300\" height=\"200\" srcset=\"https:\/\/johannes-prassek.de\/wp-content\/uploads\/2014\/02\/st-wilhelm-300x200.jpg 300w, https:\/\/johannes-prassek.de\/wp-content\/uploads\/2014\/02\/st-wilhelm.jpg 600w\" sizes=\"auto, (max-width: 300px) 100vw, 300px\" \/>Die Gr\u00fcndung der Gemeinde begann damit, dass der damalige Primarius der Stadtkirche, Pr\u00e4lat Bernard Wintermann, in Bramfeld am Hohnerkamp ein G\u00e4rtnerhaus mit zugeh\u00f6rigem Grundst\u00fcck kaufte, ein Pfarrhaus daraus machte und darin \u2013 weil wegen des Krieges ein Kirchbau noch nicht m\u00f6glich war \u2013 am 29. September 1940 eine Anna-Kapelle benedizierte, die nun Katholiken aus Bramfeld, Farmsen und Wellingsb\u00fcttel zum Gottesdienst versammelte.<\/p>\n<p>Die werdende Gemeinde geh\u00f6rte zur Pfarrei Wandsbek, wurde aber von Geistlichen in Barmbek mit betreut, bis sie (ab Oktober 1941) mit Pastor Gerhard Hawighorst ihren ersten eigenen Pfarrer bekam. Die Zahl der Gottesdienstbesucher wuchs, die Gemeinde konsolidierte sich, das karitative Leben bl\u00fchte auf, und 1951 wird in der Pfarrchronik, im Zusammenhang mit der Liturgie der Kar- und Ostertage, erstmals schon ein kleiner Chor erw\u00e4hnt.<\/p>\n<p>Unter dem Wirken von Pfarrer Paul Alberti, der gro\u00dfen Wert auf Hausbesuche legte, erstarkte das Gemeindeleben weiter. Am 6. Juli 1955 kam es zur Grundsteinlegung der heutigen Kirche. Pr\u00e4lat Wintermann benannte sie \u2013 gleichsam im Alleingang \u2013 nach dem Namenspatron des damaligen Osnabr\u00fccker Bischofs Dr. Wilhelm Berning, also nach dem hl. Wilhelm von Aquitanien, der Herzog und Heerf\u00fchrer war, bevor er in S\u00fcdfrankreich ein Benediktinerkloster gr\u00fcndete, in das er dann auch selber eintrat.<\/p>\n<p>Ab Dezember 1962 l\u00e4uteten vom Kirchturm endlich auch drei Glocken, die dem Heiligen Geist, der Mutter Gottes und der Mutter Anna geweiht sind, und Ostern 1963 kam es in Bramfeld sogar zur Errichtung einer ersten katholischen Schulklasse, die schon auf drei Klassen angewachsen war, als diese im Mai 1966 dann alle in die in Farmsen regional er\u00f6ffnete Katholische Grundschule integriert wurden.<\/p>\n<p>Eine Reihe von Kapl\u00e4nen hatte sich seit 1957 \u2013 oft in allzu rascher Folge \u2013 abgel\u00f6st, um Pfarrer Paul Alberti in der Gemeindearbeit zu unterst\u00fctzen. Einer von ihnen blieb l\u00e4nger, ja wurde sogar, ab dem 1. M\u00e4rz 1970, der Nachfolger des Pfarrers: Joachim von Stockhausen. Er initiierte die Errichtung eines Kreuzweges von Egino Weinert auf dem Ohlsdorfer Friedhof, in der N\u00e4he der Kapelle 13, und erreichte, dass Mutter Teresa auf einem ihrer Deutschlandbesuche am 4. April 1989 auch in die Pfarrei St. Wilhelm kam; dies f\u00fchrte dann zur Obdachlosenbetreuung im \u201eHaus Betlehem\u201c in der N\u00e4he der Reeperbahn, durch Schwestern der Mutter Teresa, zusammen mit einem engagierten Helferkreis.<\/p>\n<p>Auf Pfarrer von Stockhausen folgte, nach einer Zeit seelsorglicher Aushilfe, ab dem 1. Mai 1992 f\u00fcr fast 12 Jahre Pfarrer Dr. Bernd Wichert, den am 7. Dezember 2003 Pfarrer Stefan Krinke abl\u00f6ste. Sein Nachfolger wurde am 20. September 2009 Pfarrer Heinrich Schr\u00f6der, der bis zu seiner Pensionierung und seiner Verabschiedung am 30. M\u00e4rz 2014 den Weg unserer Gemeinde in die neue Pfarrei &#8222;Seliger Johannes Prassek&#8220; mitverfolgt und -getragen hat.<\/p>\n<p><a href=\"https:\/\/www.johannes-prassek.de\/kirchen\/pfarrkirche-st-wilhelm\/kontakt\/\">Kontakt<\/a>:<\/p>\n<p>Katholische Gemeinde St. Wilhelm<br \/>\nHohnerkamp 22<br \/>\n22175 Hamburg<\/p>\n<p>Tel.: 040 \/ 334 65 45 &#8211; 24<br \/>\nFax.: 040 \/ 334 65 45 -94<\/p>\n<p>Email: <a href=\"mailto:st.wilhelm@johannes-prassek.de\">st.wilhelm@johannes-prassek.de<\/a><\/p>\n<p>&nbsp;<\/p>\n<p>&nbsp;<\/p>\n","protected":false},"excerpt":{"rendered":"<p>Die Gr\u00fcndung der Gemeinde begann damit, dass der damalige Primarius der Stadtkirche, Pr\u00e4lat Bernard Wintermann, in Bramfeld am Hohnerkamp ein G\u00e4rtnerhaus mit zugeh\u00f6rigem Grundst\u00fcck kaufte, ein Pfarrhaus daraus machte und darin \u2013 weil wegen des Krieges ein Kirchbau noch nicht m\u00f6glich war \u2013 am 29. September 1940 eine Anna-Kapelle benedizierte, die nun Katholiken aus Bramfeld, &hellip; <a href=\"https:\/\/johannes-prassek.de\/?page_id=96\" class=\"more-link\"><span class=\"screen-reader-text\">Gemeindekirche St. Wilhelm<\/span> weiterlesen <span class=\"meta-nav\">&rarr;<\/span><\/a><\/p>\n","protected":false},"author":1,"featured_media":0,"parent":632,"menu_order":20,"comment_status":"closed","ping_status":"closed","template":"","meta":{"_uag_custom_page_level_css":"","ngg_post_thumbnail":0,"cybocfi_hide_featured_image":"","footnotes":""},"class_list":["post-96","page","type-page","status-publish","hentry"],"uagb_featured_image_src":{"full":false,"thumbnail":false,"medium":false,"medium_large":false,"large":false,"1536x1536":false,"2048x2048":false,"post-thumbnail":false,"twentyfourteen-full-width":false,"mailpoet_newsletter_max":false},"uagb_author_info":{"display_name":"wp_admin","author_link":"https:\/\/johannes-prassek.de\/?author=1"},"uagb_comment_info":0,"uagb_excerpt":"Die Gr\u00fcndung der Gemeinde begann damit, dass der damalige Primarius der Stadtkirche, Pr\u00e4lat Bernard Wintermann, in Bramfeld am Hohnerkamp ein G\u00e4rtnerhaus mit zugeh\u00f6rigem Grundst\u00fcck kaufte, ein Pfarrhaus daraus machte und darin \u2013 weil wegen des Krieges ein Kirchbau noch nicht m\u00f6glich war \u2013 am 29. September 1940 eine Anna-Kapelle benedizierte, die nun Katholiken aus Bramfeld,&hellip;","publishpress_future_action":{"enabled":false,"date":"2026-05-16 15:16:38","action":"change-status","newStatus":"draft","terms":[],"taxonomy":"","extraData":[]},"publishpress_future_workflow_manual_trigger":{"enabledWorkflows":[]},"_links":{"self":[{"href":"https:\/\/johannes-prassek.de\/index.php?rest_route=\/wp\/v2\/pages\/96","targetHints":{"allow":["GET"]}}],"collection":[{"href":"https:\/\/johannes-prassek.de\/index.php?rest_route=\/wp\/v2\/pages"}],"about":[{"href":"https:\/\/johannes-prassek.de\/index.php?rest_route=\/wp\/v2\/types\/page"}],"author":[{"embeddable":true,"href":"https:\/\/johannes-prassek.de\/index.php?rest_route=\/wp\/v2\/users\/1"}],"replies":[{"embeddable":true,"href":"https:\/\/johannes-prassek.de\/index.php?rest_route=%2Fwp%2Fv2%2Fcomments&post=96"}],"version-history":[{"count":1,"href":"https:\/\/johannes-prassek.de\/index.php?rest_route=\/wp\/v2\/pages\/96\/revisions"}],"predecessor-version":[{"id":11914,"href":"https:\/\/johannes-prassek.de\/index.php?rest_route=\/wp\/v2\/pages\/96\/revisions\/11914"}],"up":[{"embeddable":true,"href":"https:\/\/johannes-prassek.de\/index.php?rest_route=\/wp\/v2\/pages\/632"}],"wp:attachment":[{"href":"https:\/\/johannes-prassek.de\/index.php?rest_route=%2Fwp%2Fv2%2Fmedia&parent=96"}],"curies":[{"name":"wp","href":"https:\/\/api.w.org\/{rel}","templated":true}]}}