{"id":90,"date":"2014-02-10T15:53:31","date_gmt":"2014-02-10T13:53:31","guid":{"rendered":"http:\/\/prassek.web-ansgar-medien.de\/?page_id=90"},"modified":"2022-06-19T13:50:00","modified_gmt":"2022-06-19T11:50:00","slug":"pfarrkirche-heilig-kreuz","status":"publish","type":"page","link":"https:\/\/johannes-prassek.de\/?page_id=90","title":{"rendered":"Gemeindekirche Heilig Kreuz"},"content":{"rendered":"<p><img loading=\"lazy\" decoding=\"async\" class=\"alignleft size-medium wp-image-874\" src=\"https:\/\/prassek.ansgar-portal.de\/wp-content\/uploads\/sites\/2\/2014\/02\/hl-kreuz-300x213.jpg\" alt=\"hl-kreuz\" width=\"300\" height=\"213\" srcset=\"https:\/\/johannes-prassek.de\/wp-content\/uploads\/2014\/02\/hl-kreuz-300x213.jpg 300w, https:\/\/johannes-prassek.de\/wp-content\/uploads\/2014\/02\/hl-kreuz.jpg 600w\" sizes=\"auto, (max-width: 300px) 100vw, 300px\" \/>Die 1934 gegr\u00fcndete Gemeinde Heilig Kreuz in Volksdorf umfasst heute alle Hamburger Waldd\u00f6rfer, dazu den Nordteil von Berne und Hoisb\u00fcttel in Schleswig-Holstein mit etwa 4.300 Katholiken. Am 26. August 1934 wurde der erste Kirchenbau Heilig Kreuz, ein zur Kapelle umgebautes Privathaus, an der Farmsener Landstra\u00dfe 181\/183 konsekriert. In den Kriegs- und Nachkriegsjahren wuchs die Gemeinde erheblich an. 1962 entstand im Rahmen der Neuordnung der kirchlichen Verh\u00e4ltnisse in Hamburg die selbst\u00e4ndige Pfarrei Heilig Kreuz. Der alte Kirchenbau wurde durch einen neuen, gr\u00f6\u00dferen ersetzt. Es war dies der erste Kirchenneubau in Norddeutschland nach dem 2. Vatikanischen Konzil. Am 16. Juni 1965 feierlich geweiht, wurde er richtungsweisend f\u00fcr sakrales Bauen entsprechend der Liturgiereform. Neben der Kirche entstand ein gro\u00dfz\u00fcgiges Gemeindehaus, das in den letzten Jahren grundlegend renoviert wurde. Heute ist die Gemeinde Hl. Kreuz Bestandteil der Pfarrei Seliger Johannes Prassek.<\/p>\n<p>Zur Gemeinde geh\u00f6rt der Kath. Kindergarten Heilig Kreuz, geleitet von Frau Monika Migge. Eingerichtet in einem gro\u00dfz\u00fcgigen Neubau am Gemeindehaus, bietet er in zwei Krippen- und drei Elementargruppen bis zu 100 Kindern Platz. Sie erreichen Frau Migge unter 040\/6039840 und <a href=\"mailto:leitung@kiga-heilig-kreuz.de\">leitung@kiga-heilig-kreuz.de<\/a> .<\/p>\n<p>Im Gemeindeb\u00fcro sind Frau Meinz und Frau Gehle Ihre Ansprechpartner. Sie erreichen sie unter<\/p>\n<p>Katholisches Gemeindeb\u00fcro Heilig Kreuz<br \/>\nFarmsener Landstra\u00dfe 181<br \/>\n22359 Hamburg<br \/>\n040\/334 65 45 &#8211; 23<br \/>\n<a href=\"mailto:hl.kreuz@johannes-prassek.de\">hl.kreuz@johannes-prassek.de<\/a><\/p>\n<p>Informationen zur Gemeinde, den Aktivit\u00e4ten unserer zahlreichen Gruppen und unseren Gottesdiensten finden Sie unter <a href=\"http:\/\/www.heilig-kreuz-volksdorf.de\" target=\"_blank\" rel=\"noopener\"><u>www.heilig-kreuz-volksdorf.de<\/u><\/a><\/p>\n<p>Unser Pfadfinderstamm St. Martin stellt sich unte<a href=\"http:\/\/www.stamm-st-martin.de\" target=\"_blank\" rel=\"noopener\">r <u>www.stamm-st-martin.de<\/u><\/a> vor.<\/p>\n<p>Wir freuen uns auf Ihren Besuch in Volksdorf!<\/p>\n","protected":false},"excerpt":{"rendered":"<p>Die 1934 gegr\u00fcndete Gemeinde Heilig Kreuz in Volksdorf umfasst heute alle Hamburger Waldd\u00f6rfer, dazu den Nordteil von Berne und Hoisb\u00fcttel in Schleswig-Holstein mit etwa 4.300 Katholiken. Am 26. August 1934 wurde der erste Kirchenbau Heilig Kreuz, ein zur Kapelle umgebautes Privathaus, an der Farmsener Landstra\u00dfe 181\/183 konsekriert. In den Kriegs- und Nachkriegsjahren wuchs die Gemeinde &hellip; <a href=\"https:\/\/johannes-prassek.de\/?page_id=90\" class=\"more-link\"><span class=\"screen-reader-text\">Gemeindekirche Heilig Kreuz<\/span> weiterlesen <span class=\"meta-nav\">&rarr;<\/span><\/a><\/p>\n","protected":false},"author":1,"featured_media":0,"parent":632,"menu_order":10,"comment_status":"closed","ping_status":"closed","template":"","meta":{"_uag_custom_page_level_css":"","ngg_post_thumbnail":0,"cybocfi_hide_featured_image":"","footnotes":""},"class_list":["post-90","page","type-page","status-publish","hentry"],"uagb_featured_image_src":{"full":false,"thumbnail":false,"medium":false,"medium_large":false,"large":false,"1536x1536":false,"2048x2048":false,"post-thumbnail":false,"twentyfourteen-full-width":false,"mailpoet_newsletter_max":false},"uagb_author_info":{"display_name":"wp_admin","author_link":"https:\/\/johannes-prassek.de\/?author=1"},"uagb_comment_info":0,"uagb_excerpt":"Die 1934 gegr\u00fcndete Gemeinde Heilig Kreuz in Volksdorf umfasst heute alle Hamburger Waldd\u00f6rfer, dazu den Nordteil von Berne und Hoisb\u00fcttel in Schleswig-Holstein mit etwa 4.300 Katholiken. Am 26. August 1934 wurde der erste Kirchenbau Heilig Kreuz, ein zur Kapelle umgebautes Privathaus, an der Farmsener Landstra\u00dfe 181\/183 konsekriert. In den Kriegs- und Nachkriegsjahren wuchs die Gemeinde&hellip;","publishpress_future_action":{"enabled":false,"date":"2026-05-16 12:34:21","action":"change-status","newStatus":"draft","terms":[],"taxonomy":"","extraData":[]},"publishpress_future_workflow_manual_trigger":{"enabledWorkflows":[]},"_links":{"self":[{"href":"https:\/\/johannes-prassek.de\/index.php?rest_route=\/wp\/v2\/pages\/90","targetHints":{"allow":["GET"]}}],"collection":[{"href":"https:\/\/johannes-prassek.de\/index.php?rest_route=\/wp\/v2\/pages"}],"about":[{"href":"https:\/\/johannes-prassek.de\/index.php?rest_route=\/wp\/v2\/types\/page"}],"author":[{"embeddable":true,"href":"https:\/\/johannes-prassek.de\/index.php?rest_route=\/wp\/v2\/users\/1"}],"replies":[{"embeddable":true,"href":"https:\/\/johannes-prassek.de\/index.php?rest_route=%2Fwp%2Fv2%2Fcomments&post=90"}],"version-history":[{"count":2,"href":"https:\/\/johannes-prassek.de\/index.php?rest_route=\/wp\/v2\/pages\/90\/revisions"}],"predecessor-version":[{"id":12071,"href":"https:\/\/johannes-prassek.de\/index.php?rest_route=\/wp\/v2\/pages\/90\/revisions\/12071"}],"up":[{"embeddable":true,"href":"https:\/\/johannes-prassek.de\/index.php?rest_route=\/wp\/v2\/pages\/632"}],"wp:attachment":[{"href":"https:\/\/johannes-prassek.de\/index.php?rest_route=%2Fwp%2Fv2%2Fmedia&parent=90"}],"curies":[{"name":"wp","href":"https:\/\/api.w.org\/{rel}","templated":true}]}}