{"id":8887,"date":"2021-03-30T02:45:42","date_gmt":"2021-03-30T01:45:42","guid":{"rendered":"https:\/\/www.johannes-prassek.de\/?page_id=8887"},"modified":"2022-05-24T00:24:45","modified_gmt":"2022-05-23T22:24:45","slug":"projektgruppe-langenstuecken","status":"publish","type":"page","link":"https:\/\/johannes-prassek.de\/?page_id=8887","title":{"rendered":"Projektgruppe Langenst\u00fccken"},"content":{"rendered":"<p>Liebe Pfarreimitglieder,<\/p>\n\n\n\n<p>wie Sie bereits aus vorhergehenden Informationen erfahren haben, wurde das Grundst\u00fcck Langenst\u00fccken 38 in Hamburg-Poppenb\u00fcttel von der Pfarrei Seliger Johannes Prassek erworben. Nun muss geplant werden, wie das Grundst\u00fcck sinnvoll f\u00fcr die pastoralen und wirtschaftlichen Anliegen der Pfarrei &hellip; <a href=\"https:\/\/johannes-prassek.de\/?page_id=8887\" class=\"read-more\" target=\"_blank\">\u00bb weiterlesen <\/a><\/p>","protected":false},"excerpt":{"rendered":"<p>Liebe Pfarreimitglieder,<\/p>\n\n\n\n<p>wie Sie bereits aus vorhergehenden Informationen erfahren haben, wurde das Grundst\u00fcck Langenst\u00fccken 38 in Hamburg-Poppenb\u00fcttel von der Pfarrei Seliger Johannes Prassek erworben. Nun muss geplant werden, wie das Grundst\u00fcck sinnvoll f\u00fcr die pastoralen und wirtschaftlichen Anliegen der Pfarrei &hellip; <a href=\"https:\/\/johannes-prassek.de\/?page_id=8887\" class=\"read-more\" target=\"_blank\">\u00bb weiterlesen <\/a><\/p>","protected":false},"author":1,"featured_media":0,"parent":8884,"menu_order":20,"comment_status":"closed","ping_status":"closed","template":"","meta":{"_uag_custom_page_level_css":"","ngg_post_thumbnail":0,"cybocfi_hide_featured_image":"","footnotes":""},"class_list":["post-8887","page","type-page","status-publish","hentry"],"uagb_featured_image_src":{"full":false,"thumbnail":false,"medium":false,"medium_large":false,"large":false,"1536x1536":false,"2048x2048":false,"post-thumbnail":false,"twentyfourteen-full-width":false,"mailpoet_newsletter_max":false},"uagb_author_info":{"display_name":"wp_admin","author_link":"https:\/\/johannes-prassek.de\/?author=1"},"uagb_comment_info":0,"uagb_excerpt":"Liebe Pfarreimitglieder, wie Sie bereits aus vorhergehenden Informationen erfahren haben, wurde das Grundst\u00fcck Langenst\u00fccken 38 in Hamburg-Poppenb\u00fcttel von der Pfarrei Seliger Johannes Prassek erworben. Nun muss geplant werden, wie das Grundst\u00fcck sinnvoll f\u00fcr die pastoralen und wirtschaftlichen Anliegen der Pfarrei &hellip; \u00bb weiterlesen","publishpress_future_action":{"enabled":false,"date":"2026-05-16 10:58:49","action":"change-status","newStatus":"draft","terms":[],"taxonomy":"","extraData":[]},"publishpress_future_workflow_manual_trigger":{"enabledWorkflows":[]},"_links":{"self":[{"href":"https:\/\/johannes-prassek.de\/index.php?rest_route=\/wp\/v2\/pages\/8887","targetHints":{"allow":["GET"]}}],"collection":[{"href":"https:\/\/johannes-prassek.de\/index.php?rest_route=\/wp\/v2\/pages"}],"about":[{"href":"https:\/\/johannes-prassek.de\/index.php?rest_route=\/wp\/v2\/types\/page"}],"author":[{"embeddable":true,"href":"https:\/\/johannes-prassek.de\/index.php?rest_route=\/wp\/v2\/users\/1"}],"replies":[{"embeddable":true,"href":"https:\/\/johannes-prassek.de\/index.php?rest_route=%2Fwp%2Fv2%2Fcomments&post=8887"}],"version-history":[{"count":1,"href":"https:\/\/johannes-prassek.de\/index.php?rest_route=\/wp\/v2\/pages\/8887\/revisions"}],"predecessor-version":[{"id":11896,"href":"https:\/\/johannes-prassek.de\/index.php?rest_route=\/wp\/v2\/pages\/8887\/revisions\/11896"}],"up":[{"embeddable":true,"href":"https:\/\/johannes-prassek.de\/index.php?rest_route=\/wp\/v2\/pages\/8884"}],"wp:attachment":[{"href":"https:\/\/johannes-prassek.de\/index.php?rest_route=%2Fwp%2Fv2%2Fmedia&parent=8887"}],"curies":[{"name":"wp","href":"https:\/\/api.w.org\/{rel}","templated":true}]}}