{"id":7413,"date":"2020-07-21T10:49:28","date_gmt":"2020-07-21T08:49:28","guid":{"rendered":"https:\/\/www.johannes-prassek.de\/?page_id=7413"},"modified":"2025-03-24T05:55:22","modified_gmt":"2025-03-24T04:55:22","slug":"links-von-mahira","status":"publish","type":"page","link":"https:\/\/johannes-prassek.de\/?page_id=7413","title":{"rendered":"Links von MaHiRa"},"content":{"rendered":"\n<p class=\"has-text-align-center\" style=\"text-align: center;\"><span style=\"font-size: 18pt; color: #999999;\"><strong>~~~~~~~~~~~~~~~~~~~~~~<\/strong><\/span><\/p>\n\n\n\n<figure class=\"wp-block-table\">\n<table>\n<tbody>\n<tr>\n<td><span style=\"font-size: 12pt; color: #000000;\"><strong>Linkadressen:<\/strong><\/span><\/td>\n<\/tr>\n<tr>\n<td>\n<div align=\"justify\"><br><span style=\"color: #89856d;\">\u2022 <a style=\"color: #89856d;\" href=\"http:\/\/www.messdiener.mahira.de\">Messdiener Webseite<\/a><\/span><\/div>\n<div><span style=\"color: #89856d;\">&nbsp;<\/span><\/div>\n<div align=\"justify\"><span style=\"color: #89856d;\">\u2022 <a style=\"color: #89856d;\" href=\"https:\/\/kita-sonnenblume-hamburg.de\/\" target=\"_blank\" rel=\"noopener\">KITA Sonnenblume Hamburg<\/a><\/span><\/div>\n<div><span style=\"color: #89856d;\">&nbsp;<\/span><\/div>\n<div align=\"justify\"><span style=\"color: #89856d;\">\u2022 <a style=\"color: #89856d;\" href=\"http:\/\/www.caritas-hamburg.de\/\">Kinder-, Jugend- und Familienhilfe &#8211; Kindertagesst\u00e4tte<\/a><\/span><\/div>\n<div><span style=\"color: #89856d;\">&nbsp;<\/span><\/div>\n<div align=\"justify\"><span style=\"color: #89856d;\">\u2022 <a style=\"color: #89856d;\" href=\"http:\/\/www.jugend-erzbistum-hamburg.de\/\">Jugend im Erzbistum Hamburg<\/a><\/span><\/div>\n<div><span style=\"color: #89856d;\">&nbsp;<\/span><\/div>\n<div align=\"justify\"><span style=\"color: #89856d;\">\u2022 <a style=\"color: #89856d;\" href=\"http:\/\/www.dpsg-rahlstedt.de\/\">Pfadfinder Stamm Mutter Teresa<\/a><\/span><\/div>\n<div><span style=\"color: #89856d;\">&nbsp;<\/span><\/div>\n<div align=\"justify\"><span style=\"color: #89856d;\">\u2022 <a style=\"color: #89856d;\" href=\"http:\/\/www.erzbistum-hamburg.de\/\">Erzbistum Hamburg<\/a><\/span><\/div>\n<div><span style=\"color: #89856d;\">&nbsp;<\/span><\/div>\n<div align=\"justify\"><span style=\"color: #89856d;\">\u2022 <a style=\"color: #89856d;\" href=\"http:\/\/www.pallottiner.org\/\">Willkommen bei den Pallottinern (SAC)<\/a><\/span><\/div>\n<div><span style=\"color: #89856d;\">&nbsp;<\/span><\/div>\n<div align=\"justify\"><span style=\"color: #89856d;\">\u2022<a style=\"color: #89856d;\" href=\"http:\/\/www.pallottineparish.net\/\"> Pallottinische Pfarreien weltweit<\/a><\/span><\/div>\n<div><span style=\"color: #89856d;\">&nbsp;<\/span><\/div>\n<div align=\"justify\"><span style=\"color: #89856d;\">\u2022 <a style=\"color: #89856d;\" href=\"http:\/\/www.heilig-geist-farmsen.de\">Katholische Kirchengemeinde Heilig-Geist Hamburg-Farmsen<\/a><\/span><\/div>\n<div><span style=\"color: #89856d;\">&nbsp;<\/span><\/div>\n<div align=\"justify\"><span style=\"color: #89856d;\">\u2022 <a style=\"color: #89856d;\" href=\"http:\/\/www.johannes-prassek.de\">Pastoraler Raum Hamburg Nordost<\/a><\/span><\/div>\n<div><span style=\"color: #89856d;\">&nbsp;<\/span><\/div>\n<div align=\"justify\"><span style=\"color: #89856d;\">\u2022 <a style=\"color: #89856d;\" href=\"http:\/\/www.Kirche.tv\">Katholische Fernseharbeit<\/a><\/span><\/div>\n<div><span style=\"color: #89856d;\">&nbsp;<\/span><\/div>\n<div align=\"justify\"><span style=\"color: #89856d;\">\u2022 <a style=\"color: #89856d;\" href=\"https:\/\/www.trauerzentrum-hamburg.de\">Trauerzentrum Hamburg<\/a><\/span><\/div>\n<div><span style=\"color: #89856d;\">&nbsp;<\/span><\/div>\n<div align=\"justify\"><span style=\"color: #89856d;\">\u2022 <a style=\"color: #89856d;\" href=\"http:\/\/www.eingemischt.org\/\">Eingemischt<\/a><\/span><\/div>\n<\/td>\n<\/tr>\n<\/tbody>\n<\/table>\n<\/figure>\n\n\n\n<p class=\"has-text-align-center\" style=\"text-align: center;\"><span style=\"font-size: 18pt; color: #999999;\"><strong>~~~~~~~~~~~~~~~~~~~~~~<\/strong><\/span><\/p>\n\n\n\n<figure class=\"wp-block-table\">\n<table>\n<tbody>\n<tr>\n<td><span style=\"font-size: 12pt; color: #000000;\"><strong>Haftungsausschluss:<\/strong><\/span><\/td>\n<\/tr>\n<tr>\n<td><span style=\"color: #000000; font-family: book antiqua, palatino, serif;\">Eine Haftung f\u00fcr Inhalte und Programme auf den vorliegenden Internet-Seiten sowie f\u00fcr Sch\u00e4den, die aus den verwendeten Informationen und Programmen entstehen k\u00f6nnten, wird nicht \u00fcbernommen. Die Redaktion hat auf die evtl. weitere Verwendung der Inhalte keinen Einfluss.<\/span><br><span style=\"color: #000000; font-family: book antiqua, palatino, serif;\">Nach einem Urteil des Landgerichts Hamburg vom 12. Mai 1998 &#8222;Haftung f\u00fcr Links&#8220; (312 O 85\/98) sind die Anbieter von Internetseiten u.U. mitverantwortlich f\u00fcr die verwendeten Links zu anderen Seiten. Deshalb folgende Erkl\u00e4rung: Trotz sorgf\u00e4ltiger inhaltlicher Kontrolle \u00fcbernehmen wir keine Haftung f\u00fcr die Inhalte externer Links.<\/span><br><span style=\"color: #000000; font-family: book antiqua, palatino, serif;\">F\u00fcr den Inhalt der verlinkten Seiten sind ausschlie\u00dflich deren Betreiber verantwortlich.<\/span><\/td>\n<\/tr>\n<\/tbody>\n<\/table>\n<\/figure>\n","protected":false},"excerpt":{"rendered":"<p>Linkadressen: \u2022 Messdiener Webseite &nbsp; \u2022 KITA Sonnenblume Hamburg &nbsp; \u2022 Kinder-, Jugend- und Familienhilfe &#8211; Kindertagesst\u00e4tte &nbsp; \u2022 Jugend im Erzbistum Hamburg &nbsp; \u2022 Pfadfinder Stamm Mutter Teresa &nbsp; \u2022 Erzbistum Hamburg &nbsp; \u2022 Willkommen bei den Pallottinern (SAC) &nbsp; \u2022 Pallottinische Pfarreien weltweit &nbsp; \u2022 Katholische Kirchengemeinde Heilig-Geist Hamburg-Farmsen &nbsp; \u2022 Pastoraler Raum &hellip; <a href=\"https:\/\/johannes-prassek.de\/?page_id=7413\" class=\"more-link\"><span class=\"screen-reader-text\">Links von MaHiRa<\/span> weiterlesen <span class=\"meta-nav\">&rarr;<\/span><\/a><\/p>\n","protected":false},"author":5,"featured_media":0,"parent":0,"menu_order":0,"comment_status":"closed","ping_status":"closed","template":"","meta":{"_uag_custom_page_level_css":"","ngg_post_thumbnail":0,"cybocfi_hide_featured_image":"","footnotes":""},"class_list":["post-7413","page","type-page","status-publish","hentry"],"uagb_featured_image_src":{"full":false,"thumbnail":false,"medium":false,"medium_large":false,"large":false,"1536x1536":false,"2048x2048":false,"post-thumbnail":false,"twentyfourteen-full-width":false,"mailpoet_newsletter_max":false},"uagb_author_info":{"display_name":"Mario Donhofer","author_link":"https:\/\/johannes-prassek.de\/?author=5"},"uagb_comment_info":0,"uagb_excerpt":"Linkadressen: \u2022 Messdiener Webseite &nbsp; \u2022 KITA Sonnenblume Hamburg &nbsp; \u2022 Kinder-, Jugend- und Familienhilfe &#8211; Kindertagesst\u00e4tte &nbsp; \u2022 Jugend im Erzbistum Hamburg &nbsp; \u2022 Pfadfinder Stamm Mutter Teresa &nbsp; \u2022 Erzbistum Hamburg &nbsp; \u2022 Willkommen bei den Pallottinern (SAC) &nbsp; \u2022 Pallottinische Pfarreien weltweit &nbsp; \u2022 Katholische Kirchengemeinde Heilig-Geist Hamburg-Farmsen &nbsp; \u2022 Pastoraler Raum&hellip;","publishpress_future_action":{"enabled":false,"date":"2026-05-16 14:05:27","action":"change-status","newStatus":"draft","terms":[],"taxonomy":"","extraData":[]},"publishpress_future_workflow_manual_trigger":{"enabledWorkflows":[]},"_links":{"self":[{"href":"https:\/\/johannes-prassek.de\/index.php?rest_route=\/wp\/v2\/pages\/7413","targetHints":{"allow":["GET"]}}],"collection":[{"href":"https:\/\/johannes-prassek.de\/index.php?rest_route=\/wp\/v2\/pages"}],"about":[{"href":"https:\/\/johannes-prassek.de\/index.php?rest_route=\/wp\/v2\/types\/page"}],"author":[{"embeddable":true,"href":"https:\/\/johannes-prassek.de\/index.php?rest_route=\/wp\/v2\/users\/5"}],"replies":[{"embeddable":true,"href":"https:\/\/johannes-prassek.de\/index.php?rest_route=%2Fwp%2Fv2%2Fcomments&post=7413"}],"version-history":[{"count":9,"href":"https:\/\/johannes-prassek.de\/index.php?rest_route=\/wp\/v2\/pages\/7413\/revisions"}],"predecessor-version":[{"id":16326,"href":"https:\/\/johannes-prassek.de\/index.php?rest_route=\/wp\/v2\/pages\/7413\/revisions\/16326"}],"wp:attachment":[{"href":"https:\/\/johannes-prassek.de\/index.php?rest_route=%2Fwp%2Fv2%2Fmedia&parent=7413"}],"curies":[{"name":"wp","href":"https:\/\/api.w.org\/{rel}","templated":true}]}}