{"id":7079,"date":"2020-07-20T17:33:10","date_gmt":"2020-07-20T15:33:10","guid":{"rendered":"https:\/\/www.johannes-prassek.de\/?page_id=7079"},"modified":"2025-03-24T05:50:49","modified_gmt":"2025-03-24T04:50:49","slug":"home-von-mahira","status":"publish","type":"page","link":"https:\/\/johannes-prassek.de\/?page_id=7079","title":{"rendered":"Home von MaHiRa"},"content":{"rendered":"\n<h4 class=\"wp-block-heading has-text-align-center\"><strong>~\u00a0 Herzlich Willkommen\u00a0 ~\u00a0<br>Katholische Gemeinde MARI\u00c4 HIMMELFAHRT<\/strong><\/h4>\n\n\n\n<div class=\"wa-comp wa-text wa-bg-gradient param[grad(rgba(0,0,0,0)) border(0 #969696)]  \">\n<div>\n<div align=\"justify\"><strong>Einleitung und Vorstellung:<\/strong><\/div>\n<div align=\"justify\"><span style=\"font-size: 10pt;\"><span style=\"font-size: 10pt;\">Seit ihrer Konsekration durch Weihbischof Johannes von Rudloff am 30.\/31.1.1960 k\u00f6nnen wir Katholiken in Rahlstedt erstmals nach der Reformation wieder eine eigene Kirche nutzen.<span style=\"font-size: 8pt;\"><br><\/span>Die Pallottiner (Gesellschaft vom katholischen Apostolat, SAC) waren seit 1921 in der Auswandererseelsorge des Raphael Vereins in Hamburg und als Aushilfe in Rahlstedt t\u00e4tig. 1961 \u00fcbernahm P. Erwin Hartmann als erster Pallottiner f\u00fcr die Pfarrkirche und das Wilhelmstift die Gemeindeleitung.<br><br><\/span><\/span><\/div>\n<div align=\"justify\">&nbsp;<\/div>\n<figure><img loading=\"lazy\" decoding=\"async\" class=\"alignleft wp-image-6985 size-thumbnail\" src=\"https:\/\/johannes-prassek.de\/wp-content\/uploads\/2020\/07\/pfarrhaus_neu-1-150x150.jpg\" alt=\"\" width=\"150\" height=\"150\"><\/figure>\n<div align=\"justify\"><span style=\"font-size: 10pt;\"><span style=\"font-size: 10pt;\"><br><br><\/span><\/span><span style=\"font-size: 10pt;\"><span style=\"font-size: 10pt;\"><span style=\"font-size: 12pt;\"><strong>Das Pfarrhaus:<\/strong><\/span> <span style=\"font-size: 8pt;\"><br><\/span><\/span><\/span><\/div>\n<div align=\"justify\">\n<div align=\"left\"><span style=\"font-size: 10pt;\">kurze Info:<br>Vor etwa 100 Jahren gebaut, hat das heutige Pfarrhaus dreimal den Besitzer gewechselt. Heute ist es im Besitz der Pfarrgemeinde.<\/span><\/div>\n<div align=\"left\"><span style=\"font-size: 10pt;\">Seit Anfang der 1950-ziger Jahre leben die Pallottiner hier im Pfarrhaus. Drei Patres sind als Seelsorger in der Gemeinde t\u00e4tig und halten Gottesdienste in der Pfarrkirche und in der Kapelle des Kinderkrankenhauses Wilhelmstift.<br><br><br><br><br><br><br><\/span><span style=\"font-size: 10pt;\"><span style=\"font-size: 10pt;\"><span style=\"font-size: 12pt;\"><strong>Das Gemeindehaus:<\/strong><\/span><\/span><\/span><\/div>\n<span style=\"font-size: 10pt;\"><span style=\"font-size: 10pt;\"><img loading=\"lazy\" decoding=\"async\" class=\"alignnone wp-image-7179 size-medium\" src=\"https:\/\/johannes-prassek.de\/wp-content\/uploads\/2020\/07\/gemeindehaus-300x75.png\" alt=\"\" width=\"300\" height=\"75\" srcset=\"https:\/\/johannes-prassek.de\/wp-content\/uploads\/2020\/07\/gemeindehaus-300x75.png 300w, https:\/\/johannes-prassek.de\/wp-content\/uploads\/2020\/07\/gemeindehaus.png 510w\" sizes=\"auto, (max-width: 300px) 100vw, 300px\" \/><br><\/span><\/span><\/div>\n<div align=\"justify\">&nbsp;<\/div>\n<div align=\"justify\"><br><br><br><br><br>Unser Gemeindehaus wurde am 05.12.1973 eingeweiht.\n<div class=\"wa-comp wa-text wa-bg-gradient param[grad(rgba(0,0,0,0)) border(0 #969696)]  \">\n<div>\n<div align=\"left\">Ein Haus f\u00fcr unsere Gemeinde. Es bietet M\u00f6glichkeiten:<\/div>\n<div align=\"left\">&#8211; der Begegnung<\/div>\n<div align=\"left\">&#8211; des Miteinander<\/div>\n<div align=\"left\">&#8211; des F\u00fcreinander.<\/div>\n<div align=\"left\">Wir hoffen, dass, wie es in der Apostelgeschichte hei\u00dft, alle &#8222;ein Herz und eine Seele sind&#8220;<\/div>\n<div align=\"left\">in dem festen Wissen, dass es immer darum geht, Jesus Christus unter den Menschen zu bekennen.<\/div>\n<div>&nbsp;<\/div>\n<div align=\"left\">Der Saal bietet Raum f\u00fcr etwa 150 Sitzpl\u00e4tze. Zwei Schiebew\u00e4nde bieten individuelle M\u00f6glichkeiten der Raumgestaltung.<\/div>\n<div align=\"left\">Der Saal wird vor allem genutzt f\u00fcr die einzelnen Gruppen sowie Kirchenvorstand und Pfarrgemeinderat. Verschiedene Veranstaltungen wie z.B. Gymnastik, Singen, Konzerte, Gemeindefeste und der gem\u00fctliche Fr\u00fchschoppen finden hier statt.<\/div>\n<div>&nbsp;<\/div>\n<div align=\"left\">F\u00fcr die Kinder- und Jugendarbeit stehen vor allem die anderen R\u00e4ume des Hauses zur Verf\u00fcgung. So wird der Unterrichtsraum benutzt f\u00fcr:<br>Erstkommunion und Firmvorbereitung, ausserschulischen Unterricht, Kinder- und Jugendchor, Kinderkirche, Messdiener und andere Gruppen. <br>Die Pfadfinder treffen sich vor allem in den Kellerr\u00e4umen.<br><br><br><br><br>\n<div class=\"wa-comp wa-text wa-bg-gradient param[grad(rgba(0,0,0,0)) border(0 #969696)]  \">\n<div class=\"waCSStext31jn1c5nxznvu\">\n<div align=\"center\">Email: mariaehimmelfahrt@johannes-prassek.de<\/div>\n<div align=\"center\">Web: <a href=\"http:\/\/www.mahira.de\">www.mahira.de<\/a><\/div>\n<div align=\"center\">Tel.: 040 334 65 45 &#8211; 25<\/div>\n<\/div>\n<\/div>\n<\/div>\n<\/div>\n<\/div>\n<span style=\"font-size: 10pt;\"><br><br><br><br><br><br><\/span><\/div>\n<\/div>\n<\/div>\n","protected":false},"excerpt":{"rendered":"<p>~\u00a0 Herzlich Willkommen\u00a0 ~\u00a0Katholische Gemeinde MARI\u00c4 HIMMELFAHRT Einleitung und Vorstellung: Seit ihrer Konsekration durch Weihbischof Johannes von Rudloff am 30.\/31.1.1960 k\u00f6nnen wir Katholiken in Rahlstedt erstmals nach der Reformation wieder eine eigene Kirche nutzen.Die Pallottiner (Gesellschaft vom katholischen Apostolat, SAC) waren seit 1921 in der Auswandererseelsorge des Raphael Vereins in Hamburg und als Aushilfe in &hellip; <a href=\"https:\/\/johannes-prassek.de\/?page_id=7079\" class=\"more-link\"><span class=\"screen-reader-text\">Home von MaHiRa<\/span> weiterlesen <span class=\"meta-nav\">&rarr;<\/span><\/a><\/p>\n","protected":false},"author":5,"featured_media":0,"parent":0,"menu_order":0,"comment_status":"closed","ping_status":"closed","template":"","meta":{"_uag_custom_page_level_css":"","ngg_post_thumbnail":0,"cybocfi_hide_featured_image":"","footnotes":""},"class_list":["post-7079","page","type-page","status-publish","hentry"],"uagb_featured_image_src":{"full":false,"thumbnail":false,"medium":false,"medium_large":false,"large":false,"1536x1536":false,"2048x2048":false,"post-thumbnail":false,"twentyfourteen-full-width":false,"mailpoet_newsletter_max":false},"uagb_author_info":{"display_name":"Mario Donhofer","author_link":"https:\/\/johannes-prassek.de\/?author=5"},"uagb_comment_info":0,"uagb_excerpt":"~\u00a0 Herzlich Willkommen\u00a0 ~\u00a0Katholische Gemeinde MARI\u00c4 HIMMELFAHRT Einleitung und Vorstellung: Seit ihrer Konsekration durch Weihbischof Johannes von Rudloff am 30.\/31.1.1960 k\u00f6nnen wir Katholiken in Rahlstedt erstmals nach der Reformation wieder eine eigene Kirche nutzen.Die Pallottiner (Gesellschaft vom katholischen Apostolat, SAC) waren seit 1921 in der Auswandererseelsorge des Raphael Vereins in Hamburg und als Aushilfe in&hellip;","publishpress_future_action":{"enabled":false,"date":"2026-05-16 10:58:12","action":"change-status","newStatus":"draft","terms":[],"taxonomy":"","extraData":[]},"publishpress_future_workflow_manual_trigger":{"enabledWorkflows":[]},"_links":{"self":[{"href":"https:\/\/johannes-prassek.de\/index.php?rest_route=\/wp\/v2\/pages\/7079","targetHints":{"allow":["GET"]}}],"collection":[{"href":"https:\/\/johannes-prassek.de\/index.php?rest_route=\/wp\/v2\/pages"}],"about":[{"href":"https:\/\/johannes-prassek.de\/index.php?rest_route=\/wp\/v2\/types\/page"}],"author":[{"embeddable":true,"href":"https:\/\/johannes-prassek.de\/index.php?rest_route=\/wp\/v2\/users\/5"}],"replies":[{"embeddable":true,"href":"https:\/\/johannes-prassek.de\/index.php?rest_route=%2Fwp%2Fv2%2Fcomments&post=7079"}],"version-history":[{"count":10,"href":"https:\/\/johannes-prassek.de\/index.php?rest_route=\/wp\/v2\/pages\/7079\/revisions"}],"predecessor-version":[{"id":16323,"href":"https:\/\/johannes-prassek.de\/index.php?rest_route=\/wp\/v2\/pages\/7079\/revisions\/16323"}],"wp:attachment":[{"href":"https:\/\/johannes-prassek.de\/index.php?rest_route=%2Fwp%2Fv2%2Fmedia&parent=7079"}],"curies":[{"name":"wp","href":"https:\/\/api.w.org\/{rel}","templated":true}]}}