{"id":675,"date":"2014-06-12T09:20:30","date_gmt":"2014-06-12T07:20:30","guid":{"rendered":"http:\/\/www.johannes-prassek.de\/?page_id=675"},"modified":"2014-06-12T09:20:30","modified_gmt":"2014-06-12T07:20:30","slug":"ausserschulischer-religionsunterricht","status":"publish","type":"page","link":"https:\/\/johannes-prassek.de\/?page_id=675","title":{"rendered":"Au\u00dferschulischer Religionsunterricht"},"content":{"rendered":"<p><img loading=\"lazy\" decoding=\"async\" class=\"alignnone size-full wp-image-1664\" src=\"https:\/\/prassek.ansgar-portal.de\/wp-content\/uploads\/sites\/2\/2014\/06\/religionsunterricht-prassek.jpg\" alt=\"religionsunterricht-prassek\" width=\"700\" height=\"300\" srcset=\"https:\/\/johannes-prassek.de\/wp-content\/uploads\/2014\/06\/religionsunterricht-prassek.jpg 700w, https:\/\/johannes-prassek.de\/wp-content\/uploads\/2014\/06\/religionsunterricht-prassek-300x129.jpg 300w\" sizes=\"auto, (max-width: 700px) 100vw, 700px\" \/><\/p>\n<p><strong>Kennen Sie die Geschichte vom Korb mit den wunderbaren Sachen?<\/strong><br \/>\nIn dieser Geschichte kommt ein Hirte, der sich auf die Lauer legt, um einem Geheimnis auf die Spur zu kommen, mit Himmelswesen in Kontakt. Er heiratet eine himmlische Frau, ist gl\u00fccklich mit ihr, erkennt aber nicht die sch\u00f6nen und wichtigen Geschenke, die sie aus dem Himmel mitgebracht hat. Sie verl\u00e4sst ihn am Ende der Geschichte, weil er diese Geschenke nicht sehen und damit auch nicht wertsch\u00e4tzen kann. Die Augen seines Herzens sind blind.<\/p>\n<p>Dieses kleine M\u00e4rchen bringt auf den Punkt, wozu der au\u00dferschulische Religionsunterricht beitragen m\u00f6chte: Die Kinder k\u00f6nnen lernen, &#8222;dahinter&#8220; zu schauen. Sie k\u00f6nnen lernen, nach dem verborgenen Sinn zu fragen, sie k\u00f6nnen ein Ohr f\u00fcr die Stimmen der Stille und ein sensibles Herz f\u00fcr fremde Not bekommen. Der au\u00dferschulische Religionsunterricht, kurz aRU, will helfen, dem g\u00f6ttlichen Geheimnis auf die Spur zu kommen.<\/p>\n<p>Das Fach &#8222;Katholische Religion&#8220; geh\u00f6rte in Hamburg an staatlichen Schulen lange nicht zum Lehrplan. Es wurde vor einigen Jahren an einigen ausgew\u00e4hlten Schulen eingef\u00fchrt.<\/p>\n<p>In unserem Umkreis ist es \u00fcblich, dass Religion vom 3. &#8211; 6. Schuljahr in Verantwortung der evangelischen Kirche klassenweise unterrichtet wird. Ab der 9. Klasse ist Religion Wahlfach. Aufgrund dieser Sachlage bieten die Gemeinden au\u00dferschulischen Religionsunterricht an. Er ist als Angebot und Einladung zu verstehen und will die Eltern bei der religi\u00f6sen Erziehung ihrer Kinder begleiten und unterst\u00fctzen.<\/p>\n<p>Der aRU ist ein Ort, an dem Kinder ihre Fragen rund um den Glauben stellen k\u00f6nnen, wo christliche Gemeinschaft erfahren wird, Kindergartenfreundschaften fortgef\u00fchrt werden, Gemeindezugeh\u00f6rigkeit wachsen kann und Glaubenswissen und Werte vermittelt werden.<\/p>\n<p>Zur Zeit haben die Eltern f\u00fcr ihre Kinder aufgrund unserer f\u00fcnf Kirchenstandorte eine F\u00fclle von Wahlm\u00f6glichkeiten f\u00fcr den aRU:<\/p>\n<p><strong>Bramfeld:<\/strong><br \/>\nDer au\u00dferschulische Religionsunterricht findet w\u00e4hrend der Schulzeit w\u00f6chentlich donnerstags statt:<\/p>\n<ul>\n<li>f\u00fcr die 1. und 2. Klassen von 15.30 \u2013 16.30 Uhr<\/li>\n<li>f\u00fcr die 3. Klasse von 16.30 \u2013 17.30 Uhr<\/li>\n<li>f\u00fcr die 4. \u2013 8. Klasse von 17.30 \u2013 18.30 Uhr<\/li>\n<\/ul>\n<p><strong>Poppenb\u00fcttel:<\/strong><br \/>\nF\u00fcr die Erst- und Zweitkl\u00e4ssler wird in der ersten vollen Woche der Sommerferien ein Reli-Camp angeboten.<\/p>\n<p>Weitere Informationen finden Sie <a href=\"https:\/\/sankt-bernard.ansgar-portal.de\/familie-kinder\/reli-camp\/\">hier<\/a>.<\/p>\n<p><strong>Rahlstedt:<\/strong><br \/>\nDie Treffen f\u00fcr den aRU finden monatlich donnerstags um 16.15 Uhr.<\/p>\n<p><strong>Farmsen:<\/strong><br \/>\nDa in Farmsen sehr viele Gemeindekinder die Katholische Schule Farmsen besuchen, wird vor Ort kein aRU angeboten.<\/p>\n","protected":false},"excerpt":{"rendered":"<p>Kennen Sie die Geschichte vom Korb mit den wunderbaren Sachen? In dieser Geschichte kommt ein Hirte, der sich auf die Lauer legt, um einem Geheimnis auf die Spur zu kommen, mit Himmelswesen in Kontakt. Er heiratet eine himmlische Frau, ist gl\u00fccklich mit ihr, erkennt aber nicht die sch\u00f6nen und wichtigen Geschenke, die sie aus dem &hellip; <a href=\"https:\/\/johannes-prassek.de\/?page_id=675\" class=\"more-link\"><span class=\"screen-reader-text\">Au\u00dferschulischer Religionsunterricht<\/span> weiterlesen <span class=\"meta-nav\">&rarr;<\/span><\/a><\/p>\n","protected":false},"author":1,"featured_media":0,"parent":111,"menu_order":20,"comment_status":"closed","ping_status":"closed","template":"","meta":{"_uag_custom_page_level_css":"","ngg_post_thumbnail":0,"cybocfi_hide_featured_image":"","footnotes":""},"class_list":["post-675","page","type-page","status-publish","hentry"],"uagb_featured_image_src":{"full":false,"thumbnail":false,"medium":false,"medium_large":false,"large":false,"1536x1536":false,"2048x2048":false,"post-thumbnail":false,"twentyfourteen-full-width":false,"mailpoet_newsletter_max":false},"uagb_author_info":{"display_name":"wp_admin","author_link":"https:\/\/johannes-prassek.de\/?author=1"},"uagb_comment_info":0,"uagb_excerpt":"Kennen Sie die Geschichte vom Korb mit den wunderbaren Sachen? In dieser Geschichte kommt ein Hirte, der sich auf die Lauer legt, um einem Geheimnis auf die Spur zu kommen, mit Himmelswesen in Kontakt. Er heiratet eine himmlische Frau, ist gl\u00fccklich mit ihr, erkennt aber nicht die sch\u00f6nen und wichtigen Geschenke, die sie aus dem&hellip;","publishpress_future_action":{"enabled":false,"date":"2026-05-16 11:00:03","action":"change-status","newStatus":"draft","terms":[],"taxonomy":"","extraData":[]},"publishpress_future_workflow_manual_trigger":{"enabledWorkflows":[]},"_links":{"self":[{"href":"https:\/\/johannes-prassek.de\/index.php?rest_route=\/wp\/v2\/pages\/675","targetHints":{"allow":["GET"]}}],"collection":[{"href":"https:\/\/johannes-prassek.de\/index.php?rest_route=\/wp\/v2\/pages"}],"about":[{"href":"https:\/\/johannes-prassek.de\/index.php?rest_route=\/wp\/v2\/types\/page"}],"author":[{"embeddable":true,"href":"https:\/\/johannes-prassek.de\/index.php?rest_route=\/wp\/v2\/users\/1"}],"replies":[{"embeddable":true,"href":"https:\/\/johannes-prassek.de\/index.php?rest_route=%2Fwp%2Fv2%2Fcomments&post=675"}],"version-history":[{"count":0,"href":"https:\/\/johannes-prassek.de\/index.php?rest_route=\/wp\/v2\/pages\/675\/revisions"}],"up":[{"embeddable":true,"href":"https:\/\/johannes-prassek.de\/index.php?rest_route=\/wp\/v2\/pages\/111"}],"wp:attachment":[{"href":"https:\/\/johannes-prassek.de\/index.php?rest_route=%2Fwp%2Fv2%2Fmedia&parent=675"}],"curies":[{"name":"wp","href":"https:\/\/api.w.org\/{rel}","templated":true}]}}