{"id":6075,"date":"2020-04-01T21:02:33","date_gmt":"2020-04-01T20:02:33","guid":{"rendered":"https:\/\/www.johannes-prassek.de\/?page_id=6075"},"modified":"2026-02-09T14:07:28","modified_gmt":"2026-02-09T13:07:28","slug":"firmung-2","status":"publish","type":"page","link":"https:\/\/johannes-prassek.de\/?page_id=6075","title":{"rendered":"Firmung"},"content":{"rendered":"\n<p><em>Die Firmung (vom lateinischen firmare, st\u00e4rken) ist die Besiegelung der Getauften mit Gottes Geist. Gefirmte werden mit den Gaben des Heiligen Geistes gest\u00e4rkt und ermutigt, ihr Christsein  in der Gemeinschaft der Kirche bewusst und kraftvoll zu leben.<\/em><\/p>\n\n\n\n<p>Liebe Firmbewerber der Pfarrei Seliger Johannes Prassek, hier findet ihr Impulse f\u00fcr eure Vorbereitung auf die Firmung. <\/p>\n\n\n\n<p>Die unterschiedlichen Gruppen in unserer Pfarrei gestalten den Kontakt auf unterschiedlichste Weise. Immer ist das davon gepr\u00e4gt, was den Verantwortlichen m\u00f6glich ist. Diese Zeit fordert jeden ganz pers\u00f6nlich, erst ein Mal in seinem ganz privaten Umfeld &#8211; und da geh\u00f6rt alle Kraft auch hin.&nbsp;<\/p>\n\n\n\n<p>Das Minimum an Firmvorbereitung bildeten in der Vergangenheit diese Impulse . Auch damit wurde ganz unterschiedlich umgegangen. Einige Katecheten &#8222;arbeiteten&#8220; die Texte mit den Jugendlichen durch, andere verwiesen lediglich darauf.&nbsp;Ich habe gro\u00dfen Respekt von den Herausforderungen, die alle, Jugendliche und Ehrenamtliche,  wohl auch Zuhause zu bew\u00e4ltigen haben, und daher bitte ich um Verst\u00e4ndnis, dass es unterschiedliche Intensit\u00e4ten des Kontaktes in diesen Zeiten gibt.&nbsp;<\/p>\n\n\n\n<p>Unser Glaube und unser pers\u00f6nlicher Kontakt zu Gott steht vor gro\u00dfen Herausforderungen. Vielleicht braucht es auch neue Wege, vielleicht ist auch das nun noch mehr eine Sache der Familien und des eigenen Engagements.&nbsp; Ich bitte  Sie alle um Verst\u00e4ndnis und Geduld und um eure eigene Ideen, in Familie und Freundeskreis die Gottesbeziehung (noch) pr\u00e4senter zu machen &#8211; dann wird auch diese Zeit eine gute Zeit mit Gott.&nbsp;<\/p>\n\n\n\n<p>Herzliche Gr\u00fc\u00dfe und alles Gute!<br>P. Hammer<br><\/p>\n\n\n\n<p> <strong>Firmungen und deren Vorbereitung in unseren Gemeinden in 2025\/26:<\/strong><\/p>\n\n\n\n<p><span style=\"text-decoration: underline;\">Mari\u00e4 Himmelfahrt, Rahlstedt<\/span><br>Firmung am Sa, 14. November 2026<br>Eltern- \/ Infoabend am Mo, 19.01.26, 19:30 Uhr<br>1. Gruppenstunde am Sa, 24.01.26, 15:00 Uhr<br>Kontakt: Michael Hechinger: <a href=\"mailto:VogtHechinger@t-online.de\">VogtHechinger@t-online.de<\/a><\/p>\n\n\n\n<p><span style=\"text-decoration: underline;\">St. Bernard, Poppenb\u00fcttel<\/span><br>Firmung am Sa, 27. und So, 28. Juni 2026<br>Eltern- \/Infoabend am Do 11.09.25, 20:00 Uhr<br>1. Gruppenstunde am Do 18.09.25, 18:30 Uhr<br>Kontakt: Regina Deichmann, Ralph Klesel: <a href=\"mailto:firmvorbereitung@st-bernard-hamburg.de\">firmvorbereitung@st-bernard-hamburg.de<\/a><\/p>\n\n\n\n<p><span style=\"text-decoration: underline;\">Hl. Kreuz, Volksdorf<\/span><br>Firmung am So, 7. Juni 2026<br>Eltern- \/Infoabend: stand bei Redaktionsschluss noch nicht fest<br>Kontakt: Anke Laumayer, Martina Krokotsch: <a href=\"mailto:firmung.hk@johannes-prassek.de\">firmung.hk@johannes-prassek.de<\/a><\/p>\n\n\n\n<p><span style=\"text-decoration: underline;\">St. Wilhelm, Bramfeld<\/span><br>Firmung: Termin folgt<br>Eltern-\/Infoabend: Infos folgen<br>Kontakt: Wolfram Hillenbrand: <a href=\"mailto:w.hillenbrand@johannes-prassek.de\">w.hillenbrand@johannes-prassek.de<\/a><\/p>\n\n\n\n<p><span class=\"underline\" style=\"text-decoration: underline\">Hl. Geist, Farmsen<\/span><br>In 2026 keine Firmung: bitte in den anderen Gemeinden anmelden<\/p>\n\n\n\n<p><\/p>\n\n\n\n<p>Sollten Sie keine Einladung bekommen haben, wenden Sie sich bitte an das <a href=\"https:\/\/johannes-prassek.de\/?page_id=186\" target=\"_blank\" rel=\"noreferrer noopener\">Gemeinde- oder Pfarrb\u00fcro<\/a>. Vielen Dank!<\/p>\n\n\n\n<p><\/p>\n\n\n\n<p><\/p>\n\n\n\n<div class=\"wp-block-group\"><div class=\"wp-block-group__inner-container is-layout-flow wp-block-group-is-layout-flow\">\n<p class=\"has-text-align-justify\">Kontakt: <br><br>P. Christoph Hammer SAC, Pastor <br>Verantwortlicher f\u00fcr die Firmpastoral (kommissarisch)<br>040\/334 65 45 &#8211; 31<br><a href=\"mailto:c.hammer@johannes-prassek.de\" data-type=\"mailto\">c.hammer@johannes-prassek.de<\/a><br><br><\/p>\n<\/div><\/div>\n\n\n\n<p><\/p>\n","protected":false},"excerpt":{"rendered":"<p>Die Firmung (vom lateinischen firmare, st\u00e4rken) ist die Besiegelung der Getauften mit Gottes Geist. Gefirmte werden mit den Gaben des Heiligen Geistes gest\u00e4rkt und ermutigt, ihr Christsein in der Gemeinschaft der Kirche bewusst und kraftvoll zu leben. Liebe Firmbewerber der Pfarrei Seliger Johannes Prassek, hier findet ihr Impulse f\u00fcr eure Vorbereitung auf die Firmung. Die &hellip; <a href=\"https:\/\/johannes-prassek.de\/?page_id=6075\" class=\"more-link\"><span class=\"screen-reader-text\">Firmung<\/span> weiterlesen <span class=\"meta-nav\">&rarr;<\/span><\/a><\/p>\n","protected":false},"author":1,"featured_media":0,"parent":364,"menu_order":40,"comment_status":"closed","ping_status":"closed","template":"","meta":{"_uag_custom_page_level_css":"","ngg_post_thumbnail":0,"cybocfi_hide_featured_image":"","footnotes":""},"class_list":["post-6075","page","type-page","status-publish","hentry"],"uagb_featured_image_src":{"full":false,"thumbnail":false,"medium":false,"medium_large":false,"large":false,"1536x1536":false,"2048x2048":false,"post-thumbnail":false,"twentyfourteen-full-width":false,"mailpoet_newsletter_max":false},"uagb_author_info":{"display_name":"wp_admin","author_link":"https:\/\/johannes-prassek.de\/?author=1"},"uagb_comment_info":0,"uagb_excerpt":"Die Firmung (vom lateinischen firmare, st\u00e4rken) ist die Besiegelung der Getauften mit Gottes Geist. Gefirmte werden mit den Gaben des Heiligen Geistes gest\u00e4rkt und ermutigt, ihr Christsein in der Gemeinschaft der Kirche bewusst und kraftvoll zu leben. Liebe Firmbewerber der Pfarrei Seliger Johannes Prassek, hier findet ihr Impulse f\u00fcr eure Vorbereitung auf die Firmung. Die&hellip;","publishpress_future_action":{"enabled":false,"date":"2026-04-23 00:01:37","action":"change-status","newStatus":"draft","terms":[],"taxonomy":"","extraData":[]},"publishpress_future_workflow_manual_trigger":{"enabledWorkflows":[]},"_links":{"self":[{"href":"https:\/\/johannes-prassek.de\/index.php?rest_route=\/wp\/v2\/pages\/6075","targetHints":{"allow":["GET"]}}],"collection":[{"href":"https:\/\/johannes-prassek.de\/index.php?rest_route=\/wp\/v2\/pages"}],"about":[{"href":"https:\/\/johannes-prassek.de\/index.php?rest_route=\/wp\/v2\/types\/page"}],"author":[{"embeddable":true,"href":"https:\/\/johannes-prassek.de\/index.php?rest_route=\/wp\/v2\/users\/1"}],"replies":[{"embeddable":true,"href":"https:\/\/johannes-prassek.de\/index.php?rest_route=%2Fwp%2Fv2%2Fcomments&post=6075"}],"version-history":[{"count":9,"href":"https:\/\/johannes-prassek.de\/index.php?rest_route=\/wp\/v2\/pages\/6075\/revisions"}],"predecessor-version":[{"id":17306,"href":"https:\/\/johannes-prassek.de\/index.php?rest_route=\/wp\/v2\/pages\/6075\/revisions\/17306"}],"up":[{"embeddable":true,"href":"https:\/\/johannes-prassek.de\/index.php?rest_route=\/wp\/v2\/pages\/364"}],"wp:attachment":[{"href":"https:\/\/johannes-prassek.de\/index.php?rest_route=%2Fwp%2Fv2%2Fmedia&parent=6075"}],"curies":[{"name":"wp","href":"https:\/\/api.w.org\/{rel}","templated":true}]}}