{"id":5750,"date":"2020-03-18T00:42:46","date_gmt":"2020-03-17T22:42:46","guid":{"rendered":"https:\/\/www.johannes-prassek.de\/?page_id=5750"},"modified":"2026-04-09T21:40:01","modified_gmt":"2026-04-09T19:40:01","slug":"personalausschuss","status":"publish","type":"page","link":"https:\/\/johannes-prassek.de\/?page_id=5750","title":{"rendered":"Personalausschuss"},"content":{"rendered":"<p>Der Personalausschuss trifft sich am 08.03.2023 zu einer nicht\u00f6ffentlichen Online Sitzung. In dieser Sitzung wird der Personalausschuss beraten, wie es personell nach dem Ausscheiden einer Pfarreisekret\u00e4rin hinsichtlich der Besetzung der SJP-Gemeindeb\u00fcros verfahren werden soll.<\/p>\n\n\n\n<p>Die n\u00e4chste \u00f6ffentliche Sitzung des Personalausschusses &hellip; <a href=\"https:\/\/johannes-prassek.de\/?page_id=5750\" class=\"read-more\" target=\"_blank\">\u00bb weiterlesen <\/a><\/p>","protected":false},"excerpt":{"rendered":"<p>Der Personalausschuss trifft sich am 08.03.2023 zu einer nicht\u00f6ffentlichen Online Sitzung. In dieser Sitzung wird der Personalausschuss beraten, wie es personell nach dem Ausscheiden einer Pfarreisekret\u00e4rin hinsichtlich der Besetzung der SJP-Gemeindeb\u00fcros verfahren werden soll.<\/p>\n\n\n\n<p>Die n\u00e4chste \u00f6ffentliche Sitzung des Personalausschusses &hellip; <a href=\"https:\/\/johannes-prassek.de\/?page_id=5750\" class=\"read-more\" target=\"_blank\">\u00bb weiterlesen <\/a><\/p>","protected":false},"author":1,"featured_media":0,"parent":5742,"menu_order":20,"comment_status":"closed","ping_status":"closed","template":"","meta":{"_uag_custom_page_level_css":"","ngg_post_thumbnail":0,"cybocfi_hide_featured_image":"","footnotes":""},"class_list":["post-5750","page","type-page","status-publish","hentry"],"uagb_featured_image_src":{"full":false,"thumbnail":false,"medium":false,"medium_large":false,"large":false,"1536x1536":false,"2048x2048":false,"post-thumbnail":false,"twentyfourteen-full-width":false,"mailpoet_newsletter_max":false},"uagb_author_info":{"display_name":"wp_admin","author_link":"https:\/\/johannes-prassek.de\/?author=1"},"uagb_comment_info":0,"uagb_excerpt":"Der Personalausschuss trifft sich am 08.03.2023 zu einer nicht\u00f6ffentlichen Online Sitzung. In dieser Sitzung wird der Personalausschuss beraten, wie es personell nach dem Ausscheiden einer Pfarreisekret\u00e4rin hinsichtlich der Besetzung der SJP-Gemeindeb\u00fcros verfahren werden soll. Die n\u00e4chste \u00f6ffentliche Sitzung des Personalausschusses &hellip; \u00bb weiterlesen","publishpress_future_action":{"enabled":false,"date":"2026-05-16 07:59:31","action":"change-status","newStatus":"draft","terms":[],"taxonomy":"","extraData":[]},"publishpress_future_workflow_manual_trigger":{"enabledWorkflows":[]},"_links":{"self":[{"href":"https:\/\/johannes-prassek.de\/index.php?rest_route=\/wp\/v2\/pages\/5750","targetHints":{"allow":["GET"]}}],"collection":[{"href":"https:\/\/johannes-prassek.de\/index.php?rest_route=\/wp\/v2\/pages"}],"about":[{"href":"https:\/\/johannes-prassek.de\/index.php?rest_route=\/wp\/v2\/types\/page"}],"author":[{"embeddable":true,"href":"https:\/\/johannes-prassek.de\/index.php?rest_route=\/wp\/v2\/users\/1"}],"replies":[{"embeddable":true,"href":"https:\/\/johannes-prassek.de\/index.php?rest_route=%2Fwp%2Fv2%2Fcomments&post=5750"}],"version-history":[{"count":9,"href":"https:\/\/johannes-prassek.de\/index.php?rest_route=\/wp\/v2\/pages\/5750\/revisions"}],"predecessor-version":[{"id":17474,"href":"https:\/\/johannes-prassek.de\/index.php?rest_route=\/wp\/v2\/pages\/5750\/revisions\/17474"}],"up":[{"embeddable":true,"href":"https:\/\/johannes-prassek.de\/index.php?rest_route=\/wp\/v2\/pages\/5742"}],"wp:attachment":[{"href":"https:\/\/johannes-prassek.de\/index.php?rest_route=%2Fwp%2Fv2%2Fmedia&parent=5750"}],"curies":[{"name":"wp","href":"https:\/\/api.w.org\/{rel}","templated":true}]}}