{"id":5746,"date":"2020-03-18T00:41:42","date_gmt":"2020-03-17T22:41:42","guid":{"rendered":"https:\/\/www.johannes-prassek.de\/?page_id=5746"},"modified":"2024-12-06T13:36:37","modified_gmt":"2024-12-06T12:36:37","slug":"kita-ausschuss","status":"publish","type":"page","link":"https:\/\/johannes-prassek.de\/?page_id=5746","title":{"rendered":"KiTa-Ausschuss"},"content":{"rendered":"\n<p>Folgende Personen wurden vom Kirchenvorstand am 23.02.2023 in den KiTa-Ausschuss berufen:<\/p>\n\n\n\n<ul class=\"wp-block-list\">\n<li>Regina Kasparek (Vorsitzende)<\/li>\n\n\n\n<li>Stefanie Friese<\/li>\n\n\n\n<li>Annika Georg<\/li>\n\n\n\n<li>Regina Kittel<\/li>\n\n\n\n<li>Thomas Kittel<\/li>\n\n\n\n<li>Sabine Schl\u00f6\u00dfer-Malkowski<\/li>\n\n\n\n<li>Marion Schroeter-Piehl<\/li>\n\n\n\n<li>Angelika Thielemann<\/li>\n<\/ul>\n\n\n\n<p>Den KiTa-Ausschuss k\u00f6nnen sie \u00fcber die Mail-Adresse <a href=\"mailto:kita-ausschuss@johannes-prassek.de\" target=\"_blank\" rel=\"noreferrer noopener\">kita-ausschuss@johannes-prassek.de<\/a> kontaktieren. <\/p>\n\n\n\n<p><strong>F\u00fcr 2025 geplante Sitzungstermine:<\/strong><br>&#8211;<\/p>\n","protected":false},"excerpt":{"rendered":"<p>Folgende Personen wurden vom Kirchenvorstand am 23.02.2023 in den KiTa-Ausschuss berufen: Den KiTa-Ausschuss k\u00f6nnen sie \u00fcber die Mail-Adresse kita-ausschuss@johannes-prassek.de kontaktieren. F\u00fcr 2025 geplante Sitzungstermine:&#8211;<\/p>\n","protected":false},"author":1,"featured_media":0,"parent":5742,"menu_order":40,"comment_status":"closed","ping_status":"closed","template":"","meta":{"_uag_custom_page_level_css":"","ngg_post_thumbnail":0,"cybocfi_hide_featured_image":"","footnotes":""},"class_list":["post-5746","page","type-page","status-publish","hentry"],"uagb_featured_image_src":{"full":false,"thumbnail":false,"medium":false,"medium_large":false,"large":false,"1536x1536":false,"2048x2048":false,"post-thumbnail":false,"twentyfourteen-full-width":false,"mailpoet_newsletter_max":false},"uagb_author_info":{"display_name":"wp_admin","author_link":"https:\/\/johannes-prassek.de\/?author=1"},"uagb_comment_info":0,"uagb_excerpt":"Folgende Personen wurden vom Kirchenvorstand am 23.02.2023 in den KiTa-Ausschuss berufen: Den KiTa-Ausschuss k\u00f6nnen sie \u00fcber die Mail-Adresse kita-ausschuss@johannes-prassek.de kontaktieren. F\u00fcr 2025 geplante Sitzungstermine:&#8211;","publishpress_future_action":{"enabled":false,"date":"2026-05-16 10:59:50","action":"change-status","newStatus":"draft","terms":[],"taxonomy":"","extraData":[]},"publishpress_future_workflow_manual_trigger":{"enabledWorkflows":[]},"_links":{"self":[{"href":"https:\/\/johannes-prassek.de\/index.php?rest_route=\/wp\/v2\/pages\/5746","targetHints":{"allow":["GET"]}}],"collection":[{"href":"https:\/\/johannes-prassek.de\/index.php?rest_route=\/wp\/v2\/pages"}],"about":[{"href":"https:\/\/johannes-prassek.de\/index.php?rest_route=\/wp\/v2\/types\/page"}],"author":[{"embeddable":true,"href":"https:\/\/johannes-prassek.de\/index.php?rest_route=\/wp\/v2\/users\/1"}],"replies":[{"embeddable":true,"href":"https:\/\/johannes-prassek.de\/index.php?rest_route=%2Fwp%2Fv2%2Fcomments&post=5746"}],"version-history":[{"count":11,"href":"https:\/\/johannes-prassek.de\/index.php?rest_route=\/wp\/v2\/pages\/5746\/revisions"}],"predecessor-version":[{"id":15949,"href":"https:\/\/johannes-prassek.de\/index.php?rest_route=\/wp\/v2\/pages\/5746\/revisions\/15949"}],"up":[{"embeddable":true,"href":"https:\/\/johannes-prassek.de\/index.php?rest_route=\/wp\/v2\/pages\/5742"}],"wp:attachment":[{"href":"https:\/\/johannes-prassek.de\/index.php?rest_route=%2Fwp%2Fv2%2Fmedia&parent=5746"}],"curies":[{"name":"wp","href":"https:\/\/api.w.org\/{rel}","templated":true}]}}