{"id":5630,"date":"2020-03-16T03:17:25","date_gmt":"2020-03-16T02:17:25","guid":{"rendered":"https:\/\/www.johannes-prassek.de\/?page_id=5630"},"modified":"2025-04-25T23:19:57","modified_gmt":"2025-04-25T21:19:57","slug":"pfarrkirche-heilig-geist","status":"publish","type":"page","link":"https:\/\/johannes-prassek.de\/?page_id=5630","title":{"rendered":"Heilig Geist Aktuell"},"content":{"rendered":"<p><\/p>\n\n\n\n<hr class=\"wp-block-separator has-alpha-channel-opacity\"\/>\n\n\n\n<p><strong>Tagesordnung:<\/strong><\/p>\n\n\n\n<p><strong>\u00d6ffentlicher Teil:<\/strong><br \/>1. Begr\u00fc\u00dfung und Geistlicher Impuls.<br \/>2. Feststellung der ordnungsgem\u00e4\u00dfen Einladung und der Beschlussf\u00e4higkeit.<br \/>3. Erg\u00e4nzungen und Beschlussfassung zur Tagesordnung mit Festlegung der Punkte unter Verschiedenes.<br \/>4. Genehmigung der Protokolle der PA-Sitzungen 01-2026 vom 26.01.2026 &amp; 02-2026 vom &hellip; <a href=\"https:\/\/johannes-prassek.de\/?page_id=5630\" class=\"read-more\" target=\"_blank\">\u00bb weiterlesen <\/a><\/p>","protected":false},"excerpt":{"rendered":"<p><\/p>\n\n\n\n<hr class=\"wp-block-separator has-alpha-channel-opacity\"\/>\n\n\n\n<p><strong>Tagesordnung:<\/strong><\/p>\n\n\n\n<p><strong>\u00d6ffentlicher Teil:<\/strong><br \/>1. Begr\u00fc\u00dfung und Geistlicher Impuls.<br \/>2. Feststellung der ordnungsgem\u00e4\u00dfen Einladung und der Beschlussf\u00e4higkeit.<br \/>3. Erg\u00e4nzungen und Beschlussfassung zur Tagesordnung mit Festlegung der Punkte unter Verschiedenes.<br \/>4. Genehmigung der Protokolle der PA-Sitzungen 01-2026 vom 26.01.2026 &amp; 02-2026 vom &hellip; <a href=\"https:\/\/johannes-prassek.de\/?page_id=5630\" class=\"read-more\" target=\"_blank\">\u00bb weiterlesen <\/a><\/p>","protected":false},"author":1,"featured_media":0,"parent":107,"menu_order":0,"comment_status":"closed","ping_status":"closed","template":"","meta":{"_uag_custom_page_level_css":"","ngg_post_thumbnail":0,"cybocfi_hide_featured_image":"","footnotes":""},"class_list":["post-5630","page","type-page","status-publish","hentry"],"uagb_featured_image_src":{"full":false,"thumbnail":false,"medium":false,"medium_large":false,"large":false,"1536x1536":false,"2048x2048":false,"post-thumbnail":false,"twentyfourteen-full-width":false,"mailpoet_newsletter_max":false},"uagb_author_info":{"display_name":"wp_admin","author_link":"https:\/\/johannes-prassek.de\/?author=1"},"uagb_comment_info":0,"uagb_excerpt":"Tagesordnung: \u00d6ffentlicher Teil:1. Begr\u00fc\u00dfung und Geistlicher Impuls.2. Feststellung der ordnungsgem\u00e4\u00dfen Einladung und der Beschlussf\u00e4higkeit.3. Erg\u00e4nzungen und Beschlussfassung zur Tagesordnung mit Festlegung der Punkte unter Verschiedenes.4. Genehmigung der Protokolle der PA-Sitzungen 01-2026 vom 26.01.2026 &amp; 02-2026 vom &hellip; \u00bb weiterlesen","publishpress_future_action":{"enabled":false,"date":"2026-04-21 08:43:47","action":"change-status","newStatus":"draft","terms":[],"taxonomy":"","extraData":[]},"publishpress_future_workflow_manual_trigger":{"enabledWorkflows":[]},"_links":{"self":[{"href":"https:\/\/johannes-prassek.de\/index.php?rest_route=\/wp\/v2\/pages\/5630","targetHints":{"allow":["GET"]}}],"collection":[{"href":"https:\/\/johannes-prassek.de\/index.php?rest_route=\/wp\/v2\/pages"}],"about":[{"href":"https:\/\/johannes-prassek.de\/index.php?rest_route=\/wp\/v2\/types\/page"}],"author":[{"embeddable":true,"href":"https:\/\/johannes-prassek.de\/index.php?rest_route=\/wp\/v2\/users\/1"}],"replies":[{"embeddable":true,"href":"https:\/\/johannes-prassek.de\/index.php?rest_route=%2Fwp%2Fv2%2Fcomments&post=5630"}],"version-history":[{"count":10,"href":"https:\/\/johannes-prassek.de\/index.php?rest_route=\/wp\/v2\/pages\/5630\/revisions"}],"predecessor-version":[{"id":16425,"href":"https:\/\/johannes-prassek.de\/index.php?rest_route=\/wp\/v2\/pages\/5630\/revisions\/16425"}],"up":[{"embeddable":true,"href":"https:\/\/johannes-prassek.de\/index.php?rest_route=\/wp\/v2\/pages\/107"}],"wp:attachment":[{"href":"https:\/\/johannes-prassek.de\/index.php?rest_route=%2Fwp%2Fv2%2Fmedia&parent=5630"}],"curies":[{"name":"wp","href":"https:\/\/api.w.org\/{rel}","templated":true}]}}