{"id":5474,"date":"2020-03-01T04:33:14","date_gmt":"2020-03-01T02:33:14","guid":{"rendered":"https:\/\/www.johannes-prassek.de\/?page_id=5474"},"modified":"2025-12-24T12:00:18","modified_gmt":"2025-12-24T11:00:18","slug":"willkommen","status":"publish","type":"page","link":"https:\/\/johannes-prassek.de\/","title":{"rendered":"Willkommen"},"content":{"rendered":"<a href=\"https:\/\/heilig-kreuz-volksdorf.de\/wp-content\/uploads\/sites\/5\/2025\/12\/Ansprache-Weihnachtsvesper-2025-HP.pdf\" target=\"_blank\" rel=\"noopener\"><img loading=\"lazy\" decoding=\"async\" class=\"alignleft  wp-image-7324\" src=\"https:\/\/heilig-kreuz-volksdorf.de\/wp-content\/uploads\/sites\/5\/2025\/12\/Weihnachtskrippe_Scherenschnitt.png\" alt=\"\" width=\"252\" height=\"357\" \/><\/a>\n\nDie Weihnachtsgeschichte, &#8211; jedes Jahr die Geburt Jesu, &#8211; wir h\u00f6ren sie gern, Gegen alle widrigen Umst\u00e4nde wird hier ein Kind geboren. Das r\u00fchrt uns. Wer ein Neugeborenes anschaut und in H\u00e4nden h\u00e4lt, wei\u00df etwas von dem Zauber, dem Wunder,&hellip; <a href=\"https:\/\/johannes-prassek.de\/\" class=\"read-more\" target=\"_blank\">\u00bb weiterlesen <\/a>","protected":false},"excerpt":{"rendered":"<p><a href=\"https:\/\/heilig-kreuz-volksdorf.de\/wp-content\/uploads\/sites\/5\/2025\/12\/Ansprache-Weihnachtsvesper-2025-HP.pdf\" target=\"_blank\" rel=\"noopener\"><img loading=\"lazy\" decoding=\"async\" class=\"alignleft  wp-image-7324\" src=\"https:\/\/heilig-kreuz-volksdorf.de\/wp-content\/uploads\/sites\/5\/2025\/12\/Weihnachtskrippe_Scherenschnitt.png\" alt=\"\" width=\"252\" height=\"357\" \/><\/a><\/p>\n<p>Die Weihnachtsgeschichte, &#8211; jedes Jahr die Geburt Jesu, &#8211; wir h\u00f6ren sie gern, Gegen alle widrigen Umst\u00e4nde wird hier ein Kind geboren. Das r\u00fchrt uns. Wer ein Neugeborenes anschaut und in H\u00e4nden h\u00e4lt, wei\u00df etwas von dem Zauber, dem Wunder, &hellip; <a href=\"https:\/\/johannes-prassek.de\/\" class=\"read-more\" target=\"_blank\">\u00bb weiterlesen <\/a><\/p>","protected":false},"author":1,"featured_media":0,"parent":0,"menu_order":1,"comment_status":"closed","ping_status":"closed","template":"","meta":{"_uag_custom_page_level_css":"","ngg_post_thumbnail":0,"cybocfi_hide_featured_image":"","footnotes":""},"class_list":["post-5474","page","type-page","status-publish","hentry"],"uagb_featured_image_src":{"full":false,"thumbnail":false,"medium":false,"medium_large":false,"large":false,"1536x1536":false,"2048x2048":false,"post-thumbnail":false,"twentyfourteen-full-width":false,"mailpoet_newsletter_max":false},"uagb_author_info":{"display_name":"wp_admin","author_link":"https:\/\/johannes-prassek.de\/?author=1"},"uagb_comment_info":0,"uagb_excerpt":"Die Weihnachtsgeschichte, &#8211; jedes Jahr die Geburt Jesu, &#8211; wir h\u00f6ren sie gern, Gegen alle widrigen Umst\u00e4nde wird hier ein Kind geboren. Das r\u00fchrt uns. Wer ein Neugeborenes anschaut und in H\u00e4nden h\u00e4lt, wei\u00df etwas von dem Zauber, dem Wunder, &hellip; \u00bb weiterlesen","publishpress_future_action":{"enabled":false,"date":"2026-05-22 12:36:47","action":"change-status","newStatus":"draft","terms":[],"taxonomy":"","extraData":[]},"publishpress_future_workflow_manual_trigger":{"enabledWorkflows":[]},"_links":{"self":[{"href":"https:\/\/johannes-prassek.de\/index.php?rest_route=\/wp\/v2\/pages\/5474","targetHints":{"allow":["GET"]}}],"collection":[{"href":"https:\/\/johannes-prassek.de\/index.php?rest_route=\/wp\/v2\/pages"}],"about":[{"href":"https:\/\/johannes-prassek.de\/index.php?rest_route=\/wp\/v2\/types\/page"}],"author":[{"embeddable":true,"href":"https:\/\/johannes-prassek.de\/index.php?rest_route=\/wp\/v2\/users\/1"}],"replies":[{"embeddable":true,"href":"https:\/\/johannes-prassek.de\/index.php?rest_route=%2Fwp%2Fv2%2Fcomments&post=5474"}],"version-history":[{"count":10,"href":"https:\/\/johannes-prassek.de\/index.php?rest_route=\/wp\/v2\/pages\/5474\/revisions"}],"predecessor-version":[{"id":17192,"href":"https:\/\/johannes-prassek.de\/index.php?rest_route=\/wp\/v2\/pages\/5474\/revisions\/17192"}],"wp:attachment":[{"href":"https:\/\/johannes-prassek.de\/index.php?rest_route=%2Fwp%2Fv2%2Fmedia&parent=5474"}],"curies":[{"name":"wp","href":"https:\/\/api.w.org\/{rel}","templated":true}]}}