{"id":5018,"date":"2020-01-19T05:40:14","date_gmt":"2020-01-19T04:40:14","guid":{"rendered":"https:\/\/www.johannes-prassek.de\/?page_id=5018"},"modified":"2022-05-24T01:12:39","modified_gmt":"2022-05-23T23:12:39","slug":"magnificat-togo-chor-mtc-in-heilig-geist","status":"publish","type":"page","link":"https:\/\/johannes-prassek.de\/?page_id=5018","title":{"rendered":"Magnificat Togo Chor (MTC) in Heilig Geist"},"content":{"rendered":"<p>Hamburg &#8211; das Tor der Welt. <a href=\"https:\/\/prassek.ansgar-portal.de\/wp-content\/uploads\/sites\/2\/2020\/01\/togo.jpg\"><img loading=\"lazy\" decoding=\"async\" class=\" wp-image-5019 alignright\" src=\"https:\/\/prassek.ansgar-portal.de\/wp-content\/uploads\/sites\/2\/2020\/01\/togo.jpg\" alt=\"\" width=\"224\" height=\"299\" srcset=\"https:\/\/johannes-prassek.de\/wp-content\/uploads\/2020\/01\/togo.jpg 960w, https:\/\/johannes-prassek.de\/wp-content\/uploads\/2020\/01\/togo-225x300.jpg 225w, https:\/\/johannes-prassek.de\/wp-content\/uploads\/2020\/01\/togo-768x1024.jpg 768w\" sizes=\"auto, (max-width: 224px) 100vw, 224px\" \/><\/a>Hier finden sich viele Nationalit\u00e4ten und Kulturen. Nat\u00fcrlich auch viele verschiedene Religionen. Unter den afrikanisch abstammenden Migranten finden sich ebenfalls viele Religionen aber auch viele r\u00f6misch-katholisch Christen. Der Magnificat-Togo-Chor hat viele Mitglieder aus Togo, wie der Name verr\u00e4t. Einem Land, in dem sich unter anderem viele Christen befinden. Aber auch Menschen aus ganz Afrika, die zum Christentum geh\u00f6ren sind Mitglieder in dem Chor. Andere L\u00e4nder, andere Sitten? Auch hier l\u00e4sst sich dieses Sprichwort nat\u00fcrlich anwenden und auch in der Art den Gottesdienst zu gestalten. Viel Gesang, traditionelle Musik und Instrumente geben dem Gottesdienst eine andere W\u00fcrze. Um hier in Deutschland ein St\u00fcck Heimat herzubringen, haben wir den Chor gegr\u00fcndet um auf unsere altbekannte, musikalische Art und Weise Gott weiter loben und preisen zu k\u00f6nnen. Aber Ihnen auch Bekanntes wird Sie in unserer Gottesdienstgestaltung begegnen, da auch viele Lieder aus dem Gotteslob in unserer Heimatsprache MINA\/EWE \u00fcbersetzt worden sind. Zudem sind wir auch in der musikalischen Gestaltung bei Hochzeiten, Taufen, Geburtstagen oder andere Anl\u00e4sse zu finden. Proben tun wir jeden 2. Sonntag in unserer beheimateten Kirche Heilig Geist in Farmsen.<\/p>\n<p>Lassen Sie sich gerne einmal in die vielleicht Ihnen noch unbekannte Welt \u201eentf\u00fchren\u201c. Wir freuen uns dar\u00fcber immer mehr Menschen davon zu berichten. Je mehr Leute die Frohe Botschaft Gottes h\u00f6ren und einstimmen, desto besser.<\/p>\n","protected":false},"excerpt":{"rendered":"<p>Hamburg &#8211; das Tor der Welt. Hier finden sich viele Nationalit\u00e4ten und Kulturen. Nat\u00fcrlich auch viele verschiedene Religionen. Unter den afrikanisch abstammenden Migranten finden sich ebenfalls viele Religionen aber auch viele r\u00f6misch-katholisch Christen. Der Magnificat-Togo-Chor hat viele Mitglieder aus Togo, wie der Name verr\u00e4t. Einem Land, in dem sich unter anderem viele Christen befinden. Aber &hellip; <a href=\"https:\/\/johannes-prassek.de\/?page_id=5018\" class=\"more-link\"><span class=\"screen-reader-text\">Magnificat Togo Chor (MTC) in Heilig Geist<\/span> weiterlesen <span class=\"meta-nav\">&rarr;<\/span><\/a><\/p>\n","protected":false},"author":1,"featured_media":0,"parent":5004,"menu_order":5,"comment_status":"closed","ping_status":"closed","template":"","meta":{"_uag_custom_page_level_css":"","ngg_post_thumbnail":0,"cybocfi_hide_featured_image":"","footnotes":""},"class_list":["post-5018","page","type-page","status-publish","hentry"],"uagb_featured_image_src":{"full":false,"thumbnail":false,"medium":false,"medium_large":false,"large":false,"1536x1536":false,"2048x2048":false,"post-thumbnail":false,"twentyfourteen-full-width":false,"mailpoet_newsletter_max":false},"uagb_author_info":{"display_name":"wp_admin","author_link":"https:\/\/johannes-prassek.de\/?author=1"},"uagb_comment_info":0,"uagb_excerpt":"Hamburg &#8211; das Tor der Welt. Hier finden sich viele Nationalit\u00e4ten und Kulturen. Nat\u00fcrlich auch viele verschiedene Religionen. Unter den afrikanisch abstammenden Migranten finden sich ebenfalls viele Religionen aber auch viele r\u00f6misch-katholisch Christen. Der Magnificat-Togo-Chor hat viele Mitglieder aus Togo, wie der Name verr\u00e4t. Einem Land, in dem sich unter anderem viele Christen befinden. Aber&hellip;","publishpress_future_action":{"enabled":false,"date":"2026-05-16 14:05:17","action":"change-status","newStatus":"draft","terms":[],"taxonomy":"","extraData":[]},"publishpress_future_workflow_manual_trigger":{"enabledWorkflows":[]},"_links":{"self":[{"href":"https:\/\/johannes-prassek.de\/index.php?rest_route=\/wp\/v2\/pages\/5018","targetHints":{"allow":["GET"]}}],"collection":[{"href":"https:\/\/johannes-prassek.de\/index.php?rest_route=\/wp\/v2\/pages"}],"about":[{"href":"https:\/\/johannes-prassek.de\/index.php?rest_route=\/wp\/v2\/types\/page"}],"author":[{"embeddable":true,"href":"https:\/\/johannes-prassek.de\/index.php?rest_route=\/wp\/v2\/users\/1"}],"replies":[{"embeddable":true,"href":"https:\/\/johannes-prassek.de\/index.php?rest_route=%2Fwp%2Fv2%2Fcomments&post=5018"}],"version-history":[{"count":1,"href":"https:\/\/johannes-prassek.de\/index.php?rest_route=\/wp\/v2\/pages\/5018\/revisions"}],"predecessor-version":[{"id":11947,"href":"https:\/\/johannes-prassek.de\/index.php?rest_route=\/wp\/v2\/pages\/5018\/revisions\/11947"}],"up":[{"embeddable":true,"href":"https:\/\/johannes-prassek.de\/index.php?rest_route=\/wp\/v2\/pages\/5004"}],"wp:attachment":[{"href":"https:\/\/johannes-prassek.de\/index.php?rest_route=%2Fwp%2Fv2%2Fmedia&parent=5018"}],"curies":[{"name":"wp","href":"https:\/\/api.w.org\/{rel}","templated":true}]}}