{"id":5000,"date":"2020-01-19T05:29:28","date_gmt":"2020-01-19T04:29:28","guid":{"rendered":"https:\/\/www.johannes-prassek.de\/?page_id=5000"},"modified":"2022-05-24T01:13:00","modified_gmt":"2022-05-23T23:13:00","slug":"geschichte-von-heilig-geist","status":"publish","type":"page","link":"https:\/\/johannes-prassek.de\/?page_id=5000","title":{"rendered":"Geschichte von Heilig Geist"},"content":{"rendered":"<p>Einem Bericht des fr\u00fcheren Kirchenvorstandsmitgliedes Herrn <a href=\"https:\/\/prassek.ansgar-portal.de\/wp-content\/uploads\/sites\/2\/2020\/01\/glockenturm.jpg\"><img loading=\"lazy\" decoding=\"async\" class=\" wp-image-5001 alignright\" src=\"https:\/\/prassek.ansgar-portal.de\/wp-content\/uploads\/sites\/2\/2020\/01\/glockenturm.jpg\" alt=\"\" width=\"184\" height=\"289\" srcset=\"https:\/\/johannes-prassek.de\/wp-content\/uploads\/2020\/01\/glockenturm.jpg 300w, https:\/\/johannes-prassek.de\/wp-content\/uploads\/2020\/01\/glockenturm-191x300.jpg 191w\" sizes=\"auto, (max-width: 184px) 100vw, 184px\" \/><\/a>Allary aus dem Jahre 2002 entnehmen wir manche der folgenden Informationen:<\/p>\n<p>Am 1.7.1970 wurde die Kirchengemeinde Heilig Geist errichtet. Dieses Datum ist der offizielle Beginn unserer Gemeinde, begonnen hat alles jedoch schon viel fr\u00fcher: Als meine Familie 1964 nach Farmsen Berne zog, geh\u00f6rte das heutige Farmsen zur Gemeinde St. Wilhelm in Bramfeld. Ab 1957 fand in Farmsen ein eigener Sonntagsgottesdienst statt, zun\u00e4chst im Versorgungsheim, dann in den damaligen Tina-Lichtspiele (heutige Einkaufszentrum Farmsen) und ab 1964 in der Erl\u00f6serkirche am Bramfelder Weg. Die Zahl der Katholiken wuchs st\u00e4ndig; der zust\u00e4ndige Pfarrer Alberti wandte sich deshalb an den Osnabr\u00fccker Bischof mit der Bitte, die Gemeinde zu verselbst\u00e4ndigen. Der Bischof entsprach dieser Bitte. Zun\u00e4chst wurde der Seelsorgebezirk Farmsen eingerichtet, dessen Betreuung die Pallottiner \u00fcbernahmen, die schon seit 1921 im Raphaelsverein in Hamburg seelsorglich t\u00e4tig waren und zu diesem Zeitpunkt schon im benachbarten Rahlstedt die Seelsorge inne hatten. Zum 1.11.1967 wurde Pater Werner Meyer SAC zum Pastor des Seelsorgebezirks 6 bestellt. Dies war die eigentliche Geburtsstunde der neuen Gemeinde.<\/p>\n<p>Auf dem f\u00fcr das Gemeindezentrum vorgesehenen Grundst\u00fcck Rahlstedter Weg 13 \/ 15 war zwischenzeitlich als erstes Geb\u00e4ude die katholische Grundschule fertiggestellt worden. Hier richteten wir unseren ersten Gottesdienstraum ein. Ich erinnere mich noch gut an die Messen in dem kleinen Klassenraum; der Raum war voll, die Luft stickig; und doch waren wir gl\u00fccklich, unseren eigenen Gottesdienstraum zu haben. Die unmittelbare N\u00e4he zum Altar und zum Priester gestatteten eine besondere intime Mitfeier der heiligen Messen. Die stetig anwachsende Zahl der Gottesdienstbesucher erforderte jedoch eine andere L\u00f6sung.<\/p>\n<p>Im Dezember 1968 wurde der heutige Gemeindesaal als Notkirche geweiht. Hier blieben wir bis zum Kirchenneubau. Das Gemeindeleben wurde dank der Bem\u00fchungen von Pastor Meyer und zahlreicher Gemeindemitglieder der ersten Stunde auch au\u00dferhalb der Gottesdienste aktiviert. So wurde bereits 1968 der Kirchenchor gegr\u00fcndet, fanden Gemeindefeste statt, entstanden Jugend-und Erwachsenenkreise.<\/p>\n<p>Der Mangel an geeigneten Gemeinder\u00e4umen lie\u00df jedoch bald manche Initiative wieder erlahmen. Deshalb dr\u00e4ngte der nach der Errichtung der Heilig Geist Gemeinde gew\u00e4hlte erste Kirchenvorstand den Verband der R\u00f6m. Kath. Gemeinden Hamburgs auf Vollendung der Gemeinder\u00e4ume. Anfang 1974 werden (die) neue(n) Gemeinder\u00e4ume fertig und als H\u00f6hepunkt des Gemeindelebens konnten wir am 15. Dezember 1974 die Grundsteinlegung unserer neuen Kirche und des Pfarrhauses feiern.<\/p>\n<p>Nach nur einj\u00e4hriger Bauzeit wurde unsere Kirche am 29. November 1975 durch Weihbischof Dr. Brandenburg geweiht. Schnell hatten wir uns an das moderne Gotteshaus, das von Architekt Karlheinz Bargholz entworfen war, gew\u00f6hnt. Auch f\u00fcr Au\u00dfenstehende stellen unsere Kunstglasfenster vom Glasmaler Wilhelm Buschulte eine Sehensw\u00fcrdigkeit dar. Die Entw\u00fcrfe f\u00fcr das Glockenspiel, die liturgische Inneneinrichtung und die Reliefs an der Au\u00dfenwand stammen vom Berliner Bildhauer Paul Brandenburg. Dank gro\u00dfer Sonderopfer der damaligen Gemeindemitglieder konnte die Innenausstattung der Kirche und sp\u00e4ter der Bau der Orgel finanziert werden.<\/p>\n<p>Zu einer funktionierenden Gemeinde geh\u00f6ren zu allererst die Past\u00f6re . Der bereits erw\u00e4hnte Pater Meyer wurde nach fast 19j\u00e4hriger T\u00e4tigkeit im April 1986 von seinen Oberen abberufen. Diejenigen, die ihn kannten, denken auch heute noch manchmal gern an ihn. In den schwierigen Anfangsjahren lernten wir neben seinen pastoralen F\u00e4higkeiten seine Tatkraft und seinen Einsatzwillen f\u00fcr die praktischen und realen Fragen der Gemeinde sch\u00e4tzen.<\/p>\n<p>Von 1986 bis 1991 leitete Pater Ferdinand Kerstin SAC unsere Gemeinde. Er legte gro\u00dfen Wert auf die genaue Ausf\u00fchrung der Liturgie und auf individuelle, seelsorgliche Betreuung.<\/p>\n<p>Ab Januar 1992 bis Sommer 2010 stand dann Pater Karl Schmickler SAC an der Spitze von Heilig Geist Farmsen. Unter seiner Leitung ist das Gemeindeleben neu erbl\u00fcht. Als geb\u00fcrtiger Rheinl\u00e4nder verstand er es, die Menschen zu nehmen und gen\u00fcgend Anl\u00e4sse zu finden, sie \u00fcber die Feier des Gottesdienstes hinaus immer wieder zusammen zu bringen. Der Innenhof zwischen Kirche und Pfarrhaus bot sich immer wieder als idealer Platz f\u00fcr eine geplante oder spontane Feier an, bei der unser Pastor \u00fcber alle Ma\u00dfen pers\u00f6nlich engagiert war.<\/p>\n<p><a class=\"fancybox\" href=\"http:\/\/www.heilig-geist-farmsen.de\/img\/pallottihalle-im-bau.jpg\" rel=\"group\"><img loading=\"lazy\" decoding=\"async\" class=\"alignright\" src=\"http:\/\/www.heilig-geist-farmsen.de\/img\/pallottihalle-im-bau.jpg\" alt=\"Pallottihalle im Bau\" width=\"273\" height=\"191\"><\/a><\/p>\n<p>Die Gemeindemitglieder waren gern in seinen Gottesdiensten, die er lebendig und anschaulich gestaltete. Seine Predigten waren einfach und klar, f\u00fcr jeden verst\u00e4ndlich. Die Zahl der Gottesdienstbesucher war nun an manchen Sonntagen so gro\u00df, dass der vorhandene Kirchenraum nicht ausreicht. Deshalb entstanden nach mehr als drei Jahren \u00dcberlegungen, den Innenhof zu \u00fcberdachen und eine \u00d6ffnung zur Kirche hin zu schaffen und gleichzeitig einen Versammlungsraum direkt bei der Kirche zu haben. Nach vielen Besprechungen, Planungen und \u00dcberlegungen in Kirchenvorstand und bei der Baubeh\u00f6rde im Erzbistum konnte eine elegante Stahl-Holz und Glasbaukonstruktion durch die Firma Sonnenbau geschaffen werden. Anfang November 2001 konnten wir die Einweihung des \u00fcberdachten Innenhofes feiern. Zu danken ist vor allem dem Engagement der Gemeindemitglieder, sowohl derjenigen, die aktiv am Bau mitgewirkt haben, als auch denjenigen, sie durch ihre Spenden den Bau finanziell unterst\u00fctzt haben. Sie alle haben sich um unsere Gemeinde verdient gemacht. Ich war jetzt drei\u00dfig Jahre lang in Kirchenvorstand t\u00e4tig, jetzt m\u00fcssen j\u00fcngere die Arbeit weiterf\u00fchren.<\/p>\n<p>Norbert Allary<\/p>\n<p class=\"italic\">Herr Klapheck vervollst\u00e4ndigte diese Chronik im Jahr 2011:<\/p>\n<p>Pater Schmickler hat im August 2010 zum Bedauern aller die Gemeinde verlassen und im Pallotti-Haus in M\u00fcnchen-Freising eine neue, ruhigere Aufgabe \u00fcbernommen. In den 18 Jahren seiner Amtszeit hat er Hl. Geist zu einer lebendigen Gemeinde ausgebaut. Seine vielen Initiativen, sei es die sichtbare Plakatierung der Kirchenau\u00dfenwand oder der Kreuzweg durch Farmsen oder die F\u00f6rderung der Messdiener- und Pfadfindergruppen und verschiedener Erwachsenenkreise, will die Gemeinde erhalten und ausbauen.<\/p>\n<p>Mit dem Weggang von Pater Schmickler wurde sofort sein Nachfolger, der junge Pater Christoph Lewinski SAC, eingef\u00fchrt. Er hat sich sehr schnell mit den Mitgliedern und den hiesigen Begebenheiten vertraut gemacht. Er blieb unser Pfarradministrator bis zum 31. Dezember 2011 und wechselte ebenfalls ins Pallotti-Haus in M\u00fcnchen-Freising. Dort arbeitet er in der Pfarrseelsorge und macht berufsbegleitend eine psychologische Ausbildung. K-H.Klapheck<\/p>\n<p>Das Erzbistum Hamburg hat im Januar 2011 verf\u00fcgt, dass die Gemeinde mit vier weiteren Nachbargemeinden zu einem sog. Pastoralen Raum zusammengef\u00fchrt wird, um dem sp\u00fcrbaren Priestermangel zu begegnen. Das bedeutet f\u00fcr die Zukunft, dass das Gemeindeleben verst\u00e4rkt durch die Mitglieder selbst angetrieben wird.<\/p>\n<p class=\"italic\">Weitere Erg\u00e4nzungen ab dem Jahr 2012:<\/p>\n<p>Zum 1. Januar 2012 wurden gleicherma\u00dfen f\u00fcr Heilig Geist in Farmsen P. Hans-Joachim Winkens SAC zum Pfarradministrator, P. Dr. Andrzej Kozdroj SAC zum Pastor und P. Roman Fries SAC zum Kaplan ernannt. Alle drei Mitbr\u00fcder sind zugleich Pfarrer, Pastor und Kaplan in Mari\u00e4 Himmelfahrt in Rahlstedt. Zusammen mit den Gemeindereferentinnen und den Diakonen mit Zivilberuf stellen sie das Seelsorgeteam in beiden Pfarrgemeinden. Nicht vergessen werden darf hier P. Benno Schator SAC, der seit 2006 Seelsorger im Seniorenzentrum Elisabethhaus in Farmsen ist.<\/p>\n<p>2012 gab es aber weitere personelle Ver\u00e4nderungen: P. Benno Schator SAC wurde zum 30. April 2012 als Seelsorger im Elisabeth-Haus pensioniert. Er zog um ins Pfarrhaus Mari\u00e4 Himmelfahrt in Rahlstedt und feiert regelm\u00e4\u00dfig die Gottesdienste im Wilhelmstift. Sein Nachfolger im Elisabeth-Haus wurde zum 1. Mai 2012 Pastor P. Heinz Goldkuhle SAC. Nachdem Pastor P. Dr. Andrezej Kozdroj SAC und Kaplan P. Fries SAC zum 31. August 2012 verabschiedet wurden, kam P. Christian Stumpf SAC neu zu uns und wurde zum 1. September 2012 als Pastor in der Pfarrei eingef\u00fchrt. Am 1. Juni 2013 kam als weiterer Pastor P. Marek Maliszewski SAC in unsere Pfarrei. Inzwischen sind wir im Pastoralen Raum Hamburg Nordost schon ins dritte Jahr der Entwicklung eingestiegen. Am 29. Juni 2014 wird die Errichtung der neuen Pfarrei sein.<\/p>\n","protected":false},"excerpt":{"rendered":"<p>Einem Bericht des fr\u00fcheren Kirchenvorstandsmitgliedes Herrn Allary aus dem Jahre 2002 entnehmen wir manche der folgenden Informationen: Am 1.7.1970 wurde die Kirchengemeinde Heilig Geist errichtet. Dieses Datum ist der offizielle Beginn unserer Gemeinde, begonnen hat alles jedoch schon viel fr\u00fcher: Als meine Familie 1964 nach Farmsen Berne zog, geh\u00f6rte das heutige Farmsen zur Gemeinde St. &hellip; <a href=\"https:\/\/johannes-prassek.de\/?page_id=5000\" class=\"more-link\"><span class=\"screen-reader-text\">Geschichte von Heilig Geist<\/span> weiterlesen <span class=\"meta-nav\">&rarr;<\/span><\/a><\/p>\n","protected":false},"author":1,"featured_media":0,"parent":107,"menu_order":20,"comment_status":"closed","ping_status":"closed","template":"","meta":{"_uag_custom_page_level_css":"","ngg_post_thumbnail":0,"cybocfi_hide_featured_image":"","footnotes":""},"class_list":["post-5000","page","type-page","status-publish","hentry"],"uagb_featured_image_src":{"full":false,"thumbnail":false,"medium":false,"medium_large":false,"large":false,"1536x1536":false,"2048x2048":false,"post-thumbnail":false,"twentyfourteen-full-width":false,"mailpoet_newsletter_max":false},"uagb_author_info":{"display_name":"wp_admin","author_link":"https:\/\/johannes-prassek.de\/?author=1"},"uagb_comment_info":0,"uagb_excerpt":"Einem Bericht des fr\u00fcheren Kirchenvorstandsmitgliedes Herrn Allary aus dem Jahre 2002 entnehmen wir manche der folgenden Informationen: Am 1.7.1970 wurde die Kirchengemeinde Heilig Geist errichtet. Dieses Datum ist der offizielle Beginn unserer Gemeinde, begonnen hat alles jedoch schon viel fr\u00fcher: Als meine Familie 1964 nach Farmsen Berne zog, geh\u00f6rte das heutige Farmsen zur Gemeinde St.&hellip;","publishpress_future_action":{"enabled":false,"date":"2026-05-16 12:34:57","action":"change-status","newStatus":"draft","terms":[],"taxonomy":"","extraData":[]},"publishpress_future_workflow_manual_trigger":{"enabledWorkflows":[]},"_links":{"self":[{"href":"https:\/\/johannes-prassek.de\/index.php?rest_route=\/wp\/v2\/pages\/5000","targetHints":{"allow":["GET"]}}],"collection":[{"href":"https:\/\/johannes-prassek.de\/index.php?rest_route=\/wp\/v2\/pages"}],"about":[{"href":"https:\/\/johannes-prassek.de\/index.php?rest_route=\/wp\/v2\/types\/page"}],"author":[{"embeddable":true,"href":"https:\/\/johannes-prassek.de\/index.php?rest_route=\/wp\/v2\/users\/1"}],"replies":[{"embeddable":true,"href":"https:\/\/johannes-prassek.de\/index.php?rest_route=%2Fwp%2Fv2%2Fcomments&post=5000"}],"version-history":[{"count":1,"href":"https:\/\/johannes-prassek.de\/index.php?rest_route=\/wp\/v2\/pages\/5000\/revisions"}],"predecessor-version":[{"id":11950,"href":"https:\/\/johannes-prassek.de\/index.php?rest_route=\/wp\/v2\/pages\/5000\/revisions\/11950"}],"up":[{"embeddable":true,"href":"https:\/\/johannes-prassek.de\/index.php?rest_route=\/wp\/v2\/pages\/107"}],"wp:attachment":[{"href":"https:\/\/johannes-prassek.de\/index.php?rest_route=%2Fwp%2Fv2%2Fmedia&parent=5000"}],"curies":[{"name":"wp","href":"https:\/\/api.w.org\/{rel}","templated":true}]}}