{"id":4818,"date":"2019-12-28T14:36:48","date_gmt":"2019-12-28T13:36:48","guid":{"rendered":"https:\/\/www.johannes-prassek.de\/?page_id=4818"},"modified":"2022-05-24T01:10:18","modified_gmt":"2022-05-23T23:10:18","slug":"fluechtlingsarbeit-in-st-wilhelm","status":"publish","type":"page","link":"https:\/\/johannes-prassek.de\/?page_id=4818","title":{"rendered":"Fl\u00fcchtlingsarbeit in St. Wilhelm"},"content":{"rendered":"<p><strong>Fl\u00fcchtlingsarbeit Gemeinde St. Wilhelm<\/strong><\/p>\n<p>Im Fr\u00fchjahr 2016 trafen sich Gemeindemitglieder zu einem Unterst\u00fctzerkreis und die Gemeindekonferenz beschloss, dass St. Wilhelm ein aktiver Partner bei <em>Bramfeld-hilft<\/em> w\u00fcrde, ein Zusammenschluss von Helfern f\u00fcr die neue Unterkunft am Moosrosenweg. Da diese relativ weit entfernt lag, wurden in unseren Gemeinder\u00e4umen keine eigenen Aktivit\u00e4ten angeboten, sondern die Ehrenamtlichen engagierten sich auf vielf\u00e4ltige Weise als Paten oder in bestehenden Angeboten. Durch gute Vernetzung konnte bei Anfragen nach Unterst\u00fctzung bisher immer geholfen werden.<\/p>\n<p>Im vergangenen Jahr sind die Zahlen der in Hamburg neu unterzubringenden Fl\u00fcchtlinge gesunken und statt der akuten Nothilfe steht seither die Hilfe zur Integration der Neub\u00fcrger in Stadtteil und Arbeitsmarkt im Vordergrund: Bewerbungen, individuelle Sprachf\u00f6rderung, Begleitung bei Wohnungssuche zum Beispiel. Die Unterkunft Moosrosenweg wurde im Mai 2019 geschlossen, etliche Familien haben im Umfeld eine Wohnung beziehen k\u00f6nnen und so wollen wir uns weiter engagieren f\u00fcr Gefl\u00fcchtete, Migranten und Neub\u00fcrger im Stadtteil. Sie sind willkommen dabei mitzuwirken, sprechen Sie mich gerne an!<\/p>\n<p>Ursula\u00a0Jantzen<br \/>\nThemenverantwortliche Fl\u00fcchtlingsarbeit St.Wilhelm-Bramfeld<\/p>\n","protected":false},"excerpt":{"rendered":"<p>Fl\u00fcchtlingsarbeit Gemeinde St. Wilhelm Im Fr\u00fchjahr 2016 trafen sich Gemeindemitglieder zu einem Unterst\u00fctzerkreis und die Gemeindekonferenz beschloss, dass St. Wilhelm ein aktiver Partner bei Bramfeld-hilft w\u00fcrde, ein Zusammenschluss von Helfern f\u00fcr die neue Unterkunft am Moosrosenweg. Da diese relativ weit entfernt lag, wurden in unseren Gemeinder\u00e4umen keine eigenen Aktivit\u00e4ten angeboten, sondern die Ehrenamtlichen engagierten sich &hellip; <a href=\"https:\/\/johannes-prassek.de\/?page_id=4818\" class=\"more-link\"><span class=\"screen-reader-text\">Fl\u00fcchtlingsarbeit in St. Wilhelm<\/span> weiterlesen <span class=\"meta-nav\">&rarr;<\/span><\/a><\/p>\n","protected":false},"author":1,"featured_media":0,"parent":4625,"menu_order":50,"comment_status":"closed","ping_status":"closed","template":"","meta":{"_uag_custom_page_level_css":"","ngg_post_thumbnail":0,"cybocfi_hide_featured_image":"","footnotes":""},"class_list":["post-4818","page","type-page","status-publish","hentry"],"uagb_featured_image_src":{"full":false,"thumbnail":false,"medium":false,"medium_large":false,"large":false,"1536x1536":false,"2048x2048":false,"post-thumbnail":false,"twentyfourteen-full-width":false,"mailpoet_newsletter_max":false},"uagb_author_info":{"display_name":"wp_admin","author_link":"https:\/\/johannes-prassek.de\/?author=1"},"uagb_comment_info":0,"uagb_excerpt":"Fl\u00fcchtlingsarbeit Gemeinde St. Wilhelm Im Fr\u00fchjahr 2016 trafen sich Gemeindemitglieder zu einem Unterst\u00fctzerkreis und die Gemeindekonferenz beschloss, dass St. Wilhelm ein aktiver Partner bei Bramfeld-hilft w\u00fcrde, ein Zusammenschluss von Helfern f\u00fcr die neue Unterkunft am Moosrosenweg. Da diese relativ weit entfernt lag, wurden in unseren Gemeinder\u00e4umen keine eigenen Aktivit\u00e4ten angeboten, sondern die Ehrenamtlichen engagierten sich&hellip;","publishpress_future_action":{"enabled":false,"date":"2026-05-16 07:59:12","action":"change-status","newStatus":"draft","terms":[],"taxonomy":"","extraData":[]},"publishpress_future_workflow_manual_trigger":{"enabledWorkflows":[]},"_links":{"self":[{"href":"https:\/\/johannes-prassek.de\/index.php?rest_route=\/wp\/v2\/pages\/4818","targetHints":{"allow":["GET"]}}],"collection":[{"href":"https:\/\/johannes-prassek.de\/index.php?rest_route=\/wp\/v2\/pages"}],"about":[{"href":"https:\/\/johannes-prassek.de\/index.php?rest_route=\/wp\/v2\/types\/page"}],"author":[{"embeddable":true,"href":"https:\/\/johannes-prassek.de\/index.php?rest_route=\/wp\/v2\/users\/1"}],"replies":[{"embeddable":true,"href":"https:\/\/johannes-prassek.de\/index.php?rest_route=%2Fwp%2Fv2%2Fcomments&post=4818"}],"version-history":[{"count":1,"href":"https:\/\/johannes-prassek.de\/index.php?rest_route=\/wp\/v2\/pages\/4818\/revisions"}],"predecessor-version":[{"id":11931,"href":"https:\/\/johannes-prassek.de\/index.php?rest_route=\/wp\/v2\/pages\/4818\/revisions\/11931"}],"up":[{"embeddable":true,"href":"https:\/\/johannes-prassek.de\/index.php?rest_route=\/wp\/v2\/pages\/4625"}],"wp:attachment":[{"href":"https:\/\/johannes-prassek.de\/index.php?rest_route=%2Fwp%2Fv2%2Fmedia&parent=4818"}],"curies":[{"name":"wp","href":"https:\/\/api.w.org\/{rel}","templated":true}]}}