{"id":4811,"date":"2019-12-28T14:32:42","date_gmt":"2019-12-28T13:32:42","guid":{"rendered":"https:\/\/www.johannes-prassek.de\/?page_id=4811"},"modified":"2022-05-24T01:08:11","modified_gmt":"2022-05-23T23:08:11","slug":"fonds-mutter-und-kind-von-st-wilhelm","status":"publish","type":"page","link":"https:\/\/johannes-prassek.de\/?page_id=4811","title":{"rendered":"Fonds \u201eMutter und Kind\u201c von St. Wilhelm"},"content":{"rendered":"<p>Unser Mutter und Kind Fonds wurde im Jahr 1991 von unserem damaligem Pastor Joachim von Stockhausen gegr\u00fcndet. Das eigene Aufwachsen und Gro\u00dfwerden in einer gl\u00fccklichen und vollst\u00e4ndigen Familie lie\u00df ihn stets dankbar zur\u00fcckschauen und sich f\u00fcr Menschen einsetzen, die der Hilfe ihrer Mitmenschen bedurften. Sein Geburtstagsgeld und die Spenden anl\u00e4sslich seiner Beerdigung waren der Grundstock f\u00fcr den Fonds.<\/p>\n<p>Unser Fonds bietet Schwangeren, Alleinerziehenden und Familien in Not-und Konfliktsituationen finanzielle Hilfe an, wenn staatliche und anderweitige Mittel nicht zur Verf\u00fcgung stehen oder nicht ausreichen. Das kann sein f\u00fcr Babyausstattung, fehlende M\u00f6bel, Kleiderbeihilfe, Lebensmittel oder auch zeitweisen Lebensunterhalt, Hilfe bei Kautionen oder andere dringende Hilfen. Wir bem\u00fchen uns schnell, unb\u00fcrokratisch und unter Wahrung der Anonymit\u00e4t im Sinne des Stifters zu handeln.<\/p>\n<p>Geholfen wird Betroffenen aus unserer Pfarrei, unserer Nachbarschaft oder solche, die von der Beratungsstelle des Sozialdienstes katholischer Frauen Hamburg genannt werden. Mit dieser hat Pastor von Stockhausen immer sehr eng zusammengearbeitet.<\/p>\n<p>Im Laufe der Jahre konnten wir bereits viele hundert Mal individuelle Hilfe leisten. Am Geburtstag und Todestag unseres Pastors von Stockhausen halten wir Kollekte f\u00fcr unseren Fonds, au\u00dferdem gehen im Lauf des Jahres viele kleine und gro\u00dfe Spenden ein, die uns die M\u00f6glichkeit geben, zu helfen. Die Spendenquittungen werden zum Ende des Jahres erstellt.<\/p>\n<p>&nbsp;<\/p>\n<p>F\u00fcr den Fonds: Andrea Marheinecke (Tel. 640 08 99) und Dr. Wolfgang Spallek (Tel. 536 54 80)<\/p>\n<p>&nbsp;<\/p>\n<p>Unsere Kontoverbindung:<\/p>\n<p>Kath. Pfarrei Seliger Johannes Prassek Fonds Mutter und Kind,<br \/>\nIBAN DE53 2005 0550 1055 2183 31<\/p>\n","protected":false},"excerpt":{"rendered":"<p>Unser Mutter und Kind Fonds wurde im Jahr 1991 von unserem damaligem Pastor Joachim von Stockhausen gegr\u00fcndet. Das eigene Aufwachsen und Gro\u00dfwerden in einer gl\u00fccklichen und vollst\u00e4ndigen Familie lie\u00df ihn stets dankbar zur\u00fcckschauen und sich f\u00fcr Menschen einsetzen, die der Hilfe ihrer Mitmenschen bedurften. Sein Geburtstagsgeld und die Spenden anl\u00e4sslich seiner Beerdigung waren der Grundstock &hellip; <a href=\"https:\/\/johannes-prassek.de\/?page_id=4811\" class=\"more-link\"><span class=\"screen-reader-text\">Fonds \u201eMutter und Kind\u201c von St. Wilhelm<\/span> weiterlesen <span class=\"meta-nav\">&rarr;<\/span><\/a><\/p>\n","protected":false},"author":1,"featured_media":0,"parent":4625,"menu_order":20,"comment_status":"closed","ping_status":"closed","template":"","meta":{"_uag_custom_page_level_css":"","ngg_post_thumbnail":0,"cybocfi_hide_featured_image":"","footnotes":""},"class_list":["post-4811","page","type-page","status-publish","hentry"],"uagb_featured_image_src":{"full":false,"thumbnail":false,"medium":false,"medium_large":false,"large":false,"1536x1536":false,"2048x2048":false,"post-thumbnail":false,"twentyfourteen-full-width":false,"mailpoet_newsletter_max":false},"uagb_author_info":{"display_name":"wp_admin","author_link":"https:\/\/johannes-prassek.de\/?author=1"},"uagb_comment_info":0,"uagb_excerpt":"Unser Mutter und Kind Fonds wurde im Jahr 1991 von unserem damaligem Pastor Joachim von Stockhausen gegr\u00fcndet. Das eigene Aufwachsen und Gro\u00dfwerden in einer gl\u00fccklichen und vollst\u00e4ndigen Familie lie\u00df ihn stets dankbar zur\u00fcckschauen und sich f\u00fcr Menschen einsetzen, die der Hilfe ihrer Mitmenschen bedurften. Sein Geburtstagsgeld und die Spenden anl\u00e4sslich seiner Beerdigung waren der Grundstock&hellip;","publishpress_future_action":{"enabled":false,"date":"2026-05-16 10:59:23","action":"change-status","newStatus":"draft","terms":[],"taxonomy":"","extraData":[]},"publishpress_future_workflow_manual_trigger":{"enabledWorkflows":[]},"_links":{"self":[{"href":"https:\/\/johannes-prassek.de\/index.php?rest_route=\/wp\/v2\/pages\/4811","targetHints":{"allow":["GET"]}}],"collection":[{"href":"https:\/\/johannes-prassek.de\/index.php?rest_route=\/wp\/v2\/pages"}],"about":[{"href":"https:\/\/johannes-prassek.de\/index.php?rest_route=\/wp\/v2\/types\/page"}],"author":[{"embeddable":true,"href":"https:\/\/johannes-prassek.de\/index.php?rest_route=\/wp\/v2\/users\/1"}],"replies":[{"embeddable":true,"href":"https:\/\/johannes-prassek.de\/index.php?rest_route=%2Fwp%2Fv2%2Fcomments&post=4811"}],"version-history":[{"count":1,"href":"https:\/\/johannes-prassek.de\/index.php?rest_route=\/wp\/v2\/pages\/4811\/revisions"}],"predecessor-version":[{"id":11913,"href":"https:\/\/johannes-prassek.de\/index.php?rest_route=\/wp\/v2\/pages\/4811\/revisions\/11913"}],"up":[{"embeddable":true,"href":"https:\/\/johannes-prassek.de\/index.php?rest_route=\/wp\/v2\/pages\/4625"}],"wp:attachment":[{"href":"https:\/\/johannes-prassek.de\/index.php?rest_route=%2Fwp%2Fv2%2Fmedia&parent=4811"}],"curies":[{"name":"wp","href":"https:\/\/api.w.org\/{rel}","templated":true}]}}