{"id":4809,"date":"2019-12-28T14:31:45","date_gmt":"2019-12-28T13:31:45","guid":{"rendered":"https:\/\/www.johannes-prassek.de\/?page_id=4809"},"modified":"2022-05-24T01:04:31","modified_gmt":"2022-05-23T23:04:31","slug":"gemeindeverein-st-wilhelm-e-v","status":"publish","type":"page","link":"https:\/\/johannes-prassek.de\/?page_id=4809","title":{"rendered":"Gemeindeverein St. Wilhelm e.V."},"content":{"rendered":"<p>Im Hinblick auf die schon durchgef\u00fchrten und noch zu erwartenden Mittelk\u00fcrzungen durch das Erzbistum wurde im November 2003 der Gemeindeverein St. Wilhelm e.V. gegr\u00fcndet, der in seiner Eigenschaft als F\u00f6rderverein den Erhalt der Gemeinde und des kirchlichen Lebens unterst\u00fctzen will, aber auch die Bauunterhaltung f\u00fcr Kirche, Pfarrhaus und Gemeinder\u00e4ume gew\u00e4hrleisten m\u00f6chte.<\/p>\n<p>Inzwischen konnten schon Mittel angesammelt werden, mit denen im Bedarfsfall auch etwas bewegt werden kann. Allen Spendern sei an dieser Stelle ganz herzlich f\u00fcr ihre Mithilfe gedankt.<\/p>\n<p>Das Engagement reicht aber noch nicht aus, weil unsere Gemeinde f\u00fcr Bauunterhaltungsma\u00dfnahmen keinerlei Mittel vom Erzbistum erhalten wird.<\/p>\n<p>Deshalb m\u00fcssen wir vorsorgen, um den Erhalt unserer Geb\u00e4ude als ein wichtiges Mittel der Existenz unserer Gemeinde zu sichern.<\/p>\n<p>E.-H. Tonn<\/p>\n","protected":false},"excerpt":{"rendered":"<p>Im Hinblick auf die schon durchgef\u00fchrten und noch zu erwartenden Mittelk\u00fcrzungen durch das Erzbistum wurde im November 2003 der Gemeindeverein St. Wilhelm e.V. gegr\u00fcndet, der in seiner Eigenschaft als F\u00f6rderverein den Erhalt der Gemeinde und des kirchlichen Lebens unterst\u00fctzen will, aber auch die Bauunterhaltung f\u00fcr Kirche, Pfarrhaus und Gemeinder\u00e4ume gew\u00e4hrleisten m\u00f6chte. Inzwischen konnten schon Mittel &hellip; <a href=\"https:\/\/johannes-prassek.de\/?page_id=4809\" class=\"more-link\"><span class=\"screen-reader-text\">Gemeindeverein St. Wilhelm e.V.<\/span> weiterlesen <span class=\"meta-nav\">&rarr;<\/span><\/a><\/p>\n","protected":false},"author":1,"featured_media":0,"parent":4625,"menu_order":10,"comment_status":"closed","ping_status":"closed","template":"","meta":{"_uag_custom_page_level_css":"","ngg_post_thumbnail":0,"cybocfi_hide_featured_image":"","footnotes":""},"class_list":["post-4809","page","type-page","status-publish","hentry"],"uagb_featured_image_src":{"full":false,"thumbnail":false,"medium":false,"medium_large":false,"large":false,"1536x1536":false,"2048x2048":false,"post-thumbnail":false,"twentyfourteen-full-width":false,"mailpoet_newsletter_max":false},"uagb_author_info":{"display_name":"wp_admin","author_link":"https:\/\/johannes-prassek.de\/?author=1"},"uagb_comment_info":0,"uagb_excerpt":"Im Hinblick auf die schon durchgef\u00fchrten und noch zu erwartenden Mittelk\u00fcrzungen durch das Erzbistum wurde im November 2003 der Gemeindeverein St. Wilhelm e.V. gegr\u00fcndet, der in seiner Eigenschaft als F\u00f6rderverein den Erhalt der Gemeinde und des kirchlichen Lebens unterst\u00fctzen will, aber auch die Bauunterhaltung f\u00fcr Kirche, Pfarrhaus und Gemeinder\u00e4ume gew\u00e4hrleisten m\u00f6chte. Inzwischen konnten schon Mittel&hellip;","publishpress_future_action":{"enabled":false,"date":"2026-05-16 10:59:34","action":"change-status","newStatus":"draft","terms":[],"taxonomy":"","extraData":[]},"publishpress_future_workflow_manual_trigger":{"enabledWorkflows":[]},"_links":{"self":[{"href":"https:\/\/johannes-prassek.de\/index.php?rest_route=\/wp\/v2\/pages\/4809","targetHints":{"allow":["GET"]}}],"collection":[{"href":"https:\/\/johannes-prassek.de\/index.php?rest_route=\/wp\/v2\/pages"}],"about":[{"href":"https:\/\/johannes-prassek.de\/index.php?rest_route=\/wp\/v2\/types\/page"}],"author":[{"embeddable":true,"href":"https:\/\/johannes-prassek.de\/index.php?rest_route=\/wp\/v2\/users\/1"}],"replies":[{"embeddable":true,"href":"https:\/\/johannes-prassek.de\/index.php?rest_route=%2Fwp%2Fv2%2Fcomments&post=4809"}],"version-history":[{"count":1,"href":"https:\/\/johannes-prassek.de\/index.php?rest_route=\/wp\/v2\/pages\/4809\/revisions"}],"predecessor-version":[{"id":11906,"href":"https:\/\/johannes-prassek.de\/index.php?rest_route=\/wp\/v2\/pages\/4809\/revisions\/11906"}],"up":[{"embeddable":true,"href":"https:\/\/johannes-prassek.de\/index.php?rest_route=\/wp\/v2\/pages\/4625"}],"wp:attachment":[{"href":"https:\/\/johannes-prassek.de\/index.php?rest_route=%2Fwp%2Fv2%2Fmedia&parent=4809"}],"curies":[{"name":"wp","href":"https:\/\/api.w.org\/{rel}","templated":true}]}}