{"id":4803,"date":"2019-12-28T14:28:52","date_gmt":"2019-12-28T13:28:52","guid":{"rendered":"https:\/\/www.johannes-prassek.de\/?page_id=4803"},"modified":"2026-01-06T12:52:12","modified_gmt":"2026-01-06T11:52:12","slug":"haus-emmaus-details","status":"publish","type":"page","link":"https:\/\/johannes-prassek.de\/?page_id=4803","title":{"rendered":"Haus Emmaus Details"},"content":{"rendered":"\n<h1 class=\"wp-block-heading\">&nbsp;<\/h1>\n\n\n\n<figure class=\"wp-block-table\"><table><thead><tr><td><strong>Ansprechpartner: (Belegungsfragen)<\/strong><\/td><td><strong>Klaus Wett<\/strong><br><br>E<strong>-Mail: <a>Emmaus@St-Wilhelm.de<\/a><br>Telefon: 040 \u2013 50 74 52 49<\/strong><\/td><\/tr><\/thead><tbody><tr><td>Preise:<\/td><td>Pro Person und Nacht 15,00 \u20ac, Tagesg\u00e4ste 8,00 \u20ac <br>zuz\u00fcglich<br><br>Energiekostenpauschale: <br>35 \u20ac pro Wochentag bzw. 75 \u20ac pro Wochenende, 150 \u20ac pro Woche <br><br>Endreinigungspauschale 100 \u20ac<br><br>Bettzeug ist vor Ort vorhanden und kann f\u00fcr 5 \u20ac pro Garnitur entliehen werden.<br><br>Ausfallpauschale bei Absage 400 \u20ac<\/td><\/tr><tr><td>Wichtige Hinweise:<\/td><td>Bitte geben Sie uns bei einer Terminanfrage immer mit auf:<br>\u00b7&nbsp;&nbsp;&nbsp;&nbsp;&nbsp;&nbsp;&nbsp;&nbsp; Terminwunsch (ggf. Ausweichtermine)<br>\u00b7&nbsp;&nbsp;&nbsp;&nbsp;&nbsp;&nbsp;&nbsp;&nbsp; Name der Gruppe<br>\u00b7&nbsp;&nbsp;&nbsp;&nbsp;&nbsp;&nbsp;&nbsp;&nbsp; Name und Anschrift des Verantwortlichen der Gruppe<br>\u00b7&nbsp;&nbsp;&nbsp;&nbsp;&nbsp;&nbsp;&nbsp;&nbsp; Anzahl der Teilnehmer<br>Das Haus ist nach Beendigung der Veranstaltung gereinigt zu verlassen. <br>Zum Wohle unserer Gruppen \u2013 und auch des Hauses \u2013 lassen wir das Haus nach jeder Benutzung noch einmal separat reinigen. <br><br>Grundlegende Infos zum \u201eHaus Emmaus\u201c sowie die Hausordnung k\u00f6nnen Sie dem folgendem pdf-Dokument entnehmen. Haustiere sind im Haus leider nicht gestattet.<br><br>Gruppen mit Minderj\u00e4hrigen Teilnehmerinnen und Teilnehmern und ohne dazugeh\u00f6rige Erziehungsberechtigte beachten bitte das <a rel=\"noreferrer noopener\" href=\"https:\/\/johannes-prassek.de\/wp-content\/uploads\/2022\/12\/Institutionelles-Schutzkonzept-Version-Jul22.pdf\" target=\"_blank\">Pr\u00e4ventionskonzept der Pfarrei<\/a><\/td><\/tr><\/tbody><\/table><\/figure>\n\n\n\n<h1 class=\"wp-block-heading\">Beschreibung des Hauses<\/h1>\n\n\n\n<figure class=\"wp-block-table\"><table><tbody><tr><td>Erdgeschoss<br>(10 Personen)<br><\/td><td>Hauskapelle<br>Einzelzimmer mit Waschgelegenheit<br>Doppelzimmer mit Dusche und WC gemeinsam mit dem<br>Dreibettzimmer<br>Vierbettzimmer mit Dusche und WC<br>Waschraum mit Dusche\/WC und Waschmaschine<br>K\u00fcche mit Speiseraum<\/td><\/tr><tr><td>Obergeschoss<br>(8 Personen)<\/td><td>Ger\u00e4umiges Wohnzimmer<br>Einzelzimmer mit Waschgelegenheit<br>Dreibettzimmer<br>Vierbettzimmer<br>Waschraum mit Dusche und WC<\/td><\/tr><tr><td>Dachgeschoss<br>(10 Personen)<\/td><td>Schlafraum f\u00fcr 10 Personen unm\u00f6bliert. Matratzen sind vorhanden. <br>Zwei WC mit Waschgelegenheit<\/td><\/tr><\/tbody><\/table><\/figure>\n\n\n\n<div class=\"wp-block-columns is-layout-flex wp-container-core-columns-is-layout-9d6595d7 wp-block-columns-is-layout-flex\">\n<div class=\"wp-block-column is-layout-flow wp-block-column-is-layout-flow\" style=\"flex-basis:33.33%\">\n<p>Tr\u00e4ger:<\/p>\n<\/div>\n\n\n\n<div class=\"wp-block-column is-layout-flow wp-block-column-is-layout-flow\" style=\"flex-basis:66.66%\">\n<p>Katholische Kirchengemeinde Sel. Johannes Prassek<br>Oldenfelder Str. 23 <br>22143 Hamburg<br><br>Internet: www.johannes-prassek.de<\/p>\n<\/div>\n<\/div>\n\n\n\n<p><\/p>\n\n\n\n<p><\/p>\n\n\n\n<p><\/p>\n\n\n\n<p><\/p>\n\n\n\n<hr class=\"wp-block-separator has-text-color has-dark-gray-color has-alpha-channel-opacity has-dark-gray-background-color has-background is-style-wide\"\/>\n\n\n\n<p>Erdgescho\u00df<\/p>\n\n\n\nngg_shortcode_0_placeholder\n\n\n\n<hr class=\"wp-block-separator has-text-color has-dark-gray-color has-alpha-channel-opacity has-dark-gray-background-color has-background is-style-wide\"\/>\n\n\n\n<p>Obergescho\u00df<\/p>\n\n\n\nngg_shortcode_1_placeholder\n\n\n\n<hr class=\"wp-block-separator has-text-color has-dark-gray-color has-alpha-channel-opacity has-dark-gray-background-color has-background is-style-wide\"\/>\n\n\n\n<p>Dachgescho\u00df<\/p>\n\n\n\nngg_shortcode_2_placeholder\n\n\n\n<hr class=\"wp-block-separator has-text-color has-dark-gray-color has-alpha-channel-opacity has-dark-gray-background-color has-background is-style-wide\"\/>\n\n\n\n<p>Au\u00dfen<\/p>\n\n\n\nngg_shortcode_3_placeholder\n","protected":false},"excerpt":{"rendered":"<p>&nbsp; Ansprechpartner: (Belegungsfragen) Klaus Wett E-Mail: Emmaus@St-Wilhelm.deTelefon: 040 \u2013 50 74 52 49 Preise: Pro Person und Nacht 15,00 \u20ac, Tagesg\u00e4ste 8,00 \u20ac zuz\u00fcglich Energiekostenpauschale: 35 \u20ac pro Wochentag bzw. 75 \u20ac pro Wochenende, 150 \u20ac pro Woche Endreinigungspauschale 100 \u20ac Bettzeug ist vor Ort vorhanden und kann f\u00fcr 5 \u20ac pro Garnitur entliehen werden. &hellip; <a href=\"https:\/\/johannes-prassek.de\/?page_id=4803\" class=\"more-link\"><span class=\"screen-reader-text\">Haus Emmaus Details<\/span> weiterlesen <span class=\"meta-nav\">&rarr;<\/span><\/a><\/p>\n","protected":false},"author":1,"featured_media":0,"parent":4801,"menu_order":10,"comment_status":"closed","ping_status":"closed","template":"","meta":{"_uag_custom_page_level_css":"","ngg_post_thumbnail":0,"cybocfi_hide_featured_image":"","footnotes":""},"class_list":["post-4803","page","type-page","status-publish","hentry"],"uagb_featured_image_src":{"full":false,"thumbnail":false,"medium":false,"medium_large":false,"large":false,"1536x1536":false,"2048x2048":false,"post-thumbnail":false,"twentyfourteen-full-width":false,"mailpoet_newsletter_max":false},"uagb_author_info":{"display_name":"wp_admin","author_link":"https:\/\/johannes-prassek.de\/?author=1"},"uagb_comment_info":0,"uagb_excerpt":"&nbsp; Ansprechpartner: (Belegungsfragen) Klaus Wett E-Mail: Emmaus@St-Wilhelm.deTelefon: 040 \u2013 50 74 52 49 Preise: Pro Person und Nacht 15,00 \u20ac, Tagesg\u00e4ste 8,00 \u20ac zuz\u00fcglich Energiekostenpauschale: 35 \u20ac pro Wochentag bzw. 75 \u20ac pro Wochenende, 150 \u20ac pro Woche Endreinigungspauschale 100 \u20ac Bettzeug ist vor Ort vorhanden und kann f\u00fcr 5 \u20ac pro Garnitur entliehen werden.&hellip;","publishpress_future_action":{"enabled":false,"date":"2026-05-22 12:15:48","action":"change-status","newStatus":"draft","terms":[],"taxonomy":"","extraData":[]},"publishpress_future_workflow_manual_trigger":{"enabledWorkflows":[]},"_links":{"self":[{"href":"https:\/\/johannes-prassek.de\/index.php?rest_route=\/wp\/v2\/pages\/4803","targetHints":{"allow":["GET"]}}],"collection":[{"href":"https:\/\/johannes-prassek.de\/index.php?rest_route=\/wp\/v2\/pages"}],"about":[{"href":"https:\/\/johannes-prassek.de\/index.php?rest_route=\/wp\/v2\/types\/page"}],"author":[{"embeddable":true,"href":"https:\/\/johannes-prassek.de\/index.php?rest_route=\/wp\/v2\/users\/1"}],"replies":[{"embeddable":true,"href":"https:\/\/johannes-prassek.de\/index.php?rest_route=%2Fwp%2Fv2%2Fcomments&post=4803"}],"version-history":[{"count":9,"href":"https:\/\/johannes-prassek.de\/index.php?rest_route=\/wp\/v2\/pages\/4803\/revisions"}],"predecessor-version":[{"id":17228,"href":"https:\/\/johannes-prassek.de\/index.php?rest_route=\/wp\/v2\/pages\/4803\/revisions\/17228"}],"up":[{"embeddable":true,"href":"https:\/\/johannes-prassek.de\/index.php?rest_route=\/wp\/v2\/pages\/4801"}],"wp:attachment":[{"href":"https:\/\/johannes-prassek.de\/index.php?rest_route=%2Fwp%2Fv2%2Fmedia&parent=4803"}],"curies":[{"name":"wp","href":"https:\/\/api.w.org\/{rel}","templated":true}]}}