{"id":4797,"date":"2019-12-28T14:26:04","date_gmt":"2019-12-28T13:26:04","guid":{"rendered":"https:\/\/www.johannes-prassek.de\/?page_id=4797"},"modified":"2022-06-19T14:25:17","modified_gmt":"2022-06-19T12:25:17","slug":"kindergarten-st-wilhelm","status":"publish","type":"page","link":"https:\/\/johannes-prassek.de\/?page_id=4797","title":{"rendered":"Kindergarten von St. Wilhelm"},"content":{"rendered":"\n<p>Unser Kindergarten wurde im Jahr 1970 gegr\u00fcndet. In enger Zusammenarbeit mit den Eltern sehen wir es als unsere Aufgabe an, den Kindergarten als Lebensraum f\u00fcr Kinder so zu gestalten, dass sie in ihm Schutz, Zuwendung, Gemeinschaft und eine F\u00f6rderung im ganzheitlichen Sinne erfahren. Ganzheitliche Erziehung bedeutet, dass das Kind mit all seinen Sinnen \u2013 h\u00f6rend, sehend, f\u00fchlend, -handelnd t\u00e4tig sein kann. Dazu geh\u00f6ren die Erfahrungen des Kindes, sich in seiner Person \u2013 mit all seinen Schw\u00e4chen und St\u00e4rken angenommen und ernst genommen zu wissen.<\/p>\n\n\n\n<figure class=\"wp-block-image size-full\"><img loading=\"lazy\" decoding=\"async\" width=\"1024\" height=\"742\" src=\"https:\/\/johannes-prassek.de\/wp-content\/uploads\/2022\/06\/image.png\" alt=\"\" class=\"wp-image-12089\" srcset=\"https:\/\/johannes-prassek.de\/wp-content\/uploads\/2022\/06\/image.png 1024w, https:\/\/johannes-prassek.de\/wp-content\/uploads\/2022\/06\/image-300x217.png 300w, https:\/\/johannes-prassek.de\/wp-content\/uploads\/2022\/06\/image-150x109.png 150w, https:\/\/johannes-prassek.de\/wp-content\/uploads\/2022\/06\/image-768x557.png 768w\" sizes=\"auto, (max-width: 1024px) 100vw, 1024px\" \/><\/figure>\n\n\n\n<p>Wir helfen dem einzelnen Kind bei der Bew\u00e4ltigung seiner Lebenssituation, st\u00e4rken sein Selbstvertrauen, helfen ihm, seinen Weg in die Gemeinschaft zu finden, unterst\u00fctzen seine Freude am Entdecken und Experimentieren, vermitteln Kenntnisse \u00fcber seine Mitwelt, lassen elementare Inhalte des Christlichen Lebens erfahrbar werden und f\u00f6rdern seine Ausdrucksm\u00f6glichkeiten. Durch das Spiel in altersgemischten Gruppen erobern sich die Kinder spielerisch ihre Mitwelt.<\/p>\n\n\n\n<p>Aus einer christlichen Grundhaltung heraus, versuchen wir unser Zusammenleben mit den Kindern zu gestalten und ihnen ein St\u00fcck \u201eGemeinde im Kleinen\u201c erfahrbar werden zu lassen.<\/p>\n\n\n\n<p>\u00dcber das Gemeinschaftsleben der Kinder hinaus verstehen wir den Kindergarten innerhalb der Pfarrgemeinde als einen Ort der Begegnung, auch f\u00fcr Erwachsene, der zur Kontaktaufnahme, zum Gedankenaustausch und zum Mitgestalten einl\u00e4dt.<\/p>\n\n\n\n<p>Unser Kindergarten befindet sich gleich neben der Kirche.<\/p>\n\n\n\n<p>e-mail: <a href=\"mailto:info@kiga.st-wilhelm.de\">info@kiga.st-wilhelm.de<\/a><\/p>\n\n\n\n<p>Der Kindergarten hat eine eigene Homepage: <a href=\"http:\/\/kiga.st-wilhelm.de\/\" target=\"_blank\" rel=\"noopener noreferrer\">kiga.st-wilhelm.de<\/a><\/p>\n","protected":false},"excerpt":{"rendered":"<p>Unser Kindergarten wurde im Jahr 1970 gegr\u00fcndet. In enger Zusammenarbeit mit den Eltern sehen wir es als unsere Aufgabe an, den Kindergarten als Lebensraum f\u00fcr Kinder so zu gestalten, dass sie in ihm Schutz, Zuwendung, Gemeinschaft und eine F\u00f6rderung im ganzheitlichen Sinne erfahren. Ganzheitliche Erziehung bedeutet, dass das Kind mit all seinen Sinnen \u2013 h\u00f6rend, &hellip; <a href=\"https:\/\/johannes-prassek.de\/?page_id=4797\" class=\"more-link\"><span class=\"screen-reader-text\">Kindergarten von St. Wilhelm<\/span> weiterlesen <span class=\"meta-nav\">&rarr;<\/span><\/a><\/p>\n","protected":false},"author":1,"featured_media":0,"parent":4623,"menu_order":10,"comment_status":"closed","ping_status":"closed","template":"","meta":{"_uag_custom_page_level_css":"","ngg_post_thumbnail":0,"cybocfi_hide_featured_image":"","footnotes":""},"class_list":["post-4797","page","type-page","status-publish","hentry"],"uagb_featured_image_src":{"full":false,"thumbnail":false,"medium":false,"medium_large":false,"large":false,"1536x1536":false,"2048x2048":false,"post-thumbnail":false,"twentyfourteen-full-width":false,"mailpoet_newsletter_max":false},"uagb_author_info":{"display_name":"wp_admin","author_link":"https:\/\/johannes-prassek.de\/?author=1"},"uagb_comment_info":0,"uagb_excerpt":"Unser Kindergarten wurde im Jahr 1970 gegr\u00fcndet. In enger Zusammenarbeit mit den Eltern sehen wir es als unsere Aufgabe an, den Kindergarten als Lebensraum f\u00fcr Kinder so zu gestalten, dass sie in ihm Schutz, Zuwendung, Gemeinschaft und eine F\u00f6rderung im ganzheitlichen Sinne erfahren. Ganzheitliche Erziehung bedeutet, dass das Kind mit all seinen Sinnen \u2013 h\u00f6rend,&hellip;","publishpress_future_action":{"enabled":false,"date":"2026-05-22 12:22:19","action":"change-status","newStatus":"draft","terms":[],"taxonomy":"","extraData":[]},"publishpress_future_workflow_manual_trigger":{"enabledWorkflows":[]},"_links":{"self":[{"href":"https:\/\/johannes-prassek.de\/index.php?rest_route=\/wp\/v2\/pages\/4797","targetHints":{"allow":["GET"]}}],"collection":[{"href":"https:\/\/johannes-prassek.de\/index.php?rest_route=\/wp\/v2\/pages"}],"about":[{"href":"https:\/\/johannes-prassek.de\/index.php?rest_route=\/wp\/v2\/types\/page"}],"author":[{"embeddable":true,"href":"https:\/\/johannes-prassek.de\/index.php?rest_route=\/wp\/v2\/users\/1"}],"replies":[{"embeddable":true,"href":"https:\/\/johannes-prassek.de\/index.php?rest_route=%2Fwp%2Fv2%2Fcomments&post=4797"}],"version-history":[{"count":2,"href":"https:\/\/johannes-prassek.de\/index.php?rest_route=\/wp\/v2\/pages\/4797\/revisions"}],"predecessor-version":[{"id":12090,"href":"https:\/\/johannes-prassek.de\/index.php?rest_route=\/wp\/v2\/pages\/4797\/revisions\/12090"}],"up":[{"embeddable":true,"href":"https:\/\/johannes-prassek.de\/index.php?rest_route=\/wp\/v2\/pages\/4623"}],"wp:attachment":[{"href":"https:\/\/johannes-prassek.de\/index.php?rest_route=%2Fwp%2Fv2%2Fmedia&parent=4797"}],"curies":[{"name":"wp","href":"https:\/\/api.w.org\/{rel}","templated":true}]}}