{"id":4791,"date":"2019-12-28T14:18:41","date_gmt":"2019-12-28T13:18:41","guid":{"rendered":"https:\/\/www.johannes-prassek.de\/?page_id=4791"},"modified":"2022-05-24T01:08:28","modified_gmt":"2022-05-23T23:08:28","slug":"geschichte-des-hl-wilhelm","status":"publish","type":"page","link":"https:\/\/johannes-prassek.de\/?page_id=4791","title":{"rendered":"Geschichte des Hl. Wilhelm"},"content":{"rendered":"<h1>Zeittafel zu unserem Gemeindepatron Wilhelm von Aquitanien<\/h1>\n<p>&nbsp;<\/p>\n<p>Geboren circa <strong>754<\/strong>, der Geburtsort ist nicht bekannt.<br \/>\nEltern: Aldana (Tochter Karl Martells?) und Theoderich (fr\u00e4nkischer Graf).<\/p>\n<p><strong>Circa 768<\/strong>: Recommendation an den Hof K\u00f6nig Karls, des sp\u00e4teren Frankenkaisers Karl der Gro\u00dfe (geb. 747, fr\u00e4nkischer K\u00f6nig seit 768, Kaiser seit Weihnachten 800, gest. 28.1.814).<br \/>\nAn Karls Hof: Freundschaft mit Witiza, dem sp\u00e4teren Abt Benedikt von Aniane.<\/p>\n<p><strong>790<\/strong>: Ernennung zum Herzog von Aquitanien, wom\u00f6glich im Zusammenhang mit K\u00e4mpfen gegen die Sarazenen und der Befreiung der Stadt Orange.<\/p>\n<p><strong>793<\/strong>: Niederlage bei der Schlacht am Orbieu, trotz seiner gro\u00dfen pers\u00f6nlichen Tapferkeit wird Wilhelms Heer von den Sarazenen geschlagen. Wilhelm entkommt mit wenigen Mitstreitern.<\/p>\n<p><strong>801\/803<\/strong>: Beteiligung an der siegreichen Belagerung von Barcelona.<\/p>\n<p><strong>804<\/strong>: Gr\u00fcndung des Benediktinerklosters Gellone (Stiftungsbrief von 15. Dezember 804).<\/p>\n<p><strong>806<\/strong>: Eintritt ins Kloster Gellone als einfacher M\u00f6nch. Kaiser Karl der Gro\u00dfe schenkt Wilhelm zum Abschied und Dank f\u00fcr seine Dienste einen Partikel des Heiligen Kreuzes in einem kostbaren Beh\u00e4ltnis.<\/p>\n<p><strong>28. Mai 812<\/strong>: Tod Wilhelms im Kloster Gellone. Er wird im Kloster beigesetzt.<\/p>\n<p><strong>Nach 812<\/strong>: Es gibt bald Berichte \u00fcber Wunder, die an seinem Grab geschehen sind. In altfranz\u00f6sischer Sprache entstehen die\u201eWilhelms-Epen\u201c (\u201eChansons de Guillaume\u201c), in denen von den Heldentaten Wilhelms im Kampf gegen die Sarazenen berichtet wird, zuerst durch m\u00fcndliche, sp\u00e4ter durch schriftliche \u00dcberlieferung.<\/p>\n<p><strong>1066<\/strong>: Anerkennung Wilhelms von Aquitanien als Heiliger durch Papst Alexander II.<\/p>\n<p><strong>1076<\/strong>: Papst Gregor VII. l\u00e4sst in der Klosterkirche von Gellone einen Altar f\u00fcr Wilhelm errichten.<\/p>\n<p><strong>Um 1220<\/strong>: Der Dichter Wolfram von Eschenbach verfasst in mittelhochdeutscher Sprache das Vers-Epos \u201eWillehalm\u201c.<\/p>\n<p><strong>1817<\/strong>: Verlust der meisten Reliquien Wilhelms bei einer \u00dcberschwemmung.<\/p>\n<p><strong>Heute<\/strong>: Einige verbliebene Reliquien und der Kreuzpartikel befinden sich heute noch in Gellone, das sich zu Ehren des Hl. Wilhelm Saint-Guilhem-le-Desert nennt. Das romanische Kloster geh\u00f6rt als Station des Jakobsweges zu den UNESCO-Weltkulturst\u00e4tten. Informationen zu diesem Ort, zu den Reliquien und zur Verehrung des Hl. Wilhelm findet man wahlweise in englischer und franz\u00f6sischer Sprache auf der Homepage: <a href=\"http:\/\/st-wilhelm.de\/index.php\/gemeinde\/stwilhelm_geschichte\/www.saint-guilhem-le-desert.com\"><u>www.saint-guilhem-le-desert.com.<\/u><\/a><\/p>\n","protected":false},"excerpt":{"rendered":"<p>Zeittafel zu unserem Gemeindepatron Wilhelm von Aquitanien &nbsp; Geboren circa 754, der Geburtsort ist nicht bekannt. Eltern: Aldana (Tochter Karl Martells?) und Theoderich (fr\u00e4nkischer Graf). Circa 768: Recommendation an den Hof K\u00f6nig Karls, des sp\u00e4teren Frankenkaisers Karl der Gro\u00dfe (geb. 747, fr\u00e4nkischer K\u00f6nig seit 768, Kaiser seit Weihnachten 800, gest. 28.1.814). An Karls Hof: Freundschaft &hellip; <a href=\"https:\/\/johannes-prassek.de\/?page_id=4791\" class=\"more-link\"><span class=\"screen-reader-text\">Geschichte des Hl. Wilhelm<\/span> weiterlesen <span class=\"meta-nav\">&rarr;<\/span><\/a><\/p>\n","protected":false},"author":1,"featured_media":0,"parent":4621,"menu_order":20,"comment_status":"closed","ping_status":"closed","template":"","meta":{"_uag_custom_page_level_css":"","ngg_post_thumbnail":0,"cybocfi_hide_featured_image":"","footnotes":""},"class_list":["post-4791","page","type-page","status-publish","hentry"],"uagb_featured_image_src":{"full":false,"thumbnail":false,"medium":false,"medium_large":false,"large":false,"1536x1536":false,"2048x2048":false,"post-thumbnail":false,"twentyfourteen-full-width":false,"mailpoet_newsletter_max":false},"uagb_author_info":{"display_name":"wp_admin","author_link":"https:\/\/johannes-prassek.de\/?author=1"},"uagb_comment_info":0,"uagb_excerpt":"Zeittafel zu unserem Gemeindepatron Wilhelm von Aquitanien &nbsp; Geboren circa 754, der Geburtsort ist nicht bekannt. Eltern: Aldana (Tochter Karl Martells?) und Theoderich (fr\u00e4nkischer Graf). Circa 768: Recommendation an den Hof K\u00f6nig Karls, des sp\u00e4teren Frankenkaisers Karl der Gro\u00dfe (geb. 747, fr\u00e4nkischer K\u00f6nig seit 768, Kaiser seit Weihnachten 800, gest. 28.1.814). An Karls Hof: Freundschaft&hellip;","publishpress_future_action":{"enabled":false,"date":"2026-05-16 09:25:12","action":"change-status","newStatus":"draft","terms":[],"taxonomy":"","extraData":[]},"publishpress_future_workflow_manual_trigger":{"enabledWorkflows":[]},"_links":{"self":[{"href":"https:\/\/johannes-prassek.de\/index.php?rest_route=\/wp\/v2\/pages\/4791","targetHints":{"allow":["GET"]}}],"collection":[{"href":"https:\/\/johannes-prassek.de\/index.php?rest_route=\/wp\/v2\/pages"}],"about":[{"href":"https:\/\/johannes-prassek.de\/index.php?rest_route=\/wp\/v2\/types\/page"}],"author":[{"embeddable":true,"href":"https:\/\/johannes-prassek.de\/index.php?rest_route=\/wp\/v2\/users\/1"}],"replies":[{"embeddable":true,"href":"https:\/\/johannes-prassek.de\/index.php?rest_route=%2Fwp%2Fv2%2Fcomments&post=4791"}],"version-history":[{"count":1,"href":"https:\/\/johannes-prassek.de\/index.php?rest_route=\/wp\/v2\/pages\/4791\/revisions"}],"predecessor-version":[{"id":11916,"href":"https:\/\/johannes-prassek.de\/index.php?rest_route=\/wp\/v2\/pages\/4791\/revisions\/11916"}],"up":[{"embeddable":true,"href":"https:\/\/johannes-prassek.de\/index.php?rest_route=\/wp\/v2\/pages\/4621"}],"wp:attachment":[{"href":"https:\/\/johannes-prassek.de\/index.php?rest_route=%2Fwp%2Fv2%2Fmedia&parent=4791"}],"curies":[{"name":"wp","href":"https:\/\/api.w.org\/{rel}","templated":true}]}}