{"id":474,"date":"2014-03-31T13:53:15","date_gmt":"2014-03-31T11:53:15","guid":{"rendered":"http:\/\/www.johannes-prassek.de\/?page_id=474"},"modified":"2014-03-31T13:53:15","modified_gmt":"2014-03-31T11:53:15","slug":"ehrenamt","status":"publish","type":"page","link":"https:\/\/johannes-prassek.de\/?page_id=474","title":{"rendered":"Ehrenamt"},"content":{"rendered":"<p><img loading=\"lazy\" decoding=\"async\" class=\"alignnone size-full wp-image-1674\" src=\"https:\/\/prassek.ansgar-portal.de\/wp-content\/uploads\/sites\/2\/2014\/03\/ehrenamt-prassek.jpg\" alt=\"ehrenamt-prassek\" width=\"700\" height=\"300\" srcset=\"https:\/\/johannes-prassek.de\/wp-content\/uploads\/2014\/03\/ehrenamt-prassek.jpg 700w, https:\/\/johannes-prassek.de\/wp-content\/uploads\/2014\/03\/ehrenamt-prassek-300x129.jpg 300w\" sizes=\"auto, (max-width: 700px) 100vw, 700px\" \/><\/p>\n<p>Wir freuen uns \u00fcber Ihre ehrenamtliche Mitarbeit. Gerne k\u00f6nnen Sie uns bei den vielf\u00e4ltigen Aufgaben wie z. B. Blumendienst, Besuchsdienst f\u00fcr \u00e4ltere Gemeindemitglieder, Austragen von Gemeindebriefen, etc. in unserer Pfarrei unterst\u00fctzen.<\/p>\n<p>Wenn Sie uns Ihre Zeit zur Verf\u00fcgung stellen k\u00f6nnen, wenden Sie sich bitte entweder an Ihr Gemeindeb\u00fcro vor Ort oder zentral an das Pfarrb\u00fcro in Rahlstedt.<\/p>\n<p>Die jeweiligen Ansprechpartner finden Sie unter dem Men\u00fcpunkt Kontakt.<\/p>\n","protected":false},"excerpt":{"rendered":"<p>Wir freuen uns \u00fcber Ihre ehrenamtliche Mitarbeit. Gerne k\u00f6nnen Sie uns bei den vielf\u00e4ltigen Aufgaben wie z. B. Blumendienst, Besuchsdienst f\u00fcr \u00e4ltere Gemeindemitglieder, Austragen von Gemeindebriefen, etc. in unserer Pfarrei unterst\u00fctzen. Wenn Sie uns Ihre Zeit zur Verf\u00fcgung stellen k\u00f6nnen, wenden Sie sich bitte entweder an Ihr Gemeindeb\u00fcro vor Ort oder zentral an das Pfarrb\u00fcro &hellip; <a href=\"https:\/\/johannes-prassek.de\/?page_id=474\" class=\"more-link\"><span class=\"screen-reader-text\">Ehrenamt<\/span> weiterlesen <span class=\"meta-nav\">&rarr;<\/span><\/a><\/p>\n","protected":false},"author":1,"featured_media":0,"parent":174,"menu_order":20,"comment_status":"closed","ping_status":"closed","template":"","meta":{"_uag_custom_page_level_css":"","ngg_post_thumbnail":0,"cybocfi_hide_featured_image":"","footnotes":""},"class_list":["post-474","page","type-page","status-publish","hentry"],"uagb_featured_image_src":{"full":false,"thumbnail":false,"medium":false,"medium_large":false,"large":false,"1536x1536":false,"2048x2048":false,"post-thumbnail":false,"twentyfourteen-full-width":false,"mailpoet_newsletter_max":false},"uagb_author_info":{"display_name":"wp_admin","author_link":"https:\/\/johannes-prassek.de\/?author=1"},"uagb_comment_info":0,"uagb_excerpt":"Wir freuen uns \u00fcber Ihre ehrenamtliche Mitarbeit. Gerne k\u00f6nnen Sie uns bei den vielf\u00e4ltigen Aufgaben wie z. B. Blumendienst, Besuchsdienst f\u00fcr \u00e4ltere Gemeindemitglieder, Austragen von Gemeindebriefen, etc. in unserer Pfarrei unterst\u00fctzen. Wenn Sie uns Ihre Zeit zur Verf\u00fcgung stellen k\u00f6nnen, wenden Sie sich bitte entweder an Ihr Gemeindeb\u00fcro vor Ort oder zentral an das Pfarrb\u00fcro&hellip;","publishpress_future_action":{"enabled":false,"date":"2026-05-17 23:24:19","action":"change-status","newStatus":"draft","terms":[],"taxonomy":"","extraData":[]},"publishpress_future_workflow_manual_trigger":{"enabledWorkflows":[]},"_links":{"self":[{"href":"https:\/\/johannes-prassek.de\/index.php?rest_route=\/wp\/v2\/pages\/474","targetHints":{"allow":["GET"]}}],"collection":[{"href":"https:\/\/johannes-prassek.de\/index.php?rest_route=\/wp\/v2\/pages"}],"about":[{"href":"https:\/\/johannes-prassek.de\/index.php?rest_route=\/wp\/v2\/types\/page"}],"author":[{"embeddable":true,"href":"https:\/\/johannes-prassek.de\/index.php?rest_route=\/wp\/v2\/users\/1"}],"replies":[{"embeddable":true,"href":"https:\/\/johannes-prassek.de\/index.php?rest_route=%2Fwp%2Fv2%2Fcomments&post=474"}],"version-history":[{"count":0,"href":"https:\/\/johannes-prassek.de\/index.php?rest_route=\/wp\/v2\/pages\/474\/revisions"}],"up":[{"embeddable":true,"href":"https:\/\/johannes-prassek.de\/index.php?rest_route=\/wp\/v2\/pages\/174"}],"wp:attachment":[{"href":"https:\/\/johannes-prassek.de\/index.php?rest_route=%2Fwp%2Fv2%2Fmedia&parent=474"}],"curies":[{"name":"wp","href":"https:\/\/api.w.org\/{rel}","templated":true}]}}