{"id":4716,"date":"2019-12-19T15:23:26","date_gmt":"2019-12-19T14:23:26","guid":{"rendered":"https:\/\/www.johannes-prassek.de\/?page_id=4716"},"modified":"2022-07-07T14:04:26","modified_gmt":"2022-07-07T12:04:26","slug":"senioren-in-st-wilhelm","status":"publish","type":"page","link":"https:\/\/johannes-prassek.de\/?page_id=4716","title":{"rendered":"Senioren in St. Wilhelm"},"content":{"rendered":"\n<h1 class=\"wp-block-heading\">Gruppe der Senioren<\/h1>\n\n\n\n<p>Wussten Sie schon, dass es eine Gruppe von Senioren in der Gemeinde St. Wilhelm&nbsp; gibt? Wir treffen uns jeden 2. und 4. Dienstag im Monat um 15:30 Uhr. (au\u00dfer in den Ferien)<\/p>\n\n\n\n<p>Zuerst feiern wir gemeinsam die Hl. Messe, anschlie\u00dfend treffen wir uns im Gemeindehaus. Bei Kaffee und Kuchen haben wir Gelegenheit zu kl\u00f6nen, neue Kontakte zu kn\u00fcpfen oder alte wieder aufleben zu lassen. Gesellschaftsspiele oder Bingo, sowie Singen machen uns viel Spa\u00df!<\/p>\n\n\n\n<p>Je nach Jahreszeit werden kleine Feste wie Grillen, Herbstfest oder Adventfeier veranstaltet.<\/p>\n\n\n\n<p>Haben wir Sie neugierig gemacht?<\/p>\n\n\n\n<p>Dann schauen Sie doch einmal vorbei.<\/p>\n\n\n\n<p>Wir freuen uns auf Sie!<\/p>\n\n\n\n<p>Rita Fehring und Team<\/p>\n","protected":false},"excerpt":{"rendered":"<p>Gruppe der Senioren Wussten Sie schon, dass es eine Gruppe von Senioren in der Gemeinde St. Wilhelm&nbsp; gibt? Wir treffen uns jeden 2. und 4. Dienstag im Monat um 15:30 Uhr. (au\u00dfer in den Ferien) Zuerst feiern wir gemeinsam die Hl. Messe, anschlie\u00dfend treffen wir uns im Gemeindehaus. Bei Kaffee und Kuchen haben wir Gelegenheit &hellip; <a href=\"https:\/\/johannes-prassek.de\/?page_id=4716\" class=\"more-link\"><span class=\"screen-reader-text\">Senioren in St. Wilhelm<\/span> weiterlesen <span class=\"meta-nav\">&rarr;<\/span><\/a><\/p>\n","protected":false},"author":1,"featured_media":0,"parent":4649,"menu_order":90,"comment_status":"closed","ping_status":"closed","template":"","meta":{"_uag_custom_page_level_css":"","ngg_post_thumbnail":0,"cybocfi_hide_featured_image":"","footnotes":""},"class_list":["post-4716","page","type-page","status-publish","hentry"],"uagb_featured_image_src":{"full":false,"thumbnail":false,"medium":false,"medium_large":false,"large":false,"1536x1536":false,"2048x2048":false,"post-thumbnail":false,"twentyfourteen-full-width":false,"mailpoet_newsletter_max":false},"uagb_author_info":{"display_name":"wp_admin","author_link":"https:\/\/johannes-prassek.de\/?author=1"},"uagb_comment_info":0,"uagb_excerpt":"Gruppe der Senioren Wussten Sie schon, dass es eine Gruppe von Senioren in der Gemeinde St. Wilhelm&nbsp; gibt? Wir treffen uns jeden 2. und 4. Dienstag im Monat um 15:30 Uhr. (au\u00dfer in den Ferien) Zuerst feiern wir gemeinsam die Hl. Messe, anschlie\u00dfend treffen wir uns im Gemeindehaus. Bei Kaffee und Kuchen haben wir Gelegenheit&hellip;","publishpress_future_action":{"enabled":false,"date":"2026-05-16 10:57:57","action":"change-status","newStatus":"draft","terms":[],"taxonomy":"","extraData":[]},"publishpress_future_workflow_manual_trigger":{"enabledWorkflows":[]},"_links":{"self":[{"href":"https:\/\/johannes-prassek.de\/index.php?rest_route=\/wp\/v2\/pages\/4716","targetHints":{"allow":["GET"]}}],"collection":[{"href":"https:\/\/johannes-prassek.de\/index.php?rest_route=\/wp\/v2\/pages"}],"about":[{"href":"https:\/\/johannes-prassek.de\/index.php?rest_route=\/wp\/v2\/types\/page"}],"author":[{"embeddable":true,"href":"https:\/\/johannes-prassek.de\/index.php?rest_route=\/wp\/v2\/users\/1"}],"replies":[{"embeddable":true,"href":"https:\/\/johannes-prassek.de\/index.php?rest_route=%2Fwp%2Fv2%2Fcomments&post=4716"}],"version-history":[{"count":2,"href":"https:\/\/johannes-prassek.de\/index.php?rest_route=\/wp\/v2\/pages\/4716\/revisions"}],"predecessor-version":[{"id":12249,"href":"https:\/\/johannes-prassek.de\/index.php?rest_route=\/wp\/v2\/pages\/4716\/revisions\/12249"}],"up":[{"embeddable":true,"href":"https:\/\/johannes-prassek.de\/index.php?rest_route=\/wp\/v2\/pages\/4649"}],"wp:attachment":[{"href":"https:\/\/johannes-prassek.de\/index.php?rest_route=%2Fwp%2Fv2%2Fmedia&parent=4716"}],"curies":[{"name":"wp","href":"https:\/\/api.w.org\/{rel}","templated":true}]}}