{"id":4714,"date":"2019-12-19T15:22:40","date_gmt":"2019-12-19T14:22:40","guid":{"rendered":"https:\/\/www.johannes-prassek.de\/?page_id=4714"},"modified":"2022-05-24T01:11:15","modified_gmt":"2022-05-23T23:11:15","slug":"ministranten-in-st-wilhelm","status":"publish","type":"page","link":"https:\/\/johannes-prassek.de\/?page_id=4714","title":{"rendered":"Ministranten in St. Wilhelm"},"content":{"rendered":"\n<h1 class=\"wp-block-heading\">Ministranten<\/h1>\n\n\n\n<p>Bei uns in St.Wilhelm gibt es zur Zeit etwa 20 Ministranten. Wir dienen jeweils immer zu viert in den Messen am Samstag und am Sonntag und zudem noch zu anderen besonderen Anl\u00e4ssen wie zu Hochzeiten oder an anderen besonderen kirchlichen Festen.<\/p>\n\n\n\n<p>Au\u00dferdem halten wir monatlich ein Gruppentreffen, an dem wir h\u00e4ufig auch nichtkirchliche, reine Freizeitgruppenaktionen machen. So haben wir z.B. im Advent Pl\u00e4tzchen gebacken und im Februar Monopoly in gro\u00df, das hei\u00dft im HVV-Netz als Spielfeld, gespielt.<\/p>\n\n\n\n<p>Zudem haben wir eine eigene ministranteninterne Zeitung, die \u201eMinipost&#8220;, die als Mitteilungsblatt dienen m\u00f6chte und auch, wie man h\u00f6rt, in anderen Gemeinden in Mecklenburg und Schleswig-Holstein kopiert wird. An ihrer Gestaltung sollte man weiter arbeiten.<\/p>\n\n\n\n<p>Kinder und Jugendliche ab der 3. Klasse, die Interesse haben Ministrant zu werden, sind uns nat\u00fcrlich immer willkommen und k\u00f6nnen sich bei einem von uns Leitern melden. In der Regel findet die Ausbildung zum Ministranten vom Schuljahresbeginn im August oder September bis zum Christk\u00f6nigsfest (der letzte Sonntag vor dem ersten Advent) statt. Die Termine werden immer individuell mit der aktuellen Ausbildungsgruppe vereinbart.<\/p>\n","protected":false},"excerpt":{"rendered":"<p>Ministranten Bei uns in St.Wilhelm gibt es zur Zeit etwa 20 Ministranten. Wir dienen jeweils immer zu viert in den Messen am Samstag und am Sonntag und zudem noch zu anderen besonderen Anl\u00e4ssen wie zu Hochzeiten oder an anderen besonderen kirchlichen Festen. Au\u00dferdem halten wir monatlich ein Gruppentreffen, an dem wir h\u00e4ufig auch nichtkirchliche, reine &hellip; <a href=\"https:\/\/johannes-prassek.de\/?page_id=4714\" class=\"more-link\"><span class=\"screen-reader-text\">Ministranten in St. Wilhelm<\/span> weiterlesen <span class=\"meta-nav\">&rarr;<\/span><\/a><\/p>\n","protected":false},"author":1,"featured_media":0,"parent":4649,"menu_order":80,"comment_status":"closed","ping_status":"closed","template":"","meta":{"_uag_custom_page_level_css":"","ngg_post_thumbnail":0,"cybocfi_hide_featured_image":"","footnotes":""},"class_list":["post-4714","page","type-page","status-publish","hentry"],"uagb_featured_image_src":{"full":false,"thumbnail":false,"medium":false,"medium_large":false,"large":false,"1536x1536":false,"2048x2048":false,"post-thumbnail":false,"twentyfourteen-full-width":false,"mailpoet_newsletter_max":false},"uagb_author_info":{"display_name":"wp_admin","author_link":"https:\/\/johannes-prassek.de\/?author=1"},"uagb_comment_info":0,"uagb_excerpt":"Ministranten Bei uns in St.Wilhelm gibt es zur Zeit etwa 20 Ministranten. Wir dienen jeweils immer zu viert in den Messen am Samstag und am Sonntag und zudem noch zu anderen besonderen Anl\u00e4ssen wie zu Hochzeiten oder an anderen besonderen kirchlichen Festen. Au\u00dferdem halten wir monatlich ein Gruppentreffen, an dem wir h\u00e4ufig auch nichtkirchliche, reine&hellip;","publishpress_future_action":{"enabled":false,"date":"2026-05-16 09:26:16","action":"change-status","newStatus":"draft","terms":[],"taxonomy":"","extraData":[]},"publishpress_future_workflow_manual_trigger":{"enabledWorkflows":[]},"_links":{"self":[{"href":"https:\/\/johannes-prassek.de\/index.php?rest_route=\/wp\/v2\/pages\/4714","targetHints":{"allow":["GET"]}}],"collection":[{"href":"https:\/\/johannes-prassek.de\/index.php?rest_route=\/wp\/v2\/pages"}],"about":[{"href":"https:\/\/johannes-prassek.de\/index.php?rest_route=\/wp\/v2\/types\/page"}],"author":[{"embeddable":true,"href":"https:\/\/johannes-prassek.de\/index.php?rest_route=\/wp\/v2\/users\/1"}],"replies":[{"embeddable":true,"href":"https:\/\/johannes-prassek.de\/index.php?rest_route=%2Fwp%2Fv2%2Fcomments&post=4714"}],"version-history":[{"count":1,"href":"https:\/\/johannes-prassek.de\/index.php?rest_route=\/wp\/v2\/pages\/4714\/revisions"}],"predecessor-version":[{"id":11941,"href":"https:\/\/johannes-prassek.de\/index.php?rest_route=\/wp\/v2\/pages\/4714\/revisions\/11941"}],"up":[{"embeddable":true,"href":"https:\/\/johannes-prassek.de\/index.php?rest_route=\/wp\/v2\/pages\/4649"}],"wp:attachment":[{"href":"https:\/\/johannes-prassek.de\/index.php?rest_route=%2Fwp%2Fv2%2Fmedia&parent=4714"}],"curies":[{"name":"wp","href":"https:\/\/api.w.org\/{rel}","templated":true}]}}