{"id":4712,"date":"2019-12-19T15:21:45","date_gmt":"2019-12-19T14:21:45","guid":{"rendered":"https:\/\/www.johannes-prassek.de\/?page_id=4712"},"modified":"2022-05-24T01:11:04","modified_gmt":"2022-05-23T23:11:04","slug":"kirchenchor-in-st-wilhelm","status":"publish","type":"page","link":"https:\/\/johannes-prassek.de\/?page_id=4712","title":{"rendered":"Kirchenchor in St. Wilhelm"},"content":{"rendered":"\n<h1 class=\"wp-block-heading\">Kirchenchor St. Wilhelm<\/h1>\n\n\n\n<p>Alle sch\u00e4tzen ihn, den Kirchenchor unserer Gemeinde. Jeden Mittwoch probt er von 20 bis 22 Uhr im Gemeindehaus, um sich darauf vorzubereiten, bestimmte Gottesdienste im Jahreskreis festlicher mitzugestalten und die Gemeinschaft der Singenden zu vertiefen. Dazu tr\u00e4gt auch die j\u00e4hrliche Julklappfeier bei, ein Sommergrillfest und ein \u00dcbungswochenende au\u00dferhalb der Gemeinde.<\/p>\n\n\n\n<p>Am 23. September 2012 feierte der Chor sein 60j\u00e4hriges Bestehen und erfreute durch die Gestaltung eines entsprechenden Festgottesdienstes, dem sich ein Empfang anschloss. Am 26. Oktober 2013 nahm er teil am ersten Chortag der k\u00fcnftigen Pfarrei &#8222;Seliger Johannes Prassek&#8220; in der Gemeinde Heilig-Kreuz, Volksdorf (s.u.). Und am Gr\u00fcndungstag der neuen Pfarrei hat er den Festgottesdienst mit gestaltet. U.a. wurden zwei Chors\u00e4tze aus dem Oratorium &#8222;Ans Licht&#8220; \u00fcber die L\u00fcbecker M\u00e4rtyrer gesungen, das von Andreas Willscher komponiert wurde.<\/p>\n\n\n\n<p>Neue Chormitglieder, S\u00e4ngerinnen und S\u00e4nger in allen Stimmlagen sind herzlich willkommen. Wichtiger als ausgepr\u00e4gte Notenkenntnis ist Interesse und Freude am Singen.<\/p>\n\n\n\n<p>Wer \u2013 auch auf Probe zun\u00e4chst &#8211; zum Chor sto\u00dfen m\u00f6chte, komme mittwochs einfach zur regul\u00e4ren Probe<\/p>\n\n\n\n<p>oder melde sich vorher beim Chorleiter <em>Wolfram Hillenbrand, Tel.: 641 52 99<\/em><\/p>\n","protected":false},"excerpt":{"rendered":"<p>Kirchenchor St. Wilhelm Alle sch\u00e4tzen ihn, den Kirchenchor unserer Gemeinde. Jeden Mittwoch probt er von 20 bis 22 Uhr im Gemeindehaus, um sich darauf vorzubereiten, bestimmte Gottesdienste im Jahreskreis festlicher mitzugestalten und die Gemeinschaft der Singenden zu vertiefen. Dazu tr\u00e4gt auch die j\u00e4hrliche Julklappfeier bei, ein Sommergrillfest und ein \u00dcbungswochenende au\u00dferhalb der Gemeinde. Am 23. &hellip; <a href=\"https:\/\/johannes-prassek.de\/?page_id=4712\" class=\"more-link\"><span class=\"screen-reader-text\">Kirchenchor in St. Wilhelm<\/span> weiterlesen <span class=\"meta-nav\">&rarr;<\/span><\/a><\/p>\n","protected":false},"author":1,"featured_media":0,"parent":4649,"menu_order":70,"comment_status":"closed","ping_status":"closed","template":"","meta":{"_uag_custom_page_level_css":"","ngg_post_thumbnail":0,"cybocfi_hide_featured_image":"","footnotes":""},"class_list":["post-4712","page","type-page","status-publish","hentry"],"uagb_featured_image_src":{"full":false,"thumbnail":false,"medium":false,"medium_large":false,"large":false,"1536x1536":false,"2048x2048":false,"post-thumbnail":false,"twentyfourteen-full-width":false,"mailpoet_newsletter_max":false},"uagb_author_info":{"display_name":"wp_admin","author_link":"https:\/\/johannes-prassek.de\/?author=1"},"uagb_comment_info":0,"uagb_excerpt":"Kirchenchor St. Wilhelm Alle sch\u00e4tzen ihn, den Kirchenchor unserer Gemeinde. Jeden Mittwoch probt er von 20 bis 22 Uhr im Gemeindehaus, um sich darauf vorzubereiten, bestimmte Gottesdienste im Jahreskreis festlicher mitzugestalten und die Gemeinschaft der Singenden zu vertiefen. Dazu tr\u00e4gt auch die j\u00e4hrliche Julklappfeier bei, ein Sommergrillfest und ein \u00dcbungswochenende au\u00dferhalb der Gemeinde. Am 23.&hellip;","publishpress_future_action":{"enabled":false,"date":"2026-05-16 10:59:03","action":"change-status","newStatus":"draft","terms":[],"taxonomy":"","extraData":[]},"publishpress_future_workflow_manual_trigger":{"enabledWorkflows":[]},"_links":{"self":[{"href":"https:\/\/johannes-prassek.de\/index.php?rest_route=\/wp\/v2\/pages\/4712","targetHints":{"allow":["GET"]}}],"collection":[{"href":"https:\/\/johannes-prassek.de\/index.php?rest_route=\/wp\/v2\/pages"}],"about":[{"href":"https:\/\/johannes-prassek.de\/index.php?rest_route=\/wp\/v2\/types\/page"}],"author":[{"embeddable":true,"href":"https:\/\/johannes-prassek.de\/index.php?rest_route=\/wp\/v2\/users\/1"}],"replies":[{"embeddable":true,"href":"https:\/\/johannes-prassek.de\/index.php?rest_route=%2Fwp%2Fv2%2Fcomments&post=4712"}],"version-history":[{"count":1,"href":"https:\/\/johannes-prassek.de\/index.php?rest_route=\/wp\/v2\/pages\/4712\/revisions"}],"predecessor-version":[{"id":11939,"href":"https:\/\/johannes-prassek.de\/index.php?rest_route=\/wp\/v2\/pages\/4712\/revisions\/11939"}],"up":[{"embeddable":true,"href":"https:\/\/johannes-prassek.de\/index.php?rest_route=\/wp\/v2\/pages\/4649"}],"wp:attachment":[{"href":"https:\/\/johannes-prassek.de\/index.php?rest_route=%2Fwp%2Fv2%2Fmedia&parent=4712"}],"curies":[{"name":"wp","href":"https:\/\/api.w.org\/{rel}","templated":true}]}}