{"id":471,"date":"2014-03-31T13:49:57","date_gmt":"2014-03-31T11:49:57","guid":{"rendered":"http:\/\/www.johannes-prassek.de\/?page_id=471"},"modified":"2026-02-09T13:55:57","modified_gmt":"2026-02-09T12:55:57","slug":"spenden","status":"publish","type":"page","link":"https:\/\/johannes-prassek.de\/?page_id=471","title":{"rendered":"Spenden"},"content":{"rendered":"<p><img loading=\"lazy\" decoding=\"async\" class=\"alignnone wp-image-1668 size-full\" src=\"https:\/\/johannes-prassek.de\/wp-content\/uploads\/2014\/03\/spenden-prassek.jpg\" alt=\"spenden-prassek\" width=\"700\" height=\"300\" srcset=\"https:\/\/johannes-prassek.de\/wp-content\/uploads\/2014\/03\/spenden-prassek.jpg 700w, https:\/\/johannes-prassek.de\/wp-content\/uploads\/2014\/03\/spenden-prassek-300x129.jpg 300w\" sizes=\"auto, (max-width: 700px) 100vw, 700px\" \/><\/p>\n<p>Die Pfarrei Seliger Johannes Prassek erf\u00fcllt an ihren f\u00fcnf Standorten vielf\u00e4ltige soziale, kulturelle und humanit\u00e4re Aufgaben. Wir k\u00fcmmern uns um die Jugend und ihre religi\u00f6se Erziehung,<br \/>\nbesuchen Kranke, veranstalten Seniorennachmittage und vieles mehr.<\/p>\n<p>Nicht zuletzt die bauliche Erhaltung unserer f\u00fcnf Kirchen und der gemeindlichen Einrichtungen erfordern immer wieder gro\u00dfen Einsatz.<\/p>\n<p>All dies k\u00f6nnen wir in diesem Umfang ohne Ihre finanzielle Hilfe nicht leisten.<\/p>\n<p>Bitte unterst\u00fctzen Sie unsere Gemeindearbeit durch Ihre Spende.<\/p>\n<p>Sie k\u00f6nnen Ihre Spende der Pfarrei Seliger Johannes Prassek allgemein zukommen lassen oder als Verwendungszweck den Namen einer der f\u00fcnf zur Pfarrei geh\u00f6renden Gemeinden angeben.<\/p>\n<p>Vergessen Sie bitte nicht, beim Verwendungszweck auch Ihre Adresse zu schreiben, damit wir Ihnen eine Zuwendungsbest\u00e4tigung zusenden k\u00f6nnen.<\/p>\n<p>Kontoinhaber: Pfarrei Seliger Johannes Prassek<br \/>\nIBAN: DE18 4006 0265 1319 1600 00<br \/>\nBIC: GENODEM1DKM<br \/>\nVerwendungszweck: \u201ez. B. Hl. Kreuz\u201c, Adresse des Spenders<\/p>\n<p>Bei Bareinzahlung geben Sie bitte f\u00fcr den Versand der Zuwendungsbest\u00e4tigung zus\u00e4tzlich auch Ihren Namen an.<\/p>\n<p><strong>Anlass-Spenden<\/strong><\/p>\n<p>sind eine weitere M\u00f6glichkeit, unsere Arbeit zu unterst\u00fctzen. Verzichten Sie bei Geburtstagen, Jubil\u00e4en o. \u00e4. Festen auf pers\u00f6nliche Geschenke. Bitten Sie stattdessen um eine Spende f\u00fcr ein Projekt Ihrer Gemeinde.<\/p>\n<p><strong>Wie geht das:<\/strong><br \/>\nInformieren Sie vorab das Pfarrb\u00fcro oder Ihre Gemeinde, dass Sie Spenden sammeln m\u00f6chten. Alle G\u00e4ste sollen dann bei der \u00dcberweisung als Verwendungszweck den Anlass, wie z. B. \u201e Geburtstag Maria Schmidt\u201c und auch ihre Adresse f\u00fcr die Zuwendungsbest\u00e4tigung angeben. Ca. 4 Wochen nach Ihrem Fest erfahren Sie Spendernamen und die Gesamtsumme der eingegangenen Spenden. Sie k\u00f6nnen sich so bei allen noch einmal f\u00fcr ihre Gro\u00dfz\u00fcgigkeit zu bedanken.<\/p>\n<p>Sie k\u00f6nnen aber auch auf Ihrem Fest f\u00fcr die Gemeinde bzw. ein Gemeindeprojekt sammeln. Wenn Sie dabei die Namen, Adressen und Spendenbetr\u00e4ge in einer Liste erfassen, erhalten auch so alle Spender eine Zuwendungsbest\u00e4tigung.<\/p>\n<p><strong>Testamentspende\/Verm\u00e4chtnis<\/strong><\/p>\n<p>Sollten Sie sich mit dem Gedanken tragen, die Pfarrei oder Ihre Gemeinde in Ihrem Testament zu bedenken, wenden Sie sich bitte vertrauensvoll an einen Seelsorger oder eine Seelsorgerin Ihrer Gemeinde oder unserer Pfarrei.<\/p>\n<p>Wir wollen auch zu diesen Fragen im Pfarrbrief und auf der Homepage regelm\u00e4\u00dfig weitere Informationen geben. Gerne k\u00f6nnen Sie auch Ihre Fragen an die Pfarrei schreiben.<\/p>\n<p><strong>Freiwilliger Gemeindebeitrag<\/strong><\/p>\n<p><a href=\"https:\/\/johannes-prassek.de\/wp-content\/uploads\/2023\/02\/Formular-Einzugsermaechtigung-bzw.-Spende-SJP.pdf\" target=\"_blank\" rel=\"noopener\">Hier finden Sie den Flyer zum Freiwillige Gemeindebetrag mit dem Sie unsere Pfarrei mit einer einmaligen Spende oder einer regelm\u00e4\u00dfigen Spendenzusage unterst\u00fctzen k\u00f6nnen.<\/a><\/p>\n","protected":false},"excerpt":{"rendered":"<p>Die Pfarrei Seliger Johannes Prassek erf\u00fcllt an ihren f\u00fcnf Standorten vielf\u00e4ltige soziale, kulturelle und humanit\u00e4re Aufgaben. Wir k\u00fcmmern uns um die Jugend und ihre religi\u00f6se Erziehung, besuchen Kranke, veranstalten Seniorennachmittage und vieles mehr. Nicht zuletzt die bauliche Erhaltung unserer f\u00fcnf Kirchen und der gemeindlichen Einrichtungen erfordern immer wieder gro\u00dfen Einsatz. All dies k\u00f6nnen wir in &hellip; <a href=\"https:\/\/johannes-prassek.de\/?page_id=471\" class=\"more-link\"><span class=\"screen-reader-text\">Spenden<\/span> weiterlesen <span class=\"meta-nav\">&rarr;<\/span><\/a><\/p>\n","protected":false},"author":1,"featured_media":0,"parent":174,"menu_order":10,"comment_status":"closed","ping_status":"closed","template":"","meta":{"_uag_custom_page_level_css":"","ngg_post_thumbnail":0,"cybocfi_hide_featured_image":"","footnotes":""},"class_list":["post-471","page","type-page","status-publish","hentry"],"uagb_featured_image_src":{"full":false,"thumbnail":false,"medium":false,"medium_large":false,"large":false,"1536x1536":false,"2048x2048":false,"post-thumbnail":false,"twentyfourteen-full-width":false,"mailpoet_newsletter_max":false},"uagb_author_info":{"display_name":"wp_admin","author_link":"https:\/\/johannes-prassek.de\/?author=1"},"uagb_comment_info":0,"uagb_excerpt":"Die Pfarrei Seliger Johannes Prassek erf\u00fcllt an ihren f\u00fcnf Standorten vielf\u00e4ltige soziale, kulturelle und humanit\u00e4re Aufgaben. Wir k\u00fcmmern uns um die Jugend und ihre religi\u00f6se Erziehung, besuchen Kranke, veranstalten Seniorennachmittage und vieles mehr. Nicht zuletzt die bauliche Erhaltung unserer f\u00fcnf Kirchen und der gemeindlichen Einrichtungen erfordern immer wieder gro\u00dfen Einsatz. All dies k\u00f6nnen wir in&hellip;","publishpress_future_action":{"enabled":false,"date":"2026-04-23 00:03:17","action":"change-status","newStatus":"draft","terms":[],"taxonomy":"","extraData":[]},"publishpress_future_workflow_manual_trigger":{"enabledWorkflows":[]},"_links":{"self":[{"href":"https:\/\/johannes-prassek.de\/index.php?rest_route=\/wp\/v2\/pages\/471","targetHints":{"allow":["GET"]}}],"collection":[{"href":"https:\/\/johannes-prassek.de\/index.php?rest_route=\/wp\/v2\/pages"}],"about":[{"href":"https:\/\/johannes-prassek.de\/index.php?rest_route=\/wp\/v2\/types\/page"}],"author":[{"embeddable":true,"href":"https:\/\/johannes-prassek.de\/index.php?rest_route=\/wp\/v2\/users\/1"}],"replies":[{"embeddable":true,"href":"https:\/\/johannes-prassek.de\/index.php?rest_route=%2Fwp%2Fv2%2Fcomments&post=471"}],"version-history":[{"count":4,"href":"https:\/\/johannes-prassek.de\/index.php?rest_route=\/wp\/v2\/pages\/471\/revisions"}],"predecessor-version":[{"id":17304,"href":"https:\/\/johannes-prassek.de\/index.php?rest_route=\/wp\/v2\/pages\/471\/revisions\/17304"}],"up":[{"embeddable":true,"href":"https:\/\/johannes-prassek.de\/index.php?rest_route=\/wp\/v2\/pages\/174"}],"wp:attachment":[{"href":"https:\/\/johannes-prassek.de\/index.php?rest_route=%2Fwp%2Fv2%2Fmedia&parent=471"}],"curies":[{"name":"wp","href":"https:\/\/api.w.org\/{rel}","templated":true}]}}