{"id":4653,"date":"2019-12-19T04:50:51","date_gmt":"2019-12-19T03:50:51","guid":{"rendered":"https:\/\/www.johannes-prassek.de\/?page_id=4653"},"modified":"2022-05-24T01:04:18","modified_gmt":"2022-05-23T23:04:18","slug":"ausserschulischer-religionsunterricht-erstkommunion","status":"publish","type":"page","link":"https:\/\/johannes-prassek.de\/?page_id=4653","title":{"rendered":"Au\u00dferschulischer Religionsunterricht \/ Erstkommunion in St. Wilhelm"},"content":{"rendered":"\n<h1 class=\"wp-block-heading\">Au\u00dferschulischer Religionsunterricht<\/h1>\n\n\n\n<p>F\u00fcr alle Sch\u00fclerinnen und Sch\u00fcler, die keine katholische Schule besuchen, bieten wir in den R\u00e4umen des Gemeindehauses den Religionsunterricht donnerstags zu folgenden Zeiten an:<\/p>\n\n\n\n<p>15:30 Uhr: Klasse 1 + 2 (Frau Kittel)<\/p>\n\n\n\n<p>16:30 Uhr: Klasse 3&nbsp; (Frau Kittel)<\/p>\n\n\n\n<p>17:30 Uhr: Klasse 4 &#8211; 8 (Frau Kittel)<\/p>\n","protected":false},"excerpt":{"rendered":"<p>Au\u00dferschulischer Religionsunterricht F\u00fcr alle Sch\u00fclerinnen und Sch\u00fcler, die keine katholische Schule besuchen, bieten wir in den R\u00e4umen des Gemeindehauses den Religionsunterricht donnerstags zu folgenden Zeiten an: 15:30 Uhr: Klasse 1 + 2 (Frau Kittel) 16:30 Uhr: Klasse 3&nbsp; (Frau Kittel) 17:30 Uhr: Klasse 4 &#8211; 8 (Frau Kittel)<\/p>\n","protected":false},"author":1,"featured_media":0,"parent":4647,"menu_order":10,"comment_status":"closed","ping_status":"closed","template":"","meta":{"_uag_custom_page_level_css":"","ngg_post_thumbnail":0,"cybocfi_hide_featured_image":"","footnotes":""},"class_list":["post-4653","page","type-page","status-publish","hentry"],"uagb_featured_image_src":{"full":false,"thumbnail":false,"medium":false,"medium_large":false,"large":false,"1536x1536":false,"2048x2048":false,"post-thumbnail":false,"twentyfourteen-full-width":false,"mailpoet_newsletter_max":false},"uagb_author_info":{"display_name":"wp_admin","author_link":"https:\/\/johannes-prassek.de\/?author=1"},"uagb_comment_info":0,"uagb_excerpt":"Au\u00dferschulischer Religionsunterricht F\u00fcr alle Sch\u00fclerinnen und Sch\u00fcler, die keine katholische Schule besuchen, bieten wir in den R\u00e4umen des Gemeindehauses den Religionsunterricht donnerstags zu folgenden Zeiten an: 15:30 Uhr: Klasse 1 + 2 (Frau Kittel) 16:30 Uhr: Klasse 3&nbsp; (Frau Kittel) 17:30 Uhr: Klasse 4 &#8211; 8 (Frau Kittel)","publishpress_future_action":{"enabled":false,"date":"2026-05-16 10:59:54","action":"change-status","newStatus":"draft","terms":[],"taxonomy":"","extraData":[]},"publishpress_future_workflow_manual_trigger":{"enabledWorkflows":[]},"_links":{"self":[{"href":"https:\/\/johannes-prassek.de\/index.php?rest_route=\/wp\/v2\/pages\/4653","targetHints":{"allow":["GET"]}}],"collection":[{"href":"https:\/\/johannes-prassek.de\/index.php?rest_route=\/wp\/v2\/pages"}],"about":[{"href":"https:\/\/johannes-prassek.de\/index.php?rest_route=\/wp\/v2\/types\/page"}],"author":[{"embeddable":true,"href":"https:\/\/johannes-prassek.de\/index.php?rest_route=\/wp\/v2\/users\/1"}],"replies":[{"embeddable":true,"href":"https:\/\/johannes-prassek.de\/index.php?rest_route=%2Fwp%2Fv2%2Fcomments&post=4653"}],"version-history":[{"count":1,"href":"https:\/\/johannes-prassek.de\/index.php?rest_route=\/wp\/v2\/pages\/4653\/revisions"}],"predecessor-version":[{"id":11904,"href":"https:\/\/johannes-prassek.de\/index.php?rest_route=\/wp\/v2\/pages\/4653\/revisions\/11904"}],"up":[{"embeddable":true,"href":"https:\/\/johannes-prassek.de\/index.php?rest_route=\/wp\/v2\/pages\/4647"}],"wp:attachment":[{"href":"https:\/\/johannes-prassek.de\/index.php?rest_route=%2Fwp%2Fv2%2Fmedia&parent=4653"}],"curies":[{"name":"wp","href":"https:\/\/api.w.org\/{rel}","templated":true}]}}