{"id":4647,"date":"2019-12-19T04:49:20","date_gmt":"2019-12-19T03:49:20","guid":{"rendered":"https:\/\/www.johannes-prassek.de\/?page_id=4647"},"modified":"2022-06-19T14:20:38","modified_gmt":"2022-06-19T12:20:38","slug":"sakramente","status":"publish","type":"page","link":"https:\/\/johannes-prassek.de\/?page_id=4647","title":{"rendered":"Sakramente in St. Wilhelm"},"content":{"rendered":"\n<h1 class=\"wp-block-heading\">Taufen, Hochzeiten, Wiedereintritt in die Kirche, Beerdigungen<\/h1>\n\n\n\n<p><strong>Unsere Gemeinde St. Wilhelm geh\u00f6rt seit dem 29.6.2014 mit vier weiteren Gemeinden zur neu gegr\u00fcndeten<br>Pfarrei Seliger Johannes Prassek<br>Oldenfelder Stra\u00dfe 23<br>22 143 Hamburg<br>Tel.: 040 334 65 45 \u2013 00<br>E-Mail: <a>info@johannes-prassek.de<\/a><\/strong><\/p>\n\n\n\n<p><strong>Tauftermine<\/strong> k\u00f6nnen \u00fcber das oben genannte Pfarrb\u00fcro oder \u00fcber unser Gemeindeb\u00fcro (040 334 65 45 &#8211; 24, Fax: 040 334 65 45 &#8211; 94) vermittelt und\u00a0mit dem Pfarrer abgesprochen werden. In der Regel erfolgt ein Taufvorbereitungsgespr\u00e4ch mit den Eltern, zu dem die \u201eGeburtsbescheinigung f\u00fcr religi\u00f6se Zwecke\u201c mitgebracht werden muss.<br>Erwachsenentaufen erfolgen nach einer l\u00e4ngeren, individuellen Taufvorbereitung.<\/p>\n\n\n\n<p><strong>Hochzeitstermine <\/strong>k\u00f6nnen ebenfalls auf diesem Wege vermittelt und mit dem Pfarrer abgesprochen werden; wegen der umfangreicheren Hochzeitsvorbereitungen ist es ratsam, mindestens drei Monate vor dem geplanten Termin Kontakt aufzunehmen.<br>Voraussetzung f\u00fcr eine kirchliche Trauung ist die Zugeh\u00f6rigkeit mindestens eines Teiles des Hochzeitspaares zur katholischen Kirche.<\/p>\n\n\n\n<p><strong>Der Wiedereintritt<\/strong> in die Kirche erfolgt, anders als der Austritt, nicht \u00fcber das zust\u00e4ndige Bezirksamt, sondern direkt \u00fcber die Pfarrei. Der Pfarrer stellt nach einem &#8211; oder unter Umst\u00e4nden auch mehreren &#8211; pers\u00f6nlichen Gespr\u00e4chen einen Antrag auf Wiederaufnahme. F\u00fcr die Wiederaufnahme selbst gibt es keine vorgeschriebene Form; sie kann ganz privat oder auch im Rahmen eines Gottesdienstes erfolgen. Die Unterlagen \u00fcber die erfolgte Wiederaufnahme werden dann vom Pfarrb\u00fcro an die zust\u00e4ndigen staatlichen und kirchlichen Meldestellen verschickt.<\/p>\n\n\n\n<p><strong>Kirchliche Beisetzungen<\/strong> k\u00f6nnen als Erd- oder auch Urnenbestattungen auf dem Ohlsdorfer Friedhof, auf dem Bramfelder Friedhof oder auch auf allen anderen Friedh\u00f6fen erfolgen. Die Trauerfeiern k\u00f6nnen entweder in den entsprechenden Friedhofskapellen oder auch in unserer Kirche stattfinden. Es sind auch Trauerfeiern bei sp\u00e4ter vorgesehenen anonymen Bestattungen m\u00f6glich.<\/p>\n","protected":false},"excerpt":{"rendered":"<p>Taufen, Hochzeiten, Wiedereintritt in die Kirche, Beerdigungen Unsere Gemeinde St. Wilhelm geh\u00f6rt seit dem 29.6.2014 mit vier weiteren Gemeinden zur neu gegr\u00fcndetenPfarrei Seliger Johannes PrassekOldenfelder Stra\u00dfe 2322 143 HamburgTel.: 040 334 65 45 \u2013 00E-Mail: info@johannes-prassek.de Tauftermine k\u00f6nnen \u00fcber das oben genannte Pfarrb\u00fcro oder \u00fcber unser Gemeindeb\u00fcro (040 334 65 45 &#8211; 24, Fax: 040 &hellip; <a href=\"https:\/\/johannes-prassek.de\/?page_id=4647\" class=\"more-link\"><span class=\"screen-reader-text\">Sakramente in St. Wilhelm<\/span> weiterlesen <span class=\"meta-nav\">&rarr;<\/span><\/a><\/p>\n","protected":false},"author":1,"featured_media":0,"parent":4619,"menu_order":20,"comment_status":"closed","ping_status":"closed","template":"","meta":{"_uag_custom_page_level_css":"","ngg_post_thumbnail":0,"cybocfi_hide_featured_image":"","footnotes":""},"class_list":["post-4647","page","type-page","status-publish","hentry"],"uagb_featured_image_src":{"full":false,"thumbnail":false,"medium":false,"medium_large":false,"large":false,"1536x1536":false,"2048x2048":false,"post-thumbnail":false,"twentyfourteen-full-width":false,"mailpoet_newsletter_max":false},"uagb_author_info":{"display_name":"wp_admin","author_link":"https:\/\/johannes-prassek.de\/?author=1"},"uagb_comment_info":0,"uagb_excerpt":"Taufen, Hochzeiten, Wiedereintritt in die Kirche, Beerdigungen Unsere Gemeinde St. Wilhelm geh\u00f6rt seit dem 29.6.2014 mit vier weiteren Gemeinden zur neu gegr\u00fcndetenPfarrei Seliger Johannes PrassekOldenfelder Stra\u00dfe 2322 143 HamburgTel.: 040 334 65 45 \u2013 00E-Mail: info@johannes-prassek.de Tauftermine k\u00f6nnen \u00fcber das oben genannte Pfarrb\u00fcro oder \u00fcber unser Gemeindeb\u00fcro (040 334 65 45 &#8211; 24, Fax: 040&hellip;","publishpress_future_action":{"enabled":false,"date":"2026-05-16 12:34:34","action":"change-status","newStatus":"draft","terms":[],"taxonomy":"","extraData":[]},"publishpress_future_workflow_manual_trigger":{"enabledWorkflows":[]},"_links":{"self":[{"href":"https:\/\/johannes-prassek.de\/index.php?rest_route=\/wp\/v2\/pages\/4647","targetHints":{"allow":["GET"]}}],"collection":[{"href":"https:\/\/johannes-prassek.de\/index.php?rest_route=\/wp\/v2\/pages"}],"about":[{"href":"https:\/\/johannes-prassek.de\/index.php?rest_route=\/wp\/v2\/types\/page"}],"author":[{"embeddable":true,"href":"https:\/\/johannes-prassek.de\/index.php?rest_route=\/wp\/v2\/users\/1"}],"replies":[{"embeddable":true,"href":"https:\/\/johannes-prassek.de\/index.php?rest_route=%2Fwp%2Fv2%2Fcomments&post=4647"}],"version-history":[{"count":3,"href":"https:\/\/johannes-prassek.de\/index.php?rest_route=\/wp\/v2\/pages\/4647\/revisions"}],"predecessor-version":[{"id":12087,"href":"https:\/\/johannes-prassek.de\/index.php?rest_route=\/wp\/v2\/pages\/4647\/revisions\/12087"}],"up":[{"embeddable":true,"href":"https:\/\/johannes-prassek.de\/index.php?rest_route=\/wp\/v2\/pages\/4619"}],"wp:attachment":[{"href":"https:\/\/johannes-prassek.de\/index.php?rest_route=%2Fwp%2Fv2%2Fmedia&parent=4647"}],"curies":[{"name":"wp","href":"https:\/\/api.w.org\/{rel}","templated":true}]}}