{"id":4639,"date":"2019-12-19T04:45:40","date_gmt":"2019-12-19T03:45:40","guid":{"rendered":"https:\/\/www.johannes-prassek.de\/?page_id=4639"},"modified":"2022-05-24T01:10:28","modified_gmt":"2022-05-23T23:10:28","slug":"kinderkirche","status":"publish","type":"page","link":"https:\/\/johannes-prassek.de\/?page_id=4639","title":{"rendered":"Kinderkirche in St. Wilhelm"},"content":{"rendered":"\n<h1 class=\"wp-block-heading\">Kinderkirche<\/h1>\n\n\n\n<p>Wir brauchen Sie!!<\/p>\n\n\n\n<p>Wir feiern mit den Kindern jeden zweiten Sonntag im Monat au\u00dfer in den Hamburger Schulferien Kinderkirche parallel zum sonnt\u00e4glichen Gottesdienst. Dies sind im Jahr 7-8 Termine. Palmsonntag machen wir manchmal auch zwei Gruppen. Wir brauchen <strong>dringend <\/strong>Unterst\u00fctzung! Damit es f\u00fcr den Einzelnen nicht zu viel wird, brauchen wir viele helfende H\u00e4nde, s.d. jeder nur 1-2 Termine im Jahr hat. Im Moment geh\u00f6ren zum Kinderkirchteam Vera und Norbert Poggemann, Angela Husmann, und Marita Schnatz-B\u00fcttgen.<\/p>\n\n\n\n<p>Im Rahmen der Kinderkirche laden wir zurzeit Kinder von 4 Jahren bis zum Kommunionalter zur Kinderkirche ein. In der Kinderkirche erleben die Kinder ihren eigenen Wortgottesdienst, der inhaltlich auf die Texte des Sonntags abgestimmt ist.<\/p>\n\n\n\n<p><strong>Trauen Sie sich! <\/strong>Bringen Sie Ihre eigenen Ideen und Anregungen mit ein. Sie brauchen f\u00fcr die Mithilfe kein Theologiestudium sondern nur Spa\u00df am Arbeiten mit Kindern.<\/p>\n\n\n\n<p>Bei R\u00fcckfragen stehe ich ihnen gerne unter der Telefonnummer 61186823 (ab 17 Uhr) zur Verf\u00fcgung oder per Mail unter M_M.Buettgen@gmx.de oder sprechen Sie gerne jeden anderen aus dem Team an.<\/p>\n\n\n\n<p>Marita Schnatz-B\u00fcttgen f\u00fcr das Team der Kinderkirche<\/p>\n","protected":false},"excerpt":{"rendered":"<p>Kinderkirche Wir brauchen Sie!! Wir feiern mit den Kindern jeden zweiten Sonntag im Monat au\u00dfer in den Hamburger Schulferien Kinderkirche parallel zum sonnt\u00e4glichen Gottesdienst. Dies sind im Jahr 7-8 Termine. Palmsonntag machen wir manchmal auch zwei Gruppen. Wir brauchen dringend Unterst\u00fctzung! Damit es f\u00fcr den Einzelnen nicht zu viel wird, brauchen wir viele helfende H\u00e4nde, &hellip; <a href=\"https:\/\/johannes-prassek.de\/?page_id=4639\" class=\"more-link\"><span class=\"screen-reader-text\">Kinderkirche in St. Wilhelm<\/span> weiterlesen <span class=\"meta-nav\">&rarr;<\/span><\/a><\/p>\n","protected":false},"author":1,"featured_media":0,"parent":4629,"menu_order":50,"comment_status":"closed","ping_status":"closed","template":"","meta":{"_uag_custom_page_level_css":"","ngg_post_thumbnail":0,"cybocfi_hide_featured_image":"","footnotes":""},"class_list":["post-4639","page","type-page","status-publish","hentry"],"uagb_featured_image_src":{"full":false,"thumbnail":false,"medium":false,"medium_large":false,"large":false,"1536x1536":false,"2048x2048":false,"post-thumbnail":false,"twentyfourteen-full-width":false,"mailpoet_newsletter_max":false},"uagb_author_info":{"display_name":"wp_admin","author_link":"https:\/\/johannes-prassek.de\/?author=1"},"uagb_comment_info":0,"uagb_excerpt":"Kinderkirche Wir brauchen Sie!! Wir feiern mit den Kindern jeden zweiten Sonntag im Monat au\u00dfer in den Hamburger Schulferien Kinderkirche parallel zum sonnt\u00e4glichen Gottesdienst. Dies sind im Jahr 7-8 Termine. Palmsonntag machen wir manchmal auch zwei Gruppen. Wir brauchen dringend Unterst\u00fctzung! Damit es f\u00fcr den Einzelnen nicht zu viel wird, brauchen wir viele helfende H\u00e4nde,&hellip;","publishpress_future_action":{"enabled":false,"date":"2026-05-16 11:00:08","action":"change-status","newStatus":"draft","terms":[],"taxonomy":"","extraData":[]},"publishpress_future_workflow_manual_trigger":{"enabledWorkflows":[]},"_links":{"self":[{"href":"https:\/\/johannes-prassek.de\/index.php?rest_route=\/wp\/v2\/pages\/4639","targetHints":{"allow":["GET"]}}],"collection":[{"href":"https:\/\/johannes-prassek.de\/index.php?rest_route=\/wp\/v2\/pages"}],"about":[{"href":"https:\/\/johannes-prassek.de\/index.php?rest_route=\/wp\/v2\/types\/page"}],"author":[{"embeddable":true,"href":"https:\/\/johannes-prassek.de\/index.php?rest_route=\/wp\/v2\/users\/1"}],"replies":[{"embeddable":true,"href":"https:\/\/johannes-prassek.de\/index.php?rest_route=%2Fwp%2Fv2%2Fcomments&post=4639"}],"version-history":[{"count":1,"href":"https:\/\/johannes-prassek.de\/index.php?rest_route=\/wp\/v2\/pages\/4639\/revisions"}],"predecessor-version":[{"id":11933,"href":"https:\/\/johannes-prassek.de\/index.php?rest_route=\/wp\/v2\/pages\/4639\/revisions\/11933"}],"up":[{"embeddable":true,"href":"https:\/\/johannes-prassek.de\/index.php?rest_route=\/wp\/v2\/pages\/4629"}],"wp:attachment":[{"href":"https:\/\/johannes-prassek.de\/index.php?rest_route=%2Fwp%2Fv2%2Fmedia&parent=4639"}],"curies":[{"name":"wp","href":"https:\/\/api.w.org\/{rel}","templated":true}]}}