{"id":4068,"date":"2019-09-27T21:53:52","date_gmt":"2019-09-27T19:53:52","guid":{"rendered":"https:\/\/www.johannes-prassek.de\/?page_id=4068"},"modified":"2026-01-22T13:41:44","modified_gmt":"2026-01-22T12:41:44","slug":"fluechlingsarbeit","status":"publish","type":"page","link":"https:\/\/johannes-prassek.de\/?page_id=4068","title":{"rendered":"Fl\u00fcchtlingsarbeit"},"content":{"rendered":"\n\n\n<h4 class=\"wp-block-heading has-text-align-center\" id=\"unterstutzung-begleitung-forderung\">Unterst\u00fctzung, Begleitung, F\u00f6rderung<\/h4>\n\n\n\n<p>Seit vielen Jahren engagieren sich Menschen aus unseren f\u00fcnf Gemeinden f\u00fcr Gefl\u00fcchtete und Migranten im Bereich der Pfarrei \u2013 helfen Kindern bei den Hausaufgaben,&nbsp; stehen Familien als Paten zur Seite, machen sich in der Kleiderkammer n\u00fctzlich. Seit dem vergangenen Jahr sind die Zahlen der in Hamburg neu unterzubringenden Fl\u00fcchtlinge gesunken und statt der akuten Nothilfe steht nun die Hilfe zur Integration der Neub\u00fcrger in Stadtteil und Arbeitsmarkt im Vordergrund: Unterst\u00fctzung bei Bewerbungen, individuelle Sprachf\u00f6rderung, Begleitung bei der Wohnungssuche sind nur einige Beispiele. Das interkulturelle <a href=\"https:\/\/sankt-bernard.ansgar-portal.de\/erwachsene\/cafemachmit\/\">Caf\u00e9 Mach Mit<\/a> gibt&nbsp; einmal im Monat Gelegenheit zur Begegnung f\u00fcr Gemeindemitglieder und Gefl\u00fcchtete und erfreut sich gro\u00dfer Beliebtheit \u00fcber den Stadtteil hinaus. Die <a href=\"http:\/\/www.st-wilhelm.de\/projekte\/fluechtlingsarbeit\">Fl\u00fcchtlingshilfe St. Wilhelm<\/a> ist \u00f6kumenisch aufgestellt und&nbsp; kooperiert mit der Osterkirche Bramfeld mit seinem Fl\u00fcchtlings-Caf\u00e9. In <a href=\"https:\/\/www.heilig-kreuz-volksdorf.de\/unterstuetzen\/projekte\/fluechtlingsarbeit\/\">Hl. Kreuz<\/a> gibt es einen Unterst\u00fctzerkreis f\u00fcr Gefl\u00fcchtete.&nbsp; Ebenfalls in Volksdorf bieten die <a href=\"https:\/\/www.malteser-im-norden.de\/angebote-und-leistungen\/migration-integration-und-litauenhilfe\/integrationsarbeit.html\">Malteser<\/a> Sprachkurse f\u00fcr Erwachsene und eine Fahrradwerkstatt im Malteser Jugendzentrum <a href=\"http:\/\/www.manna-volksdorf.de\">Manna<\/a><em>. <\/em><\/p>\n\n\n\n<p>Die pers\u00f6nliche Begegnung mit den gefl\u00fcchteten Menschen kann auf wunderbare Weise eine Bereicherung f\u00fcr uns Christen sein, aus Fremden werden Mitb\u00fcrgerinnen und Mitb\u00fcrger. Sie sind herzlich eingeladen dabei zu sein, neue ehrenamtliche Helferinnen und Helfer sind willkommen.&nbsp; Sie m\u00f6chten sich engagieren? Sie haben Kontakt zu Migranten oder betreuen Fl\u00fcchtlinge? Nachfolgend finden Sie n\u00fctzliche Hinweise.<\/p>\n\n\n\n<h5 class=\"wp-block-heading has-text-align-center has-background\" id=\"angebote-fur-neuburger-und-gefluchtete-im-umfeld-unserer-pfarrei\" style=\"background-color:#93df10\"><strong>Angebote f\u00fcr Neub\u00fcrger und Gefl\u00fcchtete im Umfeld unserer Pfarrei<\/strong><\/h5>\n\n\n\n<h1 class=\"wp-block-heading has-normal-font-size\" id=\"achtung-angesichts-der-geltenden-corona-beschrankungen-ist-es-wichtig-dass-sie-sich-bei-der-entsprechenden-kontaktperson-anmelden\"><span style=\"color:#ce1d21\" class=\"tadv-color\"><em>Durch den Ukraine-Krieg haben Sie vielleicht das Bed\u00fcrfnis, Gefl\u00fcchtete zu unterst\u00fctzen. Falls Sie Kontakt zu Migranten haben, finden Sie hier Angebote f\u00fcr Menschen aus aller Welt, zum Weitergeben und Mitmachen.<\/em><\/span><\/h1>\n\n\n<p style=\"text-align: right;\">\n<table id=\"tablepress-11\" class=\"tablepress tablepress-id-11\">\n<thead>\n<tr class=\"row-1\">\n\t<td class=\"column-1\"><\/td><th class=\"column-2\">Ansprechpartner<\/th><th class=\"column-3\">Ort und Zeit<\/th>\n<\/tr>\n<\/thead>\n<tbody class=\"row-striping row-hover\">\n<tr class=\"row-2\">\n\t<td class=\"column-1\">Offene <br \/>\nTreffpunkte<\/td><td class=\"column-2\">Caf\u00e9 Mach Mit,  <br \/>\nKatholische Kirche St. Bernard<br \/>\n<a href=\"mailto:Anette.bethge@web.de\">Anette.bethge@web.de<\/a><br \/>\n<\/td><td class=\"column-3\">Sonntag 1x im Monat, Termine siehe <br \/>\n<a href=\"http:\/\/sankt-bernard.ansgar-portal.de\/erwachsene\/cafemachmit\/\">SanktBernard-CafeMachMit<\/a><\/td>\n<\/tr>\n<tr class=\"row-3\">\n\t<td class=\"column-1\"><\/td><td class=\"column-2\">Caf\u00e9 Miteinander  Gemeinsam Deutsch \u00fcben im OHLE<br \/>\n<a href=\"mailto:ohle@cvjm-oberalster.de\">ohle@cvjm-oberalster.de<\/a><br \/>\n <br \/>\n<br \/>\n<\/td><td class=\"column-3\">SDi und Do 15 Uhr <br \/>\nBegegnungshaus Ohlendieksh\u00f6he 24a<br \/>\n<br \/>\n<\/td>\n<\/tr>\n<tr class=\"row-4\">\n\t<td class=\"column-1\"><\/td><td class=\"column-2\">Frauen u. M\u00e4dchen-Caf\u00e9<br \/>\nFrauencaf\u00e9 im JULE<br \/>\n<a href=\"mailto:christoph.horteux@cvjm-oberalster.de<br \/>\n\">christoph.horteux@cvjm-oberalster.de<br \/>\n<\/a><br \/>\n<\/td><td class=\"column-3\">am 2. Samstag im Monat 15-18 Uhr<br \/>\nLemsahler Landstra\u00dfe 213<br \/>\n<\/td>\n<\/tr>\n<tr class=\"row-5\">\n\t<td class=\"column-1\">Kinder <br \/>\nund Jugend<\/td><td class=\"column-2\">Nachhilfe\/Deutschlernen<br \/>\nOHLE Begegnungshaus<br \/>\n<br \/>\nOffener M\u00e4dchen Treff<br \/>\nCVJM Jugendhaus JULE  <br \/>\n<\/td><td class=\"column-3\">Dienstags und Donnerstags, 15 Uhr<br \/>\nOhlendieksh\u00f6he 24a <br \/>\n<br \/>\n Fr  15 Uhr Offenes JULE<br \/>\n Lemsahler Landstra\u00dfe 213<br \/>\n<\/td>\n<\/tr>\n<tr class=\"row-6\">\n\t<td class=\"column-1\">Deutsche <br \/>\nSprache<\/td><td class=\"column-2\">Konversation Deutsch<br \/>\nKonversation Deutsch, Lernunterst\u00fctzung<br \/>\nWeltladen BraLa <br \/>\n<a href=\"mailto::info@bramfelderlaterne.de\">info@bramfelderlaterne.de<\/a><br \/>\n<br \/>\n<\/td><td class=\"column-3\">Berner Chaussee 58<br \/>\nTermine bitte erfragen<br \/>\n<br \/>\n<br \/>\nIm Manna<br \/>\nAhrensburger Weg 14<br \/>\nMo \u2013 Fr,  9\u2013 12 Uhr, auf Anfrage<br \/>\n<\/td>\n<\/tr>\n<tr class=\"row-7\">\n\t<td class=\"column-1\"><\/td><td class=\"column-2\">Deutsch und Orientierungskurse <br \/>\n<a href=\"mailto:susanne.behem-loeffler@malteser.org\">susanne.behem-loeffler@malteser.org<\/a><\/td><td class=\"column-3\">Im Manna\/MIZ, <br \/>\nAhrensburger Weg 14<br \/>\nMo - Fr 8 \u2013 12 Uhr, auf Anfrage<\/td>\n<\/tr>\n<tr class=\"row-8\">\n\t<td class=\"column-1\"><\/td><td class=\"column-2\"><\/td><td class=\"column-3\"><\/td>\n<\/tr>\n<tr class=\"row-9\">\n\t<td class=\"column-1\">Sonstige Aktivit\u00e4ten<\/td><td class=\"column-2\">Fahrradwerkstatt im OHLE<br \/>\n<a href=\"mailto:axel.kloebe@web.de\">axel.kloebe@web.de<\/a><\/td><td class=\"column-3\">Ohlendieksh\u00f6he 24a<br \/>\nFreitag 14.30 \u2013 16.30 Uhr<br \/>\n<\/td>\n<\/tr>\n<tr class=\"row-10\">\n\t<td class=\"column-1\"><\/td><td class=\"column-2\">Pedalritter, Fahrradwerkstatt im Manna<br \/>\nN\u00e4heres bei: <a href=\"mailto:Anette.bethge@web.de\">Anette.bethge@web.de<\/a><\/td><td class=\"column-3\">z.Zt. Mittwoch 10 \u2013 12 Uhr<br \/>\nund unter 0160 90360829<br \/>\n<\/td>\n<\/tr>\n<tr class=\"row-11\">\n\t<td class=\"column-1\"><\/td><td class=\"column-2\">Berufsberatung f\u00fcr Gefl\u00fcchtete durch Malteser, Volksdorf<\/td><td class=\"column-3\">nach Anmeldung <a href=\"mailto:Anette.bethge@web.de\">Anette.bethge@web.de<\/a><br \/>\n<br \/>\n<\/td>\n<\/tr>\n<tr class=\"row-12\">\n\t<td class=\"column-1\"><\/td><td class=\"column-2\">Formularwerkstatt Hilfe bei Antr\u00e4gen<br \/>\nKontakt <a href=\"mailto:Anette.bethge@web.de\">Anette.bethge@web.de<\/a><\/td><td class=\"column-3\">im Manna, Donnerstag, 10-12 Uhr<br \/>\nAhrensburger Weg 14<br \/>\n<\/td>\n<\/tr>\n<tr class=\"row-13\">\n\t<td class=\"column-1\">Sachspenden<\/td><td class=\"column-2\">Fahrrad-Spenden sowie Kleidung, Geschirr, M\u00f6bel bitte an das Manna<\/td><td class=\"column-3\">Termin <a href=\"mailto:Anette.bethge@web.de\">Anette.bethge@web.de<\/a> nach Absprache<\/td>\n<\/tr>\n<tr class=\"row-14\">\n\t<td class=\"column-1\"><\/td><td class=\"column-2\"><\/td><td class=\"column-3\"><\/td>\n<\/tr>\n<\/tbody>\n<\/table>\n<!-- #tablepress-11 from cache --><\/p>\n\n\n<p class=\"has-text-align-right\" style=\"font-size:-6px\"><em> (Stand 10\/2022 <\/em>)<\/p>\n\n\n\n<p>Wenn Sie Informationen zum Asylverfahren, Wohnungssuche, Beratungsstellen oder anderes suchen, k\u00f6nnen Sie sich gerne an die Themenverantwortliche von St. Wilhelm, Ursula Jantzen, wenden unter <a href=\"mailto:fluechtlingsarbeit.st.wilhelm@gmail.com\">fluechtlingsarbeit.st.wilhelm@gmail.com<\/a><\/p>\n","protected":false},"excerpt":{"rendered":"<p>Unterst\u00fctzung, Begleitung, F\u00f6rderung Seit vielen Jahren engagieren sich Menschen aus unseren f\u00fcnf Gemeinden f\u00fcr Gefl\u00fcchtete und Migranten im Bereich der Pfarrei \u2013 helfen Kindern bei den Hausaufgaben,&nbsp; stehen Familien als Paten zur Seite, machen sich in der Kleiderkammer n\u00fctzlich. Seit dem vergangenen Jahr sind die Zahlen der in Hamburg neu unterzubringenden Fl\u00fcchtlinge gesunken und statt &hellip; <a href=\"https:\/\/johannes-prassek.de\/?page_id=4068\" class=\"more-link\"><span class=\"screen-reader-text\">Fl\u00fcchtlingsarbeit<\/span> weiterlesen <span class=\"meta-nav\">&rarr;<\/span><\/a><\/p>\n","protected":false},"author":1,"featured_media":0,"parent":0,"menu_order":0,"comment_status":"closed","ping_status":"closed","template":"","meta":{"_uag_custom_page_level_css":"","ngg_post_thumbnail":0,"cybocfi_hide_featured_image":"","footnotes":""},"class_list":["post-4068","page","type-page","status-publish","hentry"],"uagb_featured_image_src":{"full":false,"thumbnail":false,"medium":false,"medium_large":false,"large":false,"1536x1536":false,"2048x2048":false,"post-thumbnail":false,"twentyfourteen-full-width":false,"mailpoet_newsletter_max":false},"uagb_author_info":{"display_name":"wp_admin","author_link":"https:\/\/johannes-prassek.de\/?author=1"},"uagb_comment_info":0,"uagb_excerpt":"Unterst\u00fctzung, Begleitung, F\u00f6rderung Seit vielen Jahren engagieren sich Menschen aus unseren f\u00fcnf Gemeinden f\u00fcr Gefl\u00fcchtete und Migranten im Bereich der Pfarrei \u2013 helfen Kindern bei den Hausaufgaben,&nbsp; stehen Familien als Paten zur Seite, machen sich in der Kleiderkammer n\u00fctzlich. Seit dem vergangenen Jahr sind die Zahlen der in Hamburg neu unterzubringenden Fl\u00fcchtlinge gesunken und statt&hellip;","publishpress_future_action":{"enabled":false,"date":"2026-05-16 07:59:52","action":"change-status","newStatus":"draft","terms":[],"taxonomy":"","extraData":[]},"publishpress_future_workflow_manual_trigger":{"enabledWorkflows":[]},"_links":{"self":[{"href":"https:\/\/johannes-prassek.de\/index.php?rest_route=\/wp\/v2\/pages\/4068","targetHints":{"allow":["GET"]}}],"collection":[{"href":"https:\/\/johannes-prassek.de\/index.php?rest_route=\/wp\/v2\/pages"}],"about":[{"href":"https:\/\/johannes-prassek.de\/index.php?rest_route=\/wp\/v2\/types\/page"}],"author":[{"embeddable":true,"href":"https:\/\/johannes-prassek.de\/index.php?rest_route=\/wp\/v2\/users\/1"}],"replies":[{"embeddable":true,"href":"https:\/\/johannes-prassek.de\/index.php?rest_route=%2Fwp%2Fv2%2Fcomments&post=4068"}],"version-history":[{"count":5,"href":"https:\/\/johannes-prassek.de\/index.php?rest_route=\/wp\/v2\/pages\/4068\/revisions"}],"predecessor-version":[{"id":17279,"href":"https:\/\/johannes-prassek.de\/index.php?rest_route=\/wp\/v2\/pages\/4068\/revisions\/17279"}],"wp:attachment":[{"href":"https:\/\/johannes-prassek.de\/index.php?rest_route=%2Fwp%2Fv2%2Fmedia&parent=4068"}],"curies":[{"name":"wp","href":"https:\/\/api.w.org\/{rel}","templated":true}]}}