{"id":368,"date":"2014-03-24T14:24:59","date_gmt":"2014-03-24T12:24:59","guid":{"rendered":"http:\/\/www.johannes-prassek.de\/?page_id=368"},"modified":"2026-02-09T14:48:52","modified_gmt":"2026-02-09T13:48:52","slug":"taufe","status":"publish","type":"page","link":"https:\/\/johannes-prassek.de\/?page_id=368","title":{"rendered":"Taufe"},"content":{"rendered":"<p><strong>Zum Nachdenken:<br><\/strong><br><em>\u201eDenn er hat seinen Engeln befohlen, dich zu beh\u00fcten auf all deinen Wegen.\u201c (Psalm 91, 11)<\/em><\/p>\n<p><em><strong>Gottlob, dass du da bist<\/strong><\/em><\/p>\n<p><em>Da bist du<\/em><br><em>sei uns willkommen<\/em><br><em>es steht dir nicht auf der Stirn geschrieben<\/em><br><em>was in dieser Welt<\/em><br><em>\u00fcber dich<\/em><br><em>verh\u00e4ngt ist<\/em><br><em>und ich wei\u00df nicht<\/em><br><em>wie es dir gehn wird<\/em><br><em>aber gottlob<\/em><br><em>dass du da bist.<\/em><br><em><span style=\"font-size: 10pt;\">(Matthias Claudius, hier zitiert nach Themenheft Gemeinde, Aachen, 2\/2015, S. 6)<\/span><\/em><\/p>\n<p>Herzlich willkommen!<\/p>\n<p>Durch die Taufe werden Menschen als Erwachsene oder Kinder in die Lebensgemeinschaft mit Christus aufgenommen und geh\u00f6ren von nun an zum Volk Gottes.<\/p>\n<p><strong>Durch die Taufe werden Menschen Gotteskinder und Mitglieder unserer katholischen Kirche.<\/strong><\/p>\n<p>Kinder sind, um in die Gemeinschaft mit Christus hineinzuwachsen, auf die Einf\u00fchrung in das Evangelium durch Erwachsene und auf ihr lebendiges Glaubensbeispiel und Zeugnis angewiesen. Darum muss zumindest ein Elternteil des T\u00e4uflings und ein Pate \/ eine Patin der katholischen Kirche angeh\u00f6ren. Die Gemeinde unterst\u00fctzt Kinder und Eltern durch familiengerechte Angebote.<\/p>\n<p>Vor der Taufe spricht ein Priester oder ein Diakon mit den Eltern. Er l\u00e4dt sie zu einem <strong>Taufgespr\u00e4ch<\/strong> ein oder macht auch ein Besuch in ihrer Familie zu Hause. Bei dem Gespr\u00e4ch geht es um die <strong>Bedeutung der Taufe<\/strong> und die <strong>Gestaltung der Feier<\/strong>. Hier sind wichtig der Bibeltext, F\u00fcrbitten, Lieder oder Musik, usw.<\/p>\n<p>Vorher besuchen Erwachsene bzw. Eltern <strong>das Pfarrb\u00fcro der Gemeindeb\u00fcro am Wohnort <\/strong>und melden sich selber oder ihre Kinder zur Taufe an.<\/p>\n<p>Zur Taufanmeldung im Gemeindeb\u00fcro bitte eine <strong>Geburtsurkunde <\/strong>mitbringen.<br>Die <strong>Taufpaten<\/strong> m\u00fcssen katholisch und gefirmt sein und nicht ausgetreten. Dazu wird eine aktuelle <strong>Taufbescheinigung<\/strong> ben\u00f6tigt. Sie ist in der Regel im kath. Pfarramt erh\u00e4ltlich, in dem man getauft wurde. &nbsp;Nichtkatholische Christen und Christinnen k\u00f6nnen bei der Tauffeier als Taufzeugen mitwirken.<\/p>\n<p>Erwachsene werden nach einer l\u00e4ngeren Zeit der Taufvorbereitung &nbsp;getauft. Hier sind in unserer Pfarrei Pastor P. Christoph Hammer SAC und Gemeindereferentin Julia Weldemann ansprechbar.<\/p>\n<p>Nehmen Sie gerne Kontakt mit unseren <a href=\"https:\/\/johannes-prassek.de\/?page_id=186\" target=\"_blank\" rel=\"noopener\">B\u00fcros<\/a> auf.&nbsp;<\/p>\n<p>Katholiken mit nichtdeutscher Muttersprache k\u00f6nnen sich auch an ihre <a href=\"https:\/\/www.erzbistum-hamburg.de\/Fremdsprachige-Missionen_Viele-Sprachen-ein-Glaube\" target=\"_blank\" rel=\"noopener\">muttersprachliche Katholische Mission<\/a> wenden, von denen es in Hamburg zahlreiche gibt.<\/p>\n<p>Ein Merkblatt mit n\u00fctzlichen Tipps im Blick auf die Kindertaufe in unserer Pfarrei findet sich hier:<\/p>\n\n<a href=\"https:\/\/johannes-prassek.de\/wp-content\/uploads\/2024\/08\/Merkblatt_Taufen_07-24.pdf\" class=\"pdfemb-viewer\" style=\"\" data-width=\"max\" data-height=\"max\" data-toolbar=\"bottom\" data-toolbar-fixed=\"on\">Merkblatt_Taufen_07-24<\/a>\n\n\n<p><\/p>\n\n\n\n<div class=\"wp-block-uagb-buttons uagb-buttons__outer-wrap uagb-btn__default-btn uagb-btn-tablet__default-btn uagb-btn-mobile__default-btn uagb-block-5d0a59ee\"><div class=\"uagb-buttons__wrap uagb-buttons-layout-wrap \">\n<div class=\"wp-block-uagb-buttons-child uagb-buttons__outer-wrap uagb-block-7937fcf3 wp-block-button\"><div class=\"uagb-button__wrapper\"><a class=\"uagb-buttons-repeater wp-block-button__link\" aria-label=\"\" href=\"https:\/\/johannes-prassek.de\/wp-content\/uploads\/2024\/08\/Merkblatt_Taufen_07-24.pdf\" rel=\"follow noopener\" target=\"_blank\" role=\"button\"><div class=\"uagb-button__link\">Download MErkblatt zur Taufe<\/div><\/a><\/div><\/div>\n<\/div><\/div>\n\n\n\n<p><\/p>\n\n\n\n<div class=\"wp-block-uagb-buttons uagb-buttons__outer-wrap uagb-btn__default-btn uagb-btn-tablet__default-btn uagb-btn-mobile__default-btn uagb-block-65060fe5\"><div class=\"uagb-buttons__wrap uagb-buttons-layout-wrap \">\n<div class=\"wp-block-uagb-buttons-child uagb-buttons__outer-wrap uagb-block-53f6dfb9 wp-block-button\"><div class=\"uagb-button__wrapper\"><a class=\"uagb-buttons-repeater wp-block-button__link\" aria-label=\"\" href=\"https:\/\/johannes-prassek.de\/wp-content\/uploads\/2023\/10\/Formular-Voranmeldung-Taufe.pdf\" rel=\"follow noopener\" target=\"_blank\" role=\"button\"><div class=\"uagb-button__link\">Download Formular zur Voranmeldung einer Taufe<\/div><\/a><\/div><\/div>\n<\/div><\/div>\n\n\n\n<p><\/p>\n","protected":false},"excerpt":{"rendered":"<p>Zum Nachdenken:\u201eDenn er hat seinen Engeln befohlen, dich zu beh\u00fcten auf all deinen Wegen.\u201c (Psalm 91, 11) Gottlob, dass du da bist Da bist dusei uns willkommenes steht dir nicht auf der Stirn geschriebenwas in dieser Welt\u00fcber dichverh\u00e4ngt istund ich wei\u00df nichtwie es dir gehn wirdaber gottlobdass du da bist.(Matthias Claudius, hier zitiert nach Themenheft &hellip; <a href=\"https:\/\/johannes-prassek.de\/?page_id=368\" class=\"more-link\"><span class=\"screen-reader-text\">Taufe<\/span> weiterlesen <span class=\"meta-nav\">&rarr;<\/span><\/a><\/p>\n","protected":false},"author":1,"featured_media":0,"parent":364,"menu_order":1,"comment_status":"closed","ping_status":"closed","template":"","meta":{"_uag_custom_page_level_css":"","ngg_post_thumbnail":0,"cybocfi_hide_featured_image":"","footnotes":""},"class_list":["post-368","page","type-page","status-publish","hentry"],"uagb_featured_image_src":{"full":false,"thumbnail":false,"medium":false,"medium_large":false,"large":false,"1536x1536":false,"2048x2048":false,"post-thumbnail":false,"twentyfourteen-full-width":false,"mailpoet_newsletter_max":false},"uagb_author_info":{"display_name":"wp_admin","author_link":"https:\/\/johannes-prassek.de\/?author=1"},"uagb_comment_info":0,"uagb_excerpt":"Zum Nachdenken:\u201eDenn er hat seinen Engeln befohlen, dich zu beh\u00fcten auf all deinen Wegen.\u201c (Psalm 91, 11) Gottlob, dass du da bist Da bist dusei uns willkommenes steht dir nicht auf der Stirn geschriebenwas in dieser Welt\u00fcber dichverh\u00e4ngt istund ich wei\u00df nichtwie es dir gehn wirdaber gottlobdass du da bist.(Matthias Claudius, hier zitiert nach Themenheft&hellip;","publishpress_future_action":{"enabled":false,"date":"2026-04-21 08:47:57","action":"change-status","newStatus":"draft","terms":[],"taxonomy":"","extraData":[]},"publishpress_future_workflow_manual_trigger":{"enabledWorkflows":[]},"_links":{"self":[{"href":"https:\/\/johannes-prassek.de\/index.php?rest_route=\/wp\/v2\/pages\/368","targetHints":{"allow":["GET"]}}],"collection":[{"href":"https:\/\/johannes-prassek.de\/index.php?rest_route=\/wp\/v2\/pages"}],"about":[{"href":"https:\/\/johannes-prassek.de\/index.php?rest_route=\/wp\/v2\/types\/page"}],"author":[{"embeddable":true,"href":"https:\/\/johannes-prassek.de\/index.php?rest_route=\/wp\/v2\/users\/1"}],"replies":[{"embeddable":true,"href":"https:\/\/johannes-prassek.de\/index.php?rest_route=%2Fwp%2Fv2%2Fcomments&post=368"}],"version-history":[{"count":10,"href":"https:\/\/johannes-prassek.de\/index.php?rest_route=\/wp\/v2\/pages\/368\/revisions"}],"predecessor-version":[{"id":17307,"href":"https:\/\/johannes-prassek.de\/index.php?rest_route=\/wp\/v2\/pages\/368\/revisions\/17307"}],"up":[{"embeddable":true,"href":"https:\/\/johannes-prassek.de\/index.php?rest_route=\/wp\/v2\/pages\/364"}],"wp:attachment":[{"href":"https:\/\/johannes-prassek.de\/index.php?rest_route=%2Fwp%2Fv2%2Fmedia&parent=368"}],"curies":[{"name":"wp","href":"https:\/\/api.w.org\/{rel}","templated":true}]}}