{"id":364,"date":"2014-03-24T14:23:32","date_gmt":"2014-03-24T12:23:32","guid":{"rendered":"http:\/\/www.johannes-prassek.de\/?page_id=364"},"modified":"2022-12-07T19:53:20","modified_gmt":"2022-12-07T18:53:20","slug":"sakramente","status":"publish","type":"page","link":"https:\/\/johannes-prassek.de\/?page_id=364","title":{"rendered":"Sakramente"},"content":{"rendered":"\n<p class=\"has-medium-font-size\">und Sakramentalien<\/p>\n\n\n\n<p>Unsere Kirche kennt die sogenannten \u201esieben Sakramente\u201c, die auch \u201eheilige Zeichen der Gegenwart Gottes\u201c genannt werden k\u00f6nnen: <a href=\"https:\/\/johannes-prassek.de\/was-wir-glauben-und-feiern\/sakramente\/taufe\/\">Taufe<\/a>, <a href=\"https:\/\/johannes-prassek.de\/was-wir-glauben-und-feiern\/sakramente\/firmung-2\/\">Firmung<\/a>, <a href=\"https:\/\/johannes-prassek.de\/was-wir-glauben-und-feiern\/sakramente\/erstkommunion\/\">Eucharistie und Erstkommunion<\/a>, Weihe und <a href=\"https:\/\/johannes-prassek.de\/was-wir-glauben-und-feiern\/sakramente\/trauung-ehe\/\">Ehe<\/a>, <a href=\"https:\/\/johannes-prassek.de\/was-wir-glauben-und-feiern\/sakramente\/busssakrament-beichte\/\">Bu\u00dfe<\/a> bzw. Vers\u00f6hnung und die <a href=\"https:\/\/johannes-prassek.de\/?page_id=382\">Krankensalbung und Krankenseelsorge<\/a>. Diese sakramentalen Feiern sind eng mit dem Gottesdienst der Kirche verbunden und lassen uns Glaubende im Alltag aber auch an wichtigen Stationen unseres Lebens- und Glaubensweges die N\u00e4he und Zuwendung Gottes sp\u00fcren.<\/p>\n\n\n\n<p>Neben den Sakramenten gibt es die sogenannten <strong>\u201eSakramentalien\u201c<\/strong>, gewisserma\u00dfen \u201ekleine Sakramente\u201c, zu denen die Beisetzung der Verstorbenen geh\u00f6rt, aber auch die zahlreichen Segnungen im Kirchenjahr (z. B. am Gedenktag des heiligen Blasius oder des hl. Valentin, die Kindersegnung zu Weihnachten, der Ehesegen zu Jubil\u00e4en), auch der Kranken- oder Sterbesegen oder die Segnung des Wassers oder von Andachtsgegenst\u00e4nden. Auch diese sind Zeichen und Zuspruch, dass Gott uns Menschen in allen Lebenslagen und Anliegen liebevoll und heilsam nahe ist.<\/p>\n\n\n\n<p><\/p>\n","protected":false},"excerpt":{"rendered":"<p>und Sakramentalien Unsere Kirche kennt die sogenannten \u201esieben Sakramente\u201c, die auch \u201eheilige Zeichen der Gegenwart Gottes\u201c genannt werden k\u00f6nnen: Taufe, Firmung, Eucharistie und Erstkommunion, Weihe und Ehe, Bu\u00dfe bzw. Vers\u00f6hnung und die Krankensalbung und Krankenseelsorge. Diese sakramentalen Feiern sind eng mit dem Gottesdienst der Kirche verbunden und lassen uns Glaubende im Alltag aber auch an &hellip; <a href=\"https:\/\/johannes-prassek.de\/?page_id=364\" class=\"more-link\"><span class=\"screen-reader-text\">Sakramente<\/span> weiterlesen <span class=\"meta-nav\">&rarr;<\/span><\/a><\/p>\n","protected":false},"author":1,"featured_media":0,"parent":9238,"menu_order":2,"comment_status":"closed","ping_status":"closed","template":"","meta":{"_uag_custom_page_level_css":"","ngg_post_thumbnail":0,"cybocfi_hide_featured_image":"","footnotes":""},"class_list":["post-364","page","type-page","status-publish","hentry"],"uagb_featured_image_src":{"full":false,"thumbnail":false,"medium":false,"medium_large":false,"large":false,"1536x1536":false,"2048x2048":false,"post-thumbnail":false,"twentyfourteen-full-width":false,"mailpoet_newsletter_max":false},"uagb_author_info":{"display_name":"wp_admin","author_link":"https:\/\/johannes-prassek.de\/?author=1"},"uagb_comment_info":0,"uagb_excerpt":"und Sakramentalien Unsere Kirche kennt die sogenannten \u201esieben Sakramente\u201c, die auch \u201eheilige Zeichen der Gegenwart Gottes\u201c genannt werden k\u00f6nnen: Taufe, Firmung, Eucharistie und Erstkommunion, Weihe und Ehe, Bu\u00dfe bzw. Vers\u00f6hnung und die Krankensalbung und Krankenseelsorge. Diese sakramentalen Feiern sind eng mit dem Gottesdienst der Kirche verbunden und lassen uns Glaubende im Alltag aber auch an&hellip;","publishpress_future_action":{"enabled":false,"date":"2026-05-16 09:26:36","action":"change-status","newStatus":"draft","terms":[],"taxonomy":"","extraData":[]},"publishpress_future_workflow_manual_trigger":{"enabledWorkflows":[]},"_links":{"self":[{"href":"https:\/\/johannes-prassek.de\/index.php?rest_route=\/wp\/v2\/pages\/364","targetHints":{"allow":["GET"]}}],"collection":[{"href":"https:\/\/johannes-prassek.de\/index.php?rest_route=\/wp\/v2\/pages"}],"about":[{"href":"https:\/\/johannes-prassek.de\/index.php?rest_route=\/wp\/v2\/types\/page"}],"author":[{"embeddable":true,"href":"https:\/\/johannes-prassek.de\/index.php?rest_route=\/wp\/v2\/users\/1"}],"replies":[{"embeddable":true,"href":"https:\/\/johannes-prassek.de\/index.php?rest_route=%2Fwp%2Fv2%2Fcomments&post=364"}],"version-history":[{"count":2,"href":"https:\/\/johannes-prassek.de\/index.php?rest_route=\/wp\/v2\/pages\/364\/revisions"}],"predecessor-version":[{"id":12585,"href":"https:\/\/johannes-prassek.de\/index.php?rest_route=\/wp\/v2\/pages\/364\/revisions\/12585"}],"up":[{"embeddable":true,"href":"https:\/\/johannes-prassek.de\/index.php?rest_route=\/wp\/v2\/pages\/9238"}],"wp:attachment":[{"href":"https:\/\/johannes-prassek.de\/index.php?rest_route=%2Fwp%2Fv2%2Fmedia&parent=364"}],"curies":[{"name":"wp","href":"https:\/\/api.w.org\/{rel}","templated":true}]}}