{"id":2779,"date":"2017-08-29T15:50:55","date_gmt":"2017-08-29T13:50:55","guid":{"rendered":"https:\/\/www.johannes-prassek.de\/?page_id=2779"},"modified":"2024-05-30T02:35:35","modified_gmt":"2024-05-30T00:35:35","slug":"informationen-zu-den-gremien","status":"publish","type":"page","link":"https:\/\/johannes-prassek.de\/?page_id=2779","title":{"rendered":"Informationen zu den Gremien"},"content":{"rendered":"<p>Das <strong>Gemeindeteam <\/strong>stellt&nbsp; gem\u00e4\u00df dem <a href=\"https:\/\/erzbistum-hamburg.de\/pdf\/Abteilung_Recht\/Pfarrei_neu\/StatPG.pdf?m=1685602805&amp;\" target=\"_blank\" rel=\"noopener\">&#8222;Statut \u00fcber pfarreiliche und gemeindliche Pastoralgremien im Erzbistum Hamburg (StatPG)&#8220;<\/a> die &nbsp;ehrenamtliche Leitungs- und Koordinationsebene f\u00fcr das pastorale Leben vor Ort dar. Zusammen mit Themenverantwortlichen und Vertretern der Orte kirchlichen Lebens bildet es die Gemeindekonferenz. Aus diesem Personenkreis entsteht der Pfarrpastoralrat, der die pastorale Ausrichtung in der Pfarrei plant und weiterentwickelt.<\/p>\n<p><strong>Der Kirchenvorstand<\/strong> verantwortet gem\u00e4\u00df <a href=\"https:\/\/erzbistum-hamburg.de\/pdf\/Abteilung_Recht\/Pfarrei_neu\/KVVG-neu.pdf?m=1695132582&amp;\" target=\"_blank\" rel=\"noopener\">&#8222;Kirchenverm\u00f6gensverwaltungsgesetz f\u00fcr das Erzbistum Hamburg (KVVG)&#8220;<\/a> das Verm\u00f6gen und die Verwaltung &nbsp;der Pfarrei. Weiterhin hat er eine koordinierende Funktion zwischen den Verwaltungsgremien. Die <strong>Fachaussch\u00fcsse f\u00fcr Finanzen, Personal, Bau und KiTa <\/strong>werden vom neuen Kirchenvorstand besetzt<strong>.&nbsp;<\/strong><\/p>\n<p><strong>Aufgaben des Gemeindeteams:<\/strong><\/p>\n<ul>\n<li>w\u00e4hlen einen Sprecher bzw. eine Sprecherin<\/li>\n<li>schlagen Themenverantwortliche vor<\/li>\n<li>leiten die Gemeindekonferenzen (Einberufen, Moderieren, Dokumentieren)<\/li>\n<li>koordinieren die verschiedenen pastoralen T\u00e4tigkeiten in den kirchlichen Grundvollz\u00fcgen Diakonie, Liturgie, Verk\u00fcndigung<\/li>\n<li>sorgen f\u00fcr Kommunikation zwischen allen Akteuren<\/li>\n<li>erm\u00f6glichen und f\u00f6rdern Kooperation und Vernetzung<\/li>\n<li>unterst\u00fctzen und koordinieren ehrenamtliches Engagement in der Gemeinde<\/li>\n<li>stehen im engen Kontakt mit Themenverantwortlichen auf Gemeindeebene<\/li>\n<li>gew\u00e4hrleisten die Verbindung zwischen Gemeinde- und Pfarreiebene<\/li>\n<li>melden Finanzbedarf beim Finanzausschuss an bei der Haushaltsplanung<\/li>\n<\/ul>\n<p><strong>Aufgaben des Kirchenvorstands: <\/strong><\/p>\n<ul>\n<li>Feststellung des Haushaltsplanes inkl. Stellen- und Investitionsplanes<\/li>\n<li>Feststellung und Pr\u00fcfung der Jahresrechnung<\/li>\n<li>Erarbeitung eines Kontrollinstrumentariums<\/li>\n<li>Personalma\u00dfnahmen f\u00fcr leitende Mitarbeiter<\/li>\n<li>Strategische Entscheidung zur Immobilienentwicklung<\/li>\n<li>Beschl\u00fcsse \u00fcber Geb\u00fchren- und Hausordnungen<\/li>\n<li>Berufung der Fachausschuss-Mitglieder und deren Vorsitzende<\/li>\n<li>Koordinierung der Zusammenarbeit der Fachaussch\u00fcsse im Rahmen der Zust\u00e4ndigkeitsordnung<\/li>\n<\/ul>\n<p><strong>Aufgaben der Fachaussch\u00fcsse<\/strong><\/p>\n<p><strong>Finanzen:<\/strong><\/p>\n<ul>\n<li>Vorbereitung von Entscheidungen des KV im Finanzbereich<\/li>\n<li>&nbsp;Erstellung des Haushaltsplanes und des Stellenplanes zur Beschlussfassung durch den KV<\/li>\n<li>Erstellung der Jahresrechnung zur Beschlussfassung durch den KV<\/li>\n<li>Erstellen der Kosten- und Leistungsrechnung mit Analyse und Steuerung der Einzelbudgets, Information an KV + Budgetverantwortliche<\/li>\n<li>Vorschl\u00e4ge an KV bei au\u00dfer- und \u00fcberplanm\u00e4\u00dfiger Kosten\u00fcberschreitung<\/li>\n<li>Kassen-, Konten-und Rechnungspr\u00fcfung<\/li>\n<li>Kalkulation von Teilnehmerbeitr\u00e4gen<\/li>\n<li>Fundraising<\/li>\n<li>Geb\u00e4udebewirtschaftung<\/li>\n<li>Investitionsentscheidungen lt. Budget<\/li>\n<\/ul>\n<p><strong>&nbsp;Personal:<\/strong><\/p>\n<p>Zust\u00e4ndig f\u00fcr alle Angelegenheiten, die nicht leitende Mitarbeiter der Pfarrei (au\u00dfer KiTa) betreffen<\/p>\n<ul>\n<li>Vorbereitung von Entscheidungen des KV im Personalbereich<\/li>\n<li>Erstellung des Stellenplans im Rahmen des Haushaltsplans, Personalbedarfsplanung in Abstimmung mit FA Finanzen<\/li>\n<li>Wahrnehmung der Aufgaben als Dienstvorgesetzter<\/li>\n<li>Personalbetreuung von der Einstellung bis zur Beendigung des Arbeitsverh\u00e4ltnisses<\/li>\n<li>Personalgespr\u00e4che<\/li>\n<li>Fortbildungsplanung<\/li>\n<li>Vereinbarung von Ehrenamtspauschalen<\/li>\n<\/ul>\n<p><strong>Bau:<\/strong><\/p>\n<ul>\n<li>&nbsp;Vorbereitung von Entscheidungen des KV bei Um- und Nachnutzung der Pfarreigeb\u00e4ude sowie au\u00dferplanm\u00e4\u00dfige Bauausgaben (mit FA Finanzen)<\/li>\n<li>Abstimmung mit FA Finanzen bei Investitionsplan + Jahresrechnung<\/li>\n<li>Bauabnahmen lt. Zust\u00e4ndigkeit<\/li>\n<li>Rechnungspr\u00fcfung im Baubereich<\/li>\n<li>J\u00e4hrliche Baubegehung<\/li>\n<li>Erarbeiten einer Priorit\u00e4tenliste f\u00fcr Bauma\u00dfnahmen als Vorschlag f\u00fcr KV<\/li>\n<li>Bauliche Bedarfsplanung<\/li>\n<li>Laufende Instandhaltung<\/li>\n<\/ul>\n<p><strong>KiTa: <\/strong><\/p>\n<ul>\n<li>Abstimmung mit FA Finanzen, Personal und Bau bei Investitionsplan + Jahresrechnung<\/li>\n<li>Vorschl\u00e4ge an KV bei Weiterentwicklung des p\u00e4dagogischen und religionsp\u00e4dagogischen Konzeptes mit KiTa-Leitung + Pastoral \u2022 Anschaffungen mobile Einrichtung und KiTa-Bedarf lt. Budget<\/li>\n<li>\u00d6ffentlichkeitsarbeit mit KiTa-Leitung au\u00dfer Krisensituation<\/li>\n<li>Sicherung der Qualit\u00e4tsstandards<\/li>\n<li>Informationsaustausch zwischen den KiTas<\/li>\n<li>Bewirtschaftung der KiTa lt. Budget<\/li>\n<li>Personalbedarfsplanung<\/li>\n<li>Personalma\u00dfnahmen f\u00fcr nicht leitende Mitarbeiter<\/li>\n<\/ul>\n<p>&nbsp;<\/p>\n","protected":false},"excerpt":{"rendered":"<p>Das Gemeindeteam stellt&nbsp; gem\u00e4\u00df dem &#8222;Statut \u00fcber pfarreiliche und gemeindliche Pastoralgremien im Erzbistum Hamburg (StatPG)&#8220; die &nbsp;ehrenamtliche Leitungs- und Koordinationsebene f\u00fcr das pastorale Leben vor Ort dar. Zusammen mit Themenverantwortlichen und Vertretern der Orte kirchlichen Lebens bildet es die Gemeindekonferenz. Aus diesem Personenkreis entsteht der Pfarrpastoralrat, der die pastorale Ausrichtung in der Pfarrei plant und &hellip; <a href=\"https:\/\/johannes-prassek.de\/?page_id=2779\" class=\"more-link\"><span class=\"screen-reader-text\">Informationen zu den Gremien<\/span> weiterlesen <span class=\"meta-nav\">&rarr;<\/span><\/a><\/p>\n","protected":false},"author":1,"featured_media":0,"parent":5372,"menu_order":20,"comment_status":"closed","ping_status":"closed","template":"","meta":{"_uag_custom_page_level_css":"","ngg_post_thumbnail":0,"cybocfi_hide_featured_image":"","footnotes":""},"class_list":["post-2779","page","type-page","status-publish","hentry"],"uagb_featured_image_src":{"full":false,"thumbnail":false,"medium":false,"medium_large":false,"large":false,"1536x1536":false,"2048x2048":false,"post-thumbnail":false,"twentyfourteen-full-width":false,"mailpoet_newsletter_max":false},"uagb_author_info":{"display_name":"wp_admin","author_link":"https:\/\/johannes-prassek.de\/?author=1"},"uagb_comment_info":0,"uagb_excerpt":"Das Gemeindeteam stellt&nbsp; gem\u00e4\u00df dem &#8222;Statut \u00fcber pfarreiliche und gemeindliche Pastoralgremien im Erzbistum Hamburg (StatPG)&#8220; die &nbsp;ehrenamtliche Leitungs- und Koordinationsebene f\u00fcr das pastorale Leben vor Ort dar. Zusammen mit Themenverantwortlichen und Vertretern der Orte kirchlichen Lebens bildet es die Gemeindekonferenz. Aus diesem Personenkreis entsteht der Pfarrpastoralrat, der die pastorale Ausrichtung in der Pfarrei plant und&hellip;","publishpress_future_action":{"enabled":false,"date":"2026-04-21 08:31:45","action":"change-status","newStatus":"draft","terms":[],"taxonomy":"","extraData":[]},"publishpress_future_workflow_manual_trigger":{"enabledWorkflows":[]},"_links":{"self":[{"href":"https:\/\/johannes-prassek.de\/index.php?rest_route=\/wp\/v2\/pages\/2779","targetHints":{"allow":["GET"]}}],"collection":[{"href":"https:\/\/johannes-prassek.de\/index.php?rest_route=\/wp\/v2\/pages"}],"about":[{"href":"https:\/\/johannes-prassek.de\/index.php?rest_route=\/wp\/v2\/types\/page"}],"author":[{"embeddable":true,"href":"https:\/\/johannes-prassek.de\/index.php?rest_route=\/wp\/v2\/users\/1"}],"replies":[{"embeddable":true,"href":"https:\/\/johannes-prassek.de\/index.php?rest_route=%2Fwp%2Fv2%2Fcomments&post=2779"}],"version-history":[{"count":2,"href":"https:\/\/johannes-prassek.de\/index.php?rest_route=\/wp\/v2\/pages\/2779\/revisions"}],"predecessor-version":[{"id":15044,"href":"https:\/\/johannes-prassek.de\/index.php?rest_route=\/wp\/v2\/pages\/2779\/revisions\/15044"}],"up":[{"embeddable":true,"href":"https:\/\/johannes-prassek.de\/index.php?rest_route=\/wp\/v2\/pages\/5372"}],"wp:attachment":[{"href":"https:\/\/johannes-prassek.de\/index.php?rest_route=%2Fwp%2Fv2%2Fmedia&parent=2779"}],"curies":[{"name":"wp","href":"https:\/\/api.w.org\/{rel}","templated":true}]}}