{"id":186,"date":"2014-02-10T16:41:14","date_gmt":"2014-02-10T14:41:14","guid":{"rendered":"http:\/\/prassek.web-ansgar-medien.de\/?page_id=186"},"modified":"2024-10-30T19:43:13","modified_gmt":"2024-10-30T18:43:13","slug":"pfarr-und-gemeindebueros","status":"publish","type":"page","link":"https:\/\/johannes-prassek.de\/?page_id=186","title":{"rendered":"Pfarr- und Gemeindeb\u00fcros"},"content":{"rendered":"\n<p><strong><span style=\"font-size: 18pt;\">Pfarrb\u00fcro<\/span> <br><span style=\"font-size: 14pt;\">Seliger Johannes Prassek, Rahlstedt<\/span><\/strong><br>Sekret\u00e4rinnen: Birgit D\u00f6ring, Claudia Meinz<br>Oldenfelder Stra\u00dfe 23 <br>22143 Hamburg <br><br>Tel.. 040 \/ 334 65 45 &#8211; 00<br>Fax.: 040 \/ 334 65 45 &#8211; 90<br><a href=\"mailto:pfarrbuero@johannes-prassek.de\">pfarrbuero@johannes-prassek.de<\/a> <br><br>\u00d6ffnungszeiten: Mo, Mi, Fr 9-11 Uhr; Do 16-17:30 Uhr, Di geschlossen<br>\u00d6ffnungszeiten in den Schulferien und bei Urlaubsvertretung:: Mo, Mi, Fr 9 -11 Uhr<\/p>\n\n\n\n<p><span style=\"font-size: 18pt;\"><strong>Gemeindeb\u00fcro<\/strong><\/span> <br><strong><span style=\"font-size: 14pt;\">Heilig Geist, Farmsen<\/span><\/strong><br>Sekret\u00e4rin: Melanie Schulz <br>Rahlstedter Weg 13 <br>22159 Hamburg<br><br>Tel.: 040 \/ 334 65 45 &#8211; 21<br>Fax.: 040 \/ 334 65 45 &#8211; 91<br><a href=\"mailto:hl.geist@johannes-prassek.de\">hl.geist@johannes-prassek.de<\/a><br><br>\u00d6ffnungszeiten: Do. 9-12 Uhr&nbsp;<\/p>\n\n\n\n<p><span style=\"font-size: 18pt;\"><strong>Gemeindeb\u00fcro <\/strong><\/span><br><strong><span style=\"font-size: 14pt;\">Sankt Bernard, Poppenb\u00fcttel<\/span><\/strong><br>Sekret\u00e4rin: Birgit D\u00f6ring <br>Langenst\u00fccken 40 <br>22393 Hamburg <br><br>Tel.: 040 \/ 334 65 45 &#8211; 22<br>Fax.: 040 \/ 334 65 45 &#8211; 92<br><a href=\"mailto:St.Bernard@johannes-prassek.de\">St.Bernard@johannes-prassek.de<\/a><br><br>\u00d6ffnungszeiten: Di. 9-12 Uhr <br>\u00d6ffnungszeiten: Mo. &amp; Do. 10-12 Uhr &#8222;offenes Fenster&#8220; <br><a href=\"mailto:offenes-fenster.stb@johannes-prassek.de\">offenes-fenster.stb@johannes-prassek.de&nbsp;<\/a><\/p>\n\n\n\n<p><strong><span style=\"font-size: 18pt;\">Gemeindeb\u00fcro <\/span><\/strong><br><strong><span style=\"font-size: 14pt;\">Heilig Kreuz, Volksdorf<\/span><\/strong><br>Sekret\u00e4rin: Claudia Meinz <br>Farmsener Landstr. 181 <br>22359 Hamburg<br><br>Tel.: 040 \/ 334 65 45 &#8211; 23<br>Fax.: 040 \/ 334 65 45 &#8211; 93<br><a href=\"mailto:hl.kreuz@johannes-prassek.de\">hl.kreuz@johannes-prassek.de<\/a><br><br>\u00d6ffnungszeiten: Mi. 9-12 Uhr&nbsp;<\/p>\n<p><span style=\"font-size: 18pt;\"><strong>Gemeindeb\u00fcro <\/strong><\/span><br><strong><span style=\"font-size: 14pt;\">Mari\u00e4 Himmelfahrt, Rahlstedt<\/span><\/strong><br>Sekret\u00e4rin: Birgit D\u00f6ring <br>Oldenfelder Stra\u00dfe 23<br>22143 Hamburg<br><br>Tel.: 040 \/ 334 65 45 &#8211; 25<br>Fax.: 040 \/ 334 65 45 &#8211; 90<br><a href=\"mailto:mariaehimmelfahrt@johannes-prassek.de\">mariaehimmelfahrt@johannes-prassek.de<\/a><br><br>\u00d6ffnungszeiten: Mi, 9-11 Uhr<\/p>\n<p><span style=\"font-size: 18pt;\"><strong>Gemeindeb\u00fcro <\/strong><\/span><br><span style=\"font-size: 14pt;\"><strong>St. Wilhelm, Bramfeld<\/strong><\/span><br>Sekret\u00e4rin: Birgit D\u00f6ring<br>Hohnerkamp 22 <br>22175 Hamburg<br><br>Tel.: 040 \/ 334 65 45 &#8211; 24<br>Fax.: 040 \/ 334 65 45 &#8211; 94<br><a href=\"mailto:st.wilhelm@johannes-prassek.de\">st.wilhelm@johannes-prassek.de<\/a> <br>\u00d6ffnungszeiten: Do. 10-13 Uhr&nbsp;<\/p>\n","protected":false},"excerpt":{"rendered":"<p>Pfarrb\u00fcro Seliger Johannes Prassek, RahlstedtSekret\u00e4rinnen: Birgit D\u00f6ring, Claudia MeinzOldenfelder Stra\u00dfe 23 22143 Hamburg Tel.. 040 \/ 334 65 45 &#8211; 00Fax.: 040 \/ 334 65 45 &#8211; 90pfarrbuero@johannes-prassek.de \u00d6ffnungszeiten: Mo, Mi, Fr 9-11 Uhr; Do 16-17:30 Uhr, Di geschlossen\u00d6ffnungszeiten in den Schulferien und bei Urlaubsvertretung:: Mo, Mi, Fr 9 -11 Uhr Gemeindeb\u00fcro Heilig Geist, FarmsenSekret\u00e4rin: &hellip; <a href=\"https:\/\/johannes-prassek.de\/?page_id=186\" class=\"more-link\"><span class=\"screen-reader-text\">Pfarr- und Gemeindeb\u00fcros<\/span> weiterlesen <span class=\"meta-nav\">&rarr;<\/span><\/a><\/p>\n","protected":false},"author":1,"featured_media":0,"parent":182,"menu_order":0,"comment_status":"closed","ping_status":"closed","template":"","meta":{"_uag_custom_page_level_css":"","ngg_post_thumbnail":0,"cybocfi_hide_featured_image":"","footnotes":""},"class_list":["post-186","page","type-page","status-publish","hentry"],"uagb_featured_image_src":{"full":false,"thumbnail":false,"medium":false,"medium_large":false,"large":false,"1536x1536":false,"2048x2048":false,"post-thumbnail":false,"twentyfourteen-full-width":false,"mailpoet_newsletter_max":false},"uagb_author_info":{"display_name":"wp_admin","author_link":"https:\/\/johannes-prassek.de\/?author=1"},"uagb_comment_info":0,"uagb_excerpt":"Pfarrb\u00fcro Seliger Johannes Prassek, RahlstedtSekret\u00e4rinnen: Birgit D\u00f6ring, Claudia MeinzOldenfelder Stra\u00dfe 23 22143 Hamburg Tel.. 040 \/ 334 65 45 &#8211; 00Fax.: 040 \/ 334 65 45 &#8211; 90pfarrbuero@johannes-prassek.de \u00d6ffnungszeiten: Mo, Mi, Fr 9-11 Uhr; Do 16-17:30 Uhr, Di geschlossen\u00d6ffnungszeiten in den Schulferien und bei Urlaubsvertretung:: Mo, Mi, Fr 9 -11 Uhr Gemeindeb\u00fcro Heilig Geist, FarmsenSekret\u00e4rin:&hellip;","publishpress_future_action":{"enabled":false,"date":"2026-05-16 10:58:32","action":"change-status","newStatus":"draft","terms":[],"taxonomy":"","extraData":[]},"publishpress_future_workflow_manual_trigger":{"enabledWorkflows":[]},"_links":{"self":[{"href":"https:\/\/johannes-prassek.de\/index.php?rest_route=\/wp\/v2\/pages\/186","targetHints":{"allow":["GET"]}}],"collection":[{"href":"https:\/\/johannes-prassek.de\/index.php?rest_route=\/wp\/v2\/pages"}],"about":[{"href":"https:\/\/johannes-prassek.de\/index.php?rest_route=\/wp\/v2\/types\/page"}],"author":[{"embeddable":true,"href":"https:\/\/johannes-prassek.de\/index.php?rest_route=\/wp\/v2\/users\/1"}],"replies":[{"embeddable":true,"href":"https:\/\/johannes-prassek.de\/index.php?rest_route=%2Fwp%2Fv2%2Fcomments&post=186"}],"version-history":[{"count":8,"href":"https:\/\/johannes-prassek.de\/index.php?rest_route=\/wp\/v2\/pages\/186\/revisions"}],"predecessor-version":[{"id":15829,"href":"https:\/\/johannes-prassek.de\/index.php?rest_route=\/wp\/v2\/pages\/186\/revisions\/15829"}],"up":[{"embeddable":true,"href":"https:\/\/johannes-prassek.de\/index.php?rest_route=\/wp\/v2\/pages\/182"}],"wp:attachment":[{"href":"https:\/\/johannes-prassek.de\/index.php?rest_route=%2Fwp%2Fv2%2Fmedia&parent=186"}],"curies":[{"name":"wp","href":"https:\/\/api.w.org\/{rel}","templated":true}]}}