{"id":1802,"date":"2016-03-07T17:30:59","date_gmt":"2016-03-07T15:30:59","guid":{"rendered":"http:\/\/www.johannes-prassek.de\/?page_id=1802"},"modified":"2016-03-07T17:30:59","modified_gmt":"2016-03-07T15:30:59","slug":"wiederaufnahme-in-die-kirche","status":"publish","type":"page","link":"https:\/\/johannes-prassek.de\/?page_id=1802","title":{"rendered":"Wiederaufnahme in die Kirche"},"content":{"rendered":"<p><strong><img loading=\"lazy\" decoding=\"async\" class=\"alignnone size-full wp-image-1803\" src=\"https:\/\/prassek.ansgar-portal.de\/wp-content\/uploads\/sites\/2\/2016\/03\/weg-zurueck.jpg\" alt=\"weg-zurueck\" width=\"700\" height=\"300\" srcset=\"https:\/\/johannes-prassek.de\/wp-content\/uploads\/2016\/03\/weg-zurueck.jpg 700w, https:\/\/johannes-prassek.de\/wp-content\/uploads\/2016\/03\/weg-zurueck-300x129.jpg 300w\" sizes=\"auto, (max-width: 700px) 100vw, 700px\" \/><\/strong><\/p>\n<p><span style=\"font-size: 14pt\"><strong>Zur\u00fcck \u2013 eine Chance<\/strong><\/span><\/p>\n<p><strong>Zur Wiederaufnahme in die katholische Kirche<\/strong><\/p>\n<p>Immer wieder &#8211; manchmal nach einem langen Weg &#8211; m\u00f6chten Getaufte nach ihrem Kirchenaustritt zur\u00fcckkehren in die volle Gemeinschaft der Kirche. &nbsp;Dar\u00fcber freuen wir uns in unserer Pfarrei sehr!<\/p>\n<p>Wer sich mit diesem Gedanken besch\u00e4ftigt, kann sich an <a href=\"https:\/\/www.johannes-prassek.de\/pfarrei\/pfarr-und-gemeindebueros\/\" target=\"_blank\" rel=\"noopener\">unsere B\u00fcros<\/a> wenden oder nat\u00fcrlich auch an eine\/n <a href=\"https:\/\/www.johannes-prassek.de\/pfarrei-sjp-master\/pfarrei-2\/pastoralteam\/\" target=\"_blank\" rel=\"noopener\">unserer Seelsorger\/innen<\/a>.&nbsp;<\/p>\n<p>Es folgen seelsorgliche Gespr\u00e4che, die sich mit dem Grund des einstigen Austritts sowie mit den Beweggr\u00fcnden f\u00fcr den Weg zur\u00fcck in die Kirche besch\u00e4ftigen. Es handelt sich dabei also auch um ein Glaubensgespr\u00e4ch, bei dem die Gespr\u00e4chspartner beidseitig bestimmen k\u00f6nnen, in welche Tiefe sie vordringen wollen. Dabei k\u00f6nnen auch weitere praktische Fragen rund um die Wiederaufnahme gekl\u00e4rt werden.<\/p>\n<p>In unserer Pfarrei besteht die M\u00f6glichkeit, diesen Weg auch im Blick auf eine Vertiefung und Erneuerung des Glaubens zu gehen, ggf. auch in einer kleinen Gruppe von Menschen, die sich auf die Erwachsenentaufe oder -firmung vorbereiten oder aus einer anderen christlichen Kirche zur katholischen \u00fcbertreten.<\/p>\n<p>Wer sich zur Wiederaufnahme entschlie\u00dft, stellt schlie\u00dflich gemeinsam mit dem begleitenden Seelsorger einen &nbsp;Antrag an das erzbisch\u00f6fliche Generalvikariat. Die Genehmigung erfolgt durch den Generalvikar unseres Erzbischofs.<\/p>\n<p>Die eigentliche Wiederaufnahme findet dann im Rahmen eines Gottesdienstes statt, entweder inmitten der Gemeinde, oder auch in einer kleineren Gruppe und notfalls auch im engsten Kreis. Der aufnehmende Priester und zwei Zeugen best\u00e4tigen die erfolgte Wiederaufnahme.<\/p>\n<p>Im Anschluss wird die Wiederaufnahme verschiedenen Stellen gemeldet. Neben dem Taufpfarramt, dem Wohnsitzpfarramt, dem Erzbistum auch dem Einwohnermeldeamt bzw. Standesamt und dem Finanzamt.<\/p>\n<p>Der Weg zur\u00fcck in die Kirche ist also m\u00f6glich. Die Statistik unserer Pfarrei und Begegnungen mit Suchenden sagen uns, dass immer wieder Menschen einen solchen Schritt wagen und den Austritt r\u00fcckg\u00e4ngig machen wollen. Sie sp\u00fcren, dass dies auch nicht selten zu ihrem Seelenfrieden beitr\u00e4gt. F\u00fcr die Kirche und unsere Pfarrei selbst ist jede\/r Einzelne eine Bereicherung!<\/p>\n<p>Wenn Sie weitere Fragen zu diesem Thema oder zur Glaubensvertiefung und -erneuerung haben, steht Ihnen in unserem <a href=\"https:\/\/www.johannes-prassek.de\/pfarrei-sjp-master\/pfarrei-2\/pastoralteam\/\" target=\"_blank\" rel=\"noopener\">Seelsorgeteam<\/a> neben Pastor P. Christoph Hammer SAC auch Gemeindereferentin Julia Weldemann zur Verf\u00fcgung. Herzlich willkommen!<\/p>\n<p>P. Sascha-Philipp Gei\u00dfler SAC, ehem. Pfr.<\/p>\n","protected":false},"excerpt":{"rendered":"<p>Zur\u00fcck \u2013 eine Chance Zur Wiederaufnahme in die katholische Kirche Immer wieder &#8211; manchmal nach einem langen Weg &#8211; m\u00f6chten Getaufte nach ihrem Kirchenaustritt zur\u00fcckkehren in die volle Gemeinschaft der Kirche. &nbsp;Dar\u00fcber freuen wir uns in unserer Pfarrei sehr! Wer sich mit diesem Gedanken besch\u00e4ftigt, kann sich an unsere B\u00fcros wenden oder nat\u00fcrlich auch an &hellip; <a href=\"https:\/\/johannes-prassek.de\/?page_id=1802\" class=\"more-link\"><span class=\"screen-reader-text\">Wiederaufnahme in die Kirche<\/span> weiterlesen <span class=\"meta-nav\">&rarr;<\/span><\/a><\/p>\n","protected":false},"author":1,"featured_media":0,"parent":111,"menu_order":70,"comment_status":"closed","ping_status":"closed","template":"","meta":{"_uag_custom_page_level_css":"","ngg_post_thumbnail":0,"cybocfi_hide_featured_image":"","footnotes":""},"class_list":["post-1802","page","type-page","status-publish","hentry"],"uagb_featured_image_src":{"full":false,"thumbnail":false,"medium":false,"medium_large":false,"large":false,"1536x1536":false,"2048x2048":false,"post-thumbnail":false,"twentyfourteen-full-width":false,"mailpoet_newsletter_max":false},"uagb_author_info":{"display_name":"wp_admin","author_link":"https:\/\/johannes-prassek.de\/?author=1"},"uagb_comment_info":0,"uagb_excerpt":"Zur\u00fcck \u2013 eine Chance Zur Wiederaufnahme in die katholische Kirche Immer wieder &#8211; manchmal nach einem langen Weg &#8211; m\u00f6chten Getaufte nach ihrem Kirchenaustritt zur\u00fcckkehren in die volle Gemeinschaft der Kirche. &nbsp;Dar\u00fcber freuen wir uns in unserer Pfarrei sehr! Wer sich mit diesem Gedanken besch\u00e4ftigt, kann sich an unsere B\u00fcros wenden oder nat\u00fcrlich auch an&hellip;","publishpress_future_action":{"enabled":false,"date":"2026-05-16 10:57:51","action":"change-status","newStatus":"draft","terms":[],"taxonomy":"","extraData":[]},"publishpress_future_workflow_manual_trigger":{"enabledWorkflows":[]},"_links":{"self":[{"href":"https:\/\/johannes-prassek.de\/index.php?rest_route=\/wp\/v2\/pages\/1802","targetHints":{"allow":["GET"]}}],"collection":[{"href":"https:\/\/johannes-prassek.de\/index.php?rest_route=\/wp\/v2\/pages"}],"about":[{"href":"https:\/\/johannes-prassek.de\/index.php?rest_route=\/wp\/v2\/types\/page"}],"author":[{"embeddable":true,"href":"https:\/\/johannes-prassek.de\/index.php?rest_route=\/wp\/v2\/users\/1"}],"replies":[{"embeddable":true,"href":"https:\/\/johannes-prassek.de\/index.php?rest_route=%2Fwp%2Fv2%2Fcomments&post=1802"}],"version-history":[{"count":0,"href":"https:\/\/johannes-prassek.de\/index.php?rest_route=\/wp\/v2\/pages\/1802\/revisions"}],"up":[{"embeddable":true,"href":"https:\/\/johannes-prassek.de\/index.php?rest_route=\/wp\/v2\/pages\/111"}],"wp:attachment":[{"href":"https:\/\/johannes-prassek.de\/index.php?rest_route=%2Fwp%2Fv2%2Fmedia&parent=1802"}],"curies":[{"name":"wp","href":"https:\/\/api.w.org\/{rel}","templated":true}]}}