{"id":17436,"date":"2026-03-23T12:05:55","date_gmt":"2026-03-23T11:05:55","guid":{"rendered":"https:\/\/johannes-prassek.de\/?page_id=17436"},"modified":"2026-03-28T14:11:57","modified_gmt":"2026-03-28T13:11:57","slug":"protokolle-finanzausschuss","status":"publish","type":"page","link":"https:\/\/johannes-prassek.de\/?page_id=17436","title":{"rendered":"Protokolle Finanzausschuss"},"content":{"rendered":"\n<p>Nach den aktuell geltenden Regelungen ist es nicht m\u00f6glich, die Originalprotokolle der Sitzungen des Finanzausschusses zu ver\u00f6ffentlichen. Im Sinne einer verbesserten Transparenz haben wir uns daher entschieden, f\u00fcr die \u00d6ffentlichkeit geringf\u00fcgig angepasste Versionen bereitzustellen. Diese enthalten keine personenbezogenen Daten, keine Beschl\u00fcsse und ausschlie\u00dflich Inhalte aus dem \u00f6ffentlichen Teil der Sitzungen. Bei Interesse oder R\u00fcckfragen stehen wir Ihnen gerne f\u00fcr individuelle Anfragen zur Verf\u00fcgung.<\/p>\n\n\n\n<p><a href=\"https:\/\/johannes-prassek.de\/wp-content\/uploads\/2026\/03\/FIN-Auszug-02-2026-Protokoll-20260217.pdf\" target=\"_blank\" rel=\"noreferrer noopener\">Sitzung 02-2026 27.02.2026<\/a><\/p>\n\n\n\n<p><a href=\"https:\/\/johannes-prassek.de\/wp-content\/uploads\/2026\/03\/FIN-Auszug-01-2026-Protokoll-20260126.pdf\" target=\"_blank\" rel=\"noreferrer noopener nofollow\">Sitzung 01-2026 26.01.2026<\/a><\/p>\n\n\n\n<p><\/p>\n","protected":false},"excerpt":{"rendered":"<p>Nach den aktuell geltenden Regelungen ist es nicht m\u00f6glich, die Originalprotokolle der Sitzungen des Finanzausschusses zu ver\u00f6ffentlichen. Im Sinne einer verbesserten Transparenz haben wir uns daher entschieden, f\u00fcr die \u00d6ffentlichkeit geringf\u00fcgig angepasste Versionen bereitzustellen. Diese enthalten keine personenbezogenen Daten, keine Beschl\u00fcsse und ausschlie\u00dflich Inhalte aus dem \u00f6ffentlichen Teil der Sitzungen. Bei Interesse oder R\u00fcckfragen stehen &hellip; <a href=\"https:\/\/johannes-prassek.de\/?page_id=17436\" class=\"more-link\"><span class=\"screen-reader-text\">Protokolle Finanzausschuss<\/span> weiterlesen <span class=\"meta-nav\">&rarr;<\/span><\/a><\/p>\n","protected":false},"author":2,"featured_media":0,"parent":0,"menu_order":0,"comment_status":"closed","ping_status":"closed","template":"","meta":{"_uag_custom_page_level_css":"","ngg_post_thumbnail":0,"cybocfi_hide_featured_image":"","footnotes":""},"class_list":["post-17436","page","type-page","status-publish","hentry"],"uagb_featured_image_src":{"full":false,"thumbnail":false,"medium":false,"medium_large":false,"large":false,"1536x1536":false,"2048x2048":false,"post-thumbnail":false,"twentyfourteen-full-width":false,"mailpoet_newsletter_max":false},"uagb_author_info":{"display_name":"Thomas Kittel","author_link":"https:\/\/johannes-prassek.de\/?author=2"},"uagb_comment_info":0,"uagb_excerpt":"Nach den aktuell geltenden Regelungen ist es nicht m\u00f6glich, die Originalprotokolle der Sitzungen des Finanzausschusses zu ver\u00f6ffentlichen. Im Sinne einer verbesserten Transparenz haben wir uns daher entschieden, f\u00fcr die \u00d6ffentlichkeit geringf\u00fcgig angepasste Versionen bereitzustellen. Diese enthalten keine personenbezogenen Daten, keine Beschl\u00fcsse und ausschlie\u00dflich Inhalte aus dem \u00f6ffentlichen Teil der Sitzungen. Bei Interesse oder R\u00fcckfragen stehen&hellip;","publishpress_future_action":{"enabled":false,"date":"2026-05-16 16:32:01","action":"change-status","newStatus":"draft","terms":[],"taxonomy":"","extraData":[]},"publishpress_future_workflow_manual_trigger":{"enabledWorkflows":[]},"_links":{"self":[{"href":"https:\/\/johannes-prassek.de\/index.php?rest_route=\/wp\/v2\/pages\/17436","targetHints":{"allow":["GET"]}}],"collection":[{"href":"https:\/\/johannes-prassek.de\/index.php?rest_route=\/wp\/v2\/pages"}],"about":[{"href":"https:\/\/johannes-prassek.de\/index.php?rest_route=\/wp\/v2\/types\/page"}],"author":[{"embeddable":true,"href":"https:\/\/johannes-prassek.de\/index.php?rest_route=\/wp\/v2\/users\/2"}],"replies":[{"embeddable":true,"href":"https:\/\/johannes-prassek.de\/index.php?rest_route=%2Fwp%2Fv2%2Fcomments&post=17436"}],"version-history":[{"count":2,"href":"https:\/\/johannes-prassek.de\/index.php?rest_route=\/wp\/v2\/pages\/17436\/revisions"}],"predecessor-version":[{"id":17450,"href":"https:\/\/johannes-prassek.de\/index.php?rest_route=\/wp\/v2\/pages\/17436\/revisions\/17450"}],"wp:attachment":[{"href":"https:\/\/johannes-prassek.de\/index.php?rest_route=%2Fwp%2Fv2%2Fmedia&parent=17436"}],"curies":[{"name":"wp","href":"https:\/\/api.w.org\/{rel}","templated":true}]}}