{"id":161,"date":"2014-02-10T16:36:59","date_gmt":"2014-02-10T14:36:59","guid":{"rendered":"http:\/\/prassek.web-ansgar-medien.de\/?page_id=161"},"modified":"2014-02-10T16:36:59","modified_gmt":"2014-02-10T14:36:59","slug":"hospiz-bruder-gerhard","status":"publish","type":"page","link":"https:\/\/johannes-prassek.de\/?page_id=161","title":{"rendered":"Malteser Hospiz-Zentrum"},"content":{"rendered":"<p><img loading=\"lazy\" decoding=\"async\" class=\"alignleft size-medium wp-image-889\" src=\"https:\/\/prassek.ansgar-portal.de\/wp-content\/uploads\/sites\/2\/2014\/02\/Bruder_Gerhard_Haus-300x225.jpg\" alt=\"Bruder_Gerhard_Haus\" width=\"300\" height=\"225\" srcset=\"https:\/\/johannes-prassek.de\/wp-content\/uploads\/2014\/02\/Bruder_Gerhard_Haus-300x225.jpg 300w, https:\/\/johannes-prassek.de\/wp-content\/uploads\/2014\/02\/Bruder_Gerhard_Haus.jpg 600w\" sizes=\"auto, (max-width: 300px) 100vw, 300px\" \/>Das Malteser Hospiz-Zentrum Bruder Gerhard begleitet seit 1991 schwerkranke und sterbende Menschen sowie deren Bezugspersonen in vertrauter h\u00e4uslicher Umgebung. Dies meint zum einen das eigene Zuhause, zum anderen station\u00e4re Institutionen, wie z. B. Wohn- und Pflegeeinrichtungen f\u00fcr alte Menschen oder Menschen mit Behinderungen, station\u00e4re Hospize oder Palliativstationen. \u00dcber 140 geschulte ehrenamtliche BegleiterInnen stellen sich dieser Aufgabe.<\/p>\n<p>Das Malteser Hospiz-Zentrum im Hamburger Nordosten stellt Betroffenen eine kostenfreie palliative Fachberatung und Begleitung zur Verf\u00fcgung. Eine wichtige finanzielle St\u00fctze bildet der Hospiz-Freundeskreis Bruder Gerhard e.V.<\/p>\n<p>Im Sommer 2010 kann das Angebot um den Bereich der Kinder- und Jugendhospizarbeit erweitert werden. Dabei sieht sich der Dienst als Erg\u00e4nzung zu den bereits bestehenden Strukturen der ambulanten Kinder- und Jugendhospizarbeit in der Region und kooperiert mit diesen.<\/p>\n<p>Angebote des Malteser-Hospiz-Zentrums finden Sie <a href=\"https:\/\/www.malteser-im-norden.de\/angebote-und-leistungen\/hospizarbeit\/hospiz-zentrum-volksdorf.html\">hier<\/a>.<\/p>\n<p>Malteser Hilfsdienst e. V. Hospiz-Zentrum Bruder Gerhard<br \/>\nHalenreie 5<br \/>\n22359 Hamburg-Volksdorf<br \/>\nTelefon: 040- 603 30 01<br \/>\nTelefax: 040 \u2013 60 91 17 81<br \/>\nE-Mail: hospiz-zentrum.hamburg@malteser.org<\/p>\n<p>Das Malteser Hospiz-Zentrum liegt in unmittelbarer N\u00e4he zur U-Bahn Station \u201eVolksdorf\u201c (Entfernung: 120 m) und in direkter Nachbarschaft zur Heilig Kreuz Kirche.<\/p>\n","protected":false},"excerpt":{"rendered":"<p>Das Malteser Hospiz-Zentrum Bruder Gerhard begleitet seit 1991 schwerkranke und sterbende Menschen sowie deren Bezugspersonen in vertrauter h\u00e4uslicher Umgebung. Dies meint zum einen das eigene Zuhause, zum anderen station\u00e4re Institutionen, wie z. B. Wohn- und Pflegeeinrichtungen f\u00fcr alte Menschen oder Menschen mit Behinderungen, station\u00e4re Hospize oder Palliativstationen. \u00dcber 140 geschulte ehrenamtliche BegleiterInnen stellen sich dieser &hellip; <a href=\"https:\/\/johannes-prassek.de\/?page_id=161\" class=\"more-link\"><span class=\"screen-reader-text\">Malteser Hospiz-Zentrum<\/span> weiterlesen <span class=\"meta-nav\">&rarr;<\/span><\/a><\/p>\n","protected":false},"author":1,"featured_media":0,"parent":129,"menu_order":0,"comment_status":"closed","ping_status":"closed","template":"","meta":{"_uag_custom_page_level_css":"","ngg_post_thumbnail":0,"cybocfi_hide_featured_image":"","footnotes":""},"class_list":["post-161","page","type-page","status-publish","hentry"],"uagb_featured_image_src":{"full":false,"thumbnail":false,"medium":false,"medium_large":false,"large":false,"1536x1536":false,"2048x2048":false,"post-thumbnail":false,"twentyfourteen-full-width":false,"mailpoet_newsletter_max":false},"uagb_author_info":{"display_name":"wp_admin","author_link":"https:\/\/johannes-prassek.de\/?author=1"},"uagb_comment_info":0,"uagb_excerpt":"Das Malteser Hospiz-Zentrum Bruder Gerhard begleitet seit 1991 schwerkranke und sterbende Menschen sowie deren Bezugspersonen in vertrauter h\u00e4uslicher Umgebung. Dies meint zum einen das eigene Zuhause, zum anderen station\u00e4re Institutionen, wie z. B. Wohn- und Pflegeeinrichtungen f\u00fcr alte Menschen oder Menschen mit Behinderungen, station\u00e4re Hospize oder Palliativstationen. \u00dcber 140 geschulte ehrenamtliche BegleiterInnen stellen sich dieser&hellip;","publishpress_future_action":{"enabled":false,"date":"2026-05-18 00:49:12","action":"change-status","newStatus":"draft","terms":[],"taxonomy":"","extraData":[]},"publishpress_future_workflow_manual_trigger":{"enabledWorkflows":[]},"_links":{"self":[{"href":"https:\/\/johannes-prassek.de\/index.php?rest_route=\/wp\/v2\/pages\/161","targetHints":{"allow":["GET"]}}],"collection":[{"href":"https:\/\/johannes-prassek.de\/index.php?rest_route=\/wp\/v2\/pages"}],"about":[{"href":"https:\/\/johannes-prassek.de\/index.php?rest_route=\/wp\/v2\/types\/page"}],"author":[{"embeddable":true,"href":"https:\/\/johannes-prassek.de\/index.php?rest_route=\/wp\/v2\/users\/1"}],"replies":[{"embeddable":true,"href":"https:\/\/johannes-prassek.de\/index.php?rest_route=%2Fwp%2Fv2%2Fcomments&post=161"}],"version-history":[{"count":0,"href":"https:\/\/johannes-prassek.de\/index.php?rest_route=\/wp\/v2\/pages\/161\/revisions"}],"up":[{"embeddable":true,"href":"https:\/\/johannes-prassek.de\/index.php?rest_route=\/wp\/v2\/pages\/129"}],"wp:attachment":[{"href":"https:\/\/johannes-prassek.de\/index.php?rest_route=%2Fwp%2Fv2%2Fmedia&parent=161"}],"curies":[{"name":"wp","href":"https:\/\/api.w.org\/{rel}","templated":true}]}}