{"id":159,"date":"2014-02-10T16:33:34","date_gmt":"2014-02-10T14:33:34","guid":{"rendered":"http:\/\/prassek.web-ansgar-medien.de\/?page_id=159"},"modified":"2014-02-10T16:33:34","modified_gmt":"2014-02-10T14:33:34","slug":"elisabeth-haus","status":"publish","type":"page","link":"https:\/\/johannes-prassek.de\/?page_id=159","title":{"rendered":"Malteserstift St. Elisabeth"},"content":{"rendered":"<h3>Geborgenheit und Freiraum in einem<\/h3>\n<p>Im Malteserstift St. Elisabeth in Hamburg Farmsen gibt es einen komplett neu ausgestatteten Pflegebereich, der im Jahr 2004 fertiggestellt wurde. Unsere gro\u00dfe, moderne Wohnanlage bietet au\u00dferdem die M\u00f6glichkeit, im eigenen Apartment rundum geborgen, angenehm und sicher zu wohnen.<\/p>\n<p>Das Malteserstift St. Elisabeth ist der ideale Ausgangspunkt f\u00fcr sch\u00f6ne Spazierg\u00e4nge und Ausfl\u00fcge in die gr\u00fcne Umgebung. Es liegt in unmittelbarer N\u00e4he zum Ortskern Farmsen mit seinen Gesch\u00e4ften, dem Wochenmarkt, den vielen Restaurants und dem belebten Einkaufszentrum. Von der behindertengerechten U-Bahn-Station Farmsen aus kommen Sie schnell in die Hamburger City.<\/p>\n<p>Gern beantworten wir Ihre Fragen oder vereinbaren einen Termin mit Ihnen, bei dem wir Sie durch unser Haus f\u00fchren. Setzen Sie sich einfach hier mit uns in Verbindung. F\u00fcr das Malteserstift St. Elisabeth gibt es Rahmenvereinbarungen mit den Kostentr\u00e4gern nach dem Pflegeversicherungsgesetz.<\/p>\n<p>&nbsp;<\/p>\n<p><a href=\"https:\/\/www.malteserstift-st-elisabeth-hamburg.de\/\">Malteserstift St. Elisabeth<\/a><br \/>\nRahlstedter Weg 17<br \/>\n22159 Hamburg<br \/>\nTel. 040 645 579-0<br \/>\nFax: 040 645 579-800<br \/>\nE-Mail: info@caritas-farmsen.de<br \/>\n<a href=\"https:\/\/www.malteserstift-st-elisabeth-hamburg.de\" target=\"_blank\" rel=\"noopener noreferrer\">https:\/\/www.malteserstift-st-elisabeth-hamburg.de<\/a><\/p>\n","protected":false},"excerpt":{"rendered":"<p>Geborgenheit und Freiraum in einem Im Malteserstift St. Elisabeth in Hamburg Farmsen gibt es einen komplett neu ausgestatteten Pflegebereich, der im Jahr 2004 fertiggestellt wurde. Unsere gro\u00dfe, moderne Wohnanlage bietet au\u00dferdem die M\u00f6glichkeit, im eigenen Apartment rundum geborgen, angenehm und sicher zu wohnen. Das Malteserstift St. Elisabeth ist der ideale Ausgangspunkt f\u00fcr sch\u00f6ne Spazierg\u00e4nge und &hellip; <a href=\"https:\/\/johannes-prassek.de\/?page_id=159\" class=\"more-link\"><span class=\"screen-reader-text\">Malteserstift St. Elisabeth<\/span> weiterlesen <span class=\"meta-nav\">&rarr;<\/span><\/a><\/p>\n","protected":false},"author":1,"featured_media":0,"parent":129,"menu_order":0,"comment_status":"closed","ping_status":"closed","template":"","meta":{"_uag_custom_page_level_css":"","ngg_post_thumbnail":0,"cybocfi_hide_featured_image":"","footnotes":""},"class_list":["post-159","page","type-page","status-publish","hentry"],"uagb_featured_image_src":{"full":false,"thumbnail":false,"medium":false,"medium_large":false,"large":false,"1536x1536":false,"2048x2048":false,"post-thumbnail":false,"twentyfourteen-full-width":false,"mailpoet_newsletter_max":false},"uagb_author_info":{"display_name":"wp_admin","author_link":"https:\/\/johannes-prassek.de\/?author=1"},"uagb_comment_info":0,"uagb_excerpt":"Geborgenheit und Freiraum in einem Im Malteserstift St. Elisabeth in Hamburg Farmsen gibt es einen komplett neu ausgestatteten Pflegebereich, der im Jahr 2004 fertiggestellt wurde. Unsere gro\u00dfe, moderne Wohnanlage bietet au\u00dferdem die M\u00f6glichkeit, im eigenen Apartment rundum geborgen, angenehm und sicher zu wohnen. Das Malteserstift St. Elisabeth ist der ideale Ausgangspunkt f\u00fcr sch\u00f6ne Spazierg\u00e4nge und&hellip;","publishpress_future_action":{"enabled":false,"date":"2026-05-16 14:03:56","action":"change-status","newStatus":"draft","terms":[],"taxonomy":"","extraData":[]},"publishpress_future_workflow_manual_trigger":{"enabledWorkflows":[]},"_links":{"self":[{"href":"https:\/\/johannes-prassek.de\/index.php?rest_route=\/wp\/v2\/pages\/159","targetHints":{"allow":["GET"]}}],"collection":[{"href":"https:\/\/johannes-prassek.de\/index.php?rest_route=\/wp\/v2\/pages"}],"about":[{"href":"https:\/\/johannes-prassek.de\/index.php?rest_route=\/wp\/v2\/types\/page"}],"author":[{"embeddable":true,"href":"https:\/\/johannes-prassek.de\/index.php?rest_route=\/wp\/v2\/users\/1"}],"replies":[{"embeddable":true,"href":"https:\/\/johannes-prassek.de\/index.php?rest_route=%2Fwp%2Fv2%2Fcomments&post=159"}],"version-history":[{"count":0,"href":"https:\/\/johannes-prassek.de\/index.php?rest_route=\/wp\/v2\/pages\/159\/revisions"}],"up":[{"embeddable":true,"href":"https:\/\/johannes-prassek.de\/index.php?rest_route=\/wp\/v2\/pages\/129"}],"wp:attachment":[{"href":"https:\/\/johannes-prassek.de\/index.php?rest_route=%2Fwp%2Fv2%2Fmedia&parent=159"}],"curies":[{"name":"wp","href":"https:\/\/api.w.org\/{rel}","templated":true}]}}