{"id":14458,"date":"2024-05-12T17:13:24","date_gmt":"2024-05-12T15:13:24","guid":{"rendered":"https:\/\/johannes-prassek.de\/?page_id=14458"},"modified":"2024-05-14T03:22:18","modified_gmt":"2024-05-14T01:22:18","slug":"mitarbeitervertretung","status":"publish","type":"page","link":"https:\/\/johannes-prassek.de\/?page_id=14458","title":{"rendered":"Mitarbeitervertretung"},"content":{"rendered":"\n<p><strong>Was ist eine Mitarbeitervertretung?<\/strong><br>In Betrieben au\u00dferhalb der Kirche gibt es Betriebs\u2013 und Personalr\u00e4te. Ihre Rechtsgrundlage ist das Betriebsverfassungsgesetz\/Personalvertretungsgesetz. Doch diese Gesetze gelten nicht f\u00fcr die Kirchen, ihre Einrichtungen und ihre Wohlfahrtsverb\u00e4nde Caritas und Diakonie. Diese Sonderstellung ist im Grundgesetz in Art. 140 verankert. Die katholische Kirche hat daf\u00fcr die \u201eMitarbeitervertretungsordnung\u201c (MAVO) erlassen.<br>Dieses Mitbestimmungswerk ist im Wesentlichen dem Personalvertretungsgesetz der staatlichen Beh\u00f6rden und kommunalen Verwaltungen nachgebildet.<\/p>\n\n\n\n<p>Am 22.04.2024 wurden folgende Personen f\u00fcr die Mitarbeitervertretung gew\u00e4hlt:<br>&#8211; Sarah Zade (Vorsitzende)<br>&#8211; Danuta Kasprzik (Stellvertretende Vorsitzende)<br>&#8211; Gabriele Bartus (Schriftf\u00fchrerin)<br>&#8211; Tran Thuy<\/p>\n\n\n\n<p>Die MAV k\u00f6nnen sie per Mail unter <a href=\"mailto:mav@johannes-prassek.de\">mav@johannes-prassek.de<\/a> erreichen<\/p>\n","protected":false},"excerpt":{"rendered":"<p>Was ist eine Mitarbeitervertretung?In Betrieben au\u00dferhalb der Kirche gibt es Betriebs\u2013 und Personalr\u00e4te. Ihre Rechtsgrundlage ist das Betriebsverfassungsgesetz\/Personalvertretungsgesetz. Doch diese Gesetze gelten nicht f\u00fcr die Kirchen, ihre Einrichtungen und ihre Wohlfahrtsverb\u00e4nde Caritas und Diakonie. Diese Sonderstellung ist im Grundgesetz in Art. 140 verankert. Die katholische Kirche hat daf\u00fcr die \u201eMitarbeitervertretungsordnung\u201c (MAVO) erlassen.Dieses Mitbestimmungswerk ist im &hellip; <a href=\"https:\/\/johannes-prassek.de\/?page_id=14458\" class=\"more-link\"><span class=\"screen-reader-text\">Mitarbeitervertretung<\/span> weiterlesen <span class=\"meta-nav\">&rarr;<\/span><\/a><\/p>\n","protected":false},"author":2,"featured_media":0,"parent":9236,"menu_order":50,"comment_status":"closed","ping_status":"closed","template":"","meta":{"_uag_custom_page_level_css":"","ngg_post_thumbnail":0,"cybocfi_hide_featured_image":"","footnotes":""},"class_list":["post-14458","page","type-page","status-publish","hentry"],"uagb_featured_image_src":{"full":false,"thumbnail":false,"medium":false,"medium_large":false,"large":false,"1536x1536":false,"2048x2048":false,"post-thumbnail":false,"twentyfourteen-full-width":false,"mailpoet_newsletter_max":false},"uagb_author_info":{"display_name":"Thomas Kittel","author_link":"https:\/\/johannes-prassek.de\/?author=2"},"uagb_comment_info":0,"uagb_excerpt":"Was ist eine Mitarbeitervertretung?In Betrieben au\u00dferhalb der Kirche gibt es Betriebs\u2013 und Personalr\u00e4te. Ihre Rechtsgrundlage ist das Betriebsverfassungsgesetz\/Personalvertretungsgesetz. Doch diese Gesetze gelten nicht f\u00fcr die Kirchen, ihre Einrichtungen und ihre Wohlfahrtsverb\u00e4nde Caritas und Diakonie. Diese Sonderstellung ist im Grundgesetz in Art. 140 verankert. Die katholische Kirche hat daf\u00fcr die \u201eMitarbeitervertretungsordnung\u201c (MAVO) erlassen.Dieses Mitbestimmungswerk ist im&hellip;","publishpress_future_action":{"enabled":false,"date":"2026-05-16 08:10:44","action":"change-status","newStatus":"draft","terms":[],"taxonomy":"","extraData":[]},"publishpress_future_workflow_manual_trigger":{"enabledWorkflows":[]},"_links":{"self":[{"href":"https:\/\/johannes-prassek.de\/index.php?rest_route=\/wp\/v2\/pages\/14458","targetHints":{"allow":["GET"]}}],"collection":[{"href":"https:\/\/johannes-prassek.de\/index.php?rest_route=\/wp\/v2\/pages"}],"about":[{"href":"https:\/\/johannes-prassek.de\/index.php?rest_route=\/wp\/v2\/types\/page"}],"author":[{"embeddable":true,"href":"https:\/\/johannes-prassek.de\/index.php?rest_route=\/wp\/v2\/users\/2"}],"replies":[{"embeddable":true,"href":"https:\/\/johannes-prassek.de\/index.php?rest_route=%2Fwp%2Fv2%2Fcomments&post=14458"}],"version-history":[{"count":4,"href":"https:\/\/johannes-prassek.de\/index.php?rest_route=\/wp\/v2\/pages\/14458\/revisions"}],"predecessor-version":[{"id":14472,"href":"https:\/\/johannes-prassek.de\/index.php?rest_route=\/wp\/v2\/pages\/14458\/revisions\/14472"}],"up":[{"embeddable":true,"href":"https:\/\/johannes-prassek.de\/index.php?rest_route=\/wp\/v2\/pages\/9236"}],"wp:attachment":[{"href":"https:\/\/johannes-prassek.de\/index.php?rest_route=%2Fwp%2Fv2%2Fmedia&parent=14458"}],"curies":[{"name":"wp","href":"https:\/\/api.w.org\/{rel}","templated":true}]}}