{"id":135,"date":"2014-02-10T16:20:39","date_gmt":"2014-02-10T14:20:39","guid":{"rendered":"http:\/\/prassek.web-ansgar-medien.de\/?page_id=135"},"modified":"2014-02-10T16:20:39","modified_gmt":"2014-02-10T14:20:39","slug":"katholische-schule-farmsen","status":"publish","type":"page","link":"https:\/\/johannes-prassek.de\/?page_id=135","title":{"rendered":"Katholische Schule Farmsen"},"content":{"rendered":"<p>Rahlstedter Weg 15<img loading=\"lazy\" decoding=\"async\" class=\"alignright size-full wp-image-891\" src=\"https:\/\/prassek.ansgar-portal.de\/wp-content\/uploads\/sites\/2\/2014\/02\/Schule-Farmsen.jpg\" alt=\"Schule-Farmsen\" width=\"280\" height=\"240\" \/><br \/>\n22159 Hamburg<br \/>\nTelefon: 040 &#8211; 5330430<br \/>\nTelefax: 040 &#8211; 53304321<br \/>\nSchulleitung: Klaus Pax<\/p>\n<p>E-Mail: sekretariat@kath-schule-farmsen.kshh.de<br \/>\nInternet: <a href=\"http:\/\/www.ksfhh.de\" target=\"_blank\" rel=\"noopener\">www.ksfhh.de<\/a><\/p>\n<p>Grundschule mit Vorschule<br \/>\nGr\u00fcndungsjahr: 1966<br \/>\nTr\u00e4gerschaft: Katholischer Schulverband Hamburg<br \/>\nStaatlich anerkannte Privatschule<br \/>\nSch\u00fclerzahl: ca. 420<br \/>\nKlassenstufen: Klassen 1-4 (dreiz\u00fcgig)<br \/>\nVorschule: Vorschulklassen (dreiz\u00fcgig)<\/p>\n<p>Einzugsgebiet:<br \/>\nFarmsen, Kath. Kirchengemeinde Heilig Geist;<br \/>\nBramfeld, Kath. Kirchengemeinde St. Wilhelm;<br \/>\nRahlst.\/West, Kath. Ki.gem. Mari\u00e4 Himmelfahrt;<br \/>\nPoppenb\u00fcttel, Kath. Kirchengem. St. Bernard;<br \/>\nVolksdorf, Kath. Kirchengemeinde Heilig Kreuz<\/p>\n<p>Hortbetreuung von 6.00 bis 18.00 Uhr,<br \/>\nSchulbusangebot f\u00fcr die Vorschule und Kasse 1 und 2,<br \/>\ndurchgehend kath. Religionsunterricht, Schulchor,<br \/>\nTechnikunterricht ab Klasse 2,<br \/>\nzahlreiche Wahlpflichtangebote wie T\u00f6pfern, Werken, Fu\u00dfball, Kochen, Musik \u2026, Schwimmunterricht in Klasse 4; Schulgarten,<br \/>\nProjektwochen zu verschiedenen Schwerpunkten, additive \/ nachmitt\u00e4gliche F\u00f6rderung in Kleingruppen oder ggf. einzeln,<br \/>\nintensive Zusammenarbeit mit den katholischen Kirchengemeinden und Kinderg\u00e4rten.<\/p>\n","protected":false},"excerpt":{"rendered":"<p>Rahlstedter Weg 15 22159 Hamburg Telefon: 040 &#8211; 5330430 Telefax: 040 &#8211; 53304321 Schulleitung: Klaus Pax E-Mail: sekretariat@kath-schule-farmsen.kshh.de Internet: www.ksfhh.de Grundschule mit Vorschule Gr\u00fcndungsjahr: 1966 Tr\u00e4gerschaft: Katholischer Schulverband Hamburg Staatlich anerkannte Privatschule Sch\u00fclerzahl: ca. 420 Klassenstufen: Klassen 1-4 (dreiz\u00fcgig) Vorschule: Vorschulklassen (dreiz\u00fcgig) Einzugsgebiet: Farmsen, Kath. Kirchengemeinde Heilig Geist; Bramfeld, Kath. Kirchengemeinde St. Wilhelm; Rahlst.\/West, Kath. &hellip; <a href=\"https:\/\/johannes-prassek.de\/?page_id=135\" class=\"more-link\"><span class=\"screen-reader-text\">Katholische Schule Farmsen<\/span> weiterlesen <span class=\"meta-nav\">&rarr;<\/span><\/a><\/p>\n","protected":false},"author":1,"featured_media":0,"parent":129,"menu_order":0,"comment_status":"closed","ping_status":"closed","template":"","meta":{"_uag_custom_page_level_css":"","ngg_post_thumbnail":0,"cybocfi_hide_featured_image":"","footnotes":""},"class_list":["post-135","page","type-page","status-publish","hentry"],"uagb_featured_image_src":{"full":false,"thumbnail":false,"medium":false,"medium_large":false,"large":false,"1536x1536":false,"2048x2048":false,"post-thumbnail":false,"twentyfourteen-full-width":false,"mailpoet_newsletter_max":false},"uagb_author_info":{"display_name":"wp_admin","author_link":"https:\/\/johannes-prassek.de\/?author=1"},"uagb_comment_info":0,"uagb_excerpt":"Rahlstedter Weg 15 22159 Hamburg Telefon: 040 &#8211; 5330430 Telefax: 040 &#8211; 53304321 Schulleitung: Klaus Pax E-Mail: sekretariat@kath-schule-farmsen.kshh.de Internet: www.ksfhh.de Grundschule mit Vorschule Gr\u00fcndungsjahr: 1966 Tr\u00e4gerschaft: Katholischer Schulverband Hamburg Staatlich anerkannte Privatschule Sch\u00fclerzahl: ca. 420 Klassenstufen: Klassen 1-4 (dreiz\u00fcgig) Vorschule: Vorschulklassen (dreiz\u00fcgig) Einzugsgebiet: Farmsen, Kath. Kirchengemeinde Heilig Geist; Bramfeld, Kath. Kirchengemeinde St. Wilhelm; Rahlst.\/West, Kath.&hellip;","publishpress_future_action":{"enabled":false,"date":"2026-05-16 09:25:47","action":"change-status","newStatus":"draft","terms":[],"taxonomy":"","extraData":[]},"publishpress_future_workflow_manual_trigger":{"enabledWorkflows":[]},"_links":{"self":[{"href":"https:\/\/johannes-prassek.de\/index.php?rest_route=\/wp\/v2\/pages\/135","targetHints":{"allow":["GET"]}}],"collection":[{"href":"https:\/\/johannes-prassek.de\/index.php?rest_route=\/wp\/v2\/pages"}],"about":[{"href":"https:\/\/johannes-prassek.de\/index.php?rest_route=\/wp\/v2\/types\/page"}],"author":[{"embeddable":true,"href":"https:\/\/johannes-prassek.de\/index.php?rest_route=\/wp\/v2\/users\/1"}],"replies":[{"embeddable":true,"href":"https:\/\/johannes-prassek.de\/index.php?rest_route=%2Fwp%2Fv2%2Fcomments&post=135"}],"version-history":[{"count":0,"href":"https:\/\/johannes-prassek.de\/index.php?rest_route=\/wp\/v2\/pages\/135\/revisions"}],"up":[{"embeddable":true,"href":"https:\/\/johannes-prassek.de\/index.php?rest_route=\/wp\/v2\/pages\/129"}],"wp:attachment":[{"href":"https:\/\/johannes-prassek.de\/index.php?rest_route=%2Fwp%2Fv2%2Fmedia&parent=135"}],"curies":[{"name":"wp","href":"https:\/\/api.w.org\/{rel}","templated":true}]}}