{"id":131,"date":"2014-02-10T16:18:02","date_gmt":"2014-02-10T15:18:02","guid":{"rendered":"http:\/\/prassek.web-ansgar-medien.de\/?page_id=131"},"modified":"2025-12-24T22:08:50","modified_gmt":"2025-12-24T21:08:50","slug":"haus-emmaus","status":"publish","type":"page","link":"https:\/\/johannes-prassek.de\/?page_id=131","title":{"rendered":"Haus Emmaus"},"content":{"rendered":"<p><img loading=\"lazy\" decoding=\"async\" class=\"size-full wp-image-886 alignnone\" src=\"https:\/\/prassek.ansgar-portal.de\/wp-content\/uploads\/sites\/2\/2014\/02\/haus-emmaus-840.png\" alt=\"haus-emmaus-840\" width=\"840\" height=\"315\" srcset=\"https:\/\/johannes-prassek.de\/wp-content\/uploads\/2014\/02\/haus-emmaus-840.png 840w, https:\/\/johannes-prassek.de\/wp-content\/uploads\/2014\/02\/haus-emmaus-840-300x113.png 300w, https:\/\/johannes-prassek.de\/wp-content\/uploads\/2014\/02\/haus-emmaus-840-768x288.png 768w\" sizes=\"auto, (max-width: 840px) 100vw, 840px\" \/>Die Pfarrei besitzt in Glinde bei Bad Oldesloe ein gro\u00dfes, freistehendes Jugend- und Freizeithaus, dass Gruppen buchen und nutzen k\u00f6nnen. Das Haus bietet neben Tagungs- und Schlafr\u00e4umen auch eine gro\u00dfe Gemeinschaftsk\u00fcche sowie eine Kapelle und eignet sich ausgezeichnet f\u00fcr Kinder-, Jugend- und Erwachsenenfreizeiten. Kloster N\u00fctschau liegt ganz in der N\u00e4he.<\/p>\n<p>Weitere Informationen finden Sie auf der <a href=\"https:\/\/johannes-prassek.de\/?page_id=4801\" target=\"_blank\" rel=\"noopener noreferrer\">Homepage<\/a>.<\/p>\n","protected":false},"excerpt":{"rendered":"<p>Die Pfarrei besitzt in Glinde bei Bad Oldesloe ein gro\u00dfes, freistehendes Jugend- und Freizeithaus, dass Gruppen buchen und nutzen k\u00f6nnen. Das Haus bietet neben Tagungs- und Schlafr\u00e4umen auch eine gro\u00dfe Gemeinschaftsk\u00fcche sowie eine Kapelle und eignet sich ausgezeichnet f\u00fcr Kinder-, Jugend- und Erwachsenenfreizeiten. Kloster N\u00fctschau liegt ganz in der N\u00e4he. Weitere Informationen finden Sie auf &hellip; <a href=\"https:\/\/johannes-prassek.de\/?page_id=131\" class=\"more-link\"><span class=\"screen-reader-text\">Haus Emmaus<\/span> weiterlesen <span class=\"meta-nav\">&rarr;<\/span><\/a><\/p>\n","protected":false},"author":1,"featured_media":0,"parent":129,"menu_order":0,"comment_status":"closed","ping_status":"closed","template":"","meta":{"_uag_custom_page_level_css":"","ngg_post_thumbnail":0,"cybocfi_hide_featured_image":"","footnotes":""},"class_list":["post-131","page","type-page","status-publish","hentry"],"uagb_featured_image_src":{"full":false,"thumbnail":false,"medium":false,"medium_large":false,"large":false,"1536x1536":false,"2048x2048":false,"post-thumbnail":false,"twentyfourteen-full-width":false,"mailpoet_newsletter_max":false},"uagb_author_info":{"display_name":"wp_admin","author_link":"https:\/\/johannes-prassek.de\/?author=1"},"uagb_comment_info":0,"uagb_excerpt":"Die Pfarrei besitzt in Glinde bei Bad Oldesloe ein gro\u00dfes, freistehendes Jugend- und Freizeithaus, dass Gruppen buchen und nutzen k\u00f6nnen. Das Haus bietet neben Tagungs- und Schlafr\u00e4umen auch eine gro\u00dfe Gemeinschaftsk\u00fcche sowie eine Kapelle und eignet sich ausgezeichnet f\u00fcr Kinder-, Jugend- und Erwachsenenfreizeiten. Kloster N\u00fctschau liegt ganz in der N\u00e4he. Weitere Informationen finden Sie auf&hellip;","publishpress_future_action":{"enabled":false,"date":"2026-05-22 12:25:23","action":"change-status","newStatus":"draft","terms":[],"taxonomy":"","extraData":[]},"publishpress_future_workflow_manual_trigger":{"enabledWorkflows":[]},"_links":{"self":[{"href":"https:\/\/johannes-prassek.de\/index.php?rest_route=\/wp\/v2\/pages\/131","targetHints":{"allow":["GET"]}}],"collection":[{"href":"https:\/\/johannes-prassek.de\/index.php?rest_route=\/wp\/v2\/pages"}],"about":[{"href":"https:\/\/johannes-prassek.de\/index.php?rest_route=\/wp\/v2\/types\/page"}],"author":[{"embeddable":true,"href":"https:\/\/johannes-prassek.de\/index.php?rest_route=\/wp\/v2\/users\/1"}],"replies":[{"embeddable":true,"href":"https:\/\/johannes-prassek.de\/index.php?rest_route=%2Fwp%2Fv2%2Fcomments&post=131"}],"version-history":[{"count":4,"href":"https:\/\/johannes-prassek.de\/index.php?rest_route=\/wp\/v2\/pages\/131\/revisions"}],"predecessor-version":[{"id":17198,"href":"https:\/\/johannes-prassek.de\/index.php?rest_route=\/wp\/v2\/pages\/131\/revisions\/17198"}],"up":[{"embeddable":true,"href":"https:\/\/johannes-prassek.de\/index.php?rest_route=\/wp\/v2\/pages\/129"}],"wp:attachment":[{"href":"https:\/\/johannes-prassek.de\/index.php?rest_route=%2Fwp%2Fv2%2Fmedia&parent=131"}],"curies":[{"name":"wp","href":"https:\/\/api.w.org\/{rel}","templated":true}]}}