{"id":129,"date":"2014-02-10T16:16:43","date_gmt":"2014-02-10T14:16:43","guid":{"rendered":"http:\/\/prassek.web-ansgar-medien.de\/?page_id=129"},"modified":"2014-02-10T16:16:43","modified_gmt":"2014-02-10T14:16:43","slug":"einrichtungen","status":"publish","type":"page","link":"https:\/\/johannes-prassek.de\/?page_id=129","title":{"rendered":"Einrichtungen und Orte Kirchlichen Lebens in der Pfarrei"},"content":{"rendered":"\n<ul class=\"wp-block-list\"><li><strong>Begegnungshaus  <\/strong><ul><li>Haus Emmaus, Glinde 23, Bad Oldesloe nahe beim Kloster N\u00fctschau<\/li><\/ul><\/li><\/ul>\n\n\n\n<ul class=\"wp-block-list\"><li><strong>Alten- und Pflegeheim<\/strong><ul><li>Malteserstift St. Elisabeth, Rahlstedter Weg 17<\/li><\/ul><\/li><\/ul>\n\n\n\n<ul class=\"wp-block-list\"><li><strong>Hospize<\/strong><ul><li>Malteser Hospiz-Zentrum Bruder Gerhard, Halenreie 5<\/li><li>Diakonie-Hospiz Volksdorf, Wiesenkamp 24<\/li><\/ul><\/li><\/ul>\n\n\n\n<ul class=\"wp-block-list\"><li><strong>Kinderg\u00e4rten\/Kindertagesst\u00e4tten<\/strong><ul><li>Kita Arche Noah, Rahlstedter Weg 15<\/li><li>Kita Heilig Kreuz, Farmsener Landstra\u00dfe 181<\/li><li>Kita Sonnenblume, Oldenfelder Stra\u00dfe 27<\/li><li>Kiga St. Bernard, Langenst\u00fccken 40<\/li><li>Kiga St. Wilhelm, Hohnerkamp 18<\/li><li>Kita des Caritasverbandes, Liliencronstra\u00dfe 111<\/li><\/ul><\/li><\/ul>\n\n\n\n<ul class=\"wp-block-list\"><li><strong>Schule<\/strong><ul><li>Katholische Schule Farmsen, Rahlstedter Weg 15<\/li><li>Hort der kath. Schule, Rahlstedter Weg 15<\/li><\/ul><\/li><\/ul>\n\n\n\n<ul class=\"wp-block-list\"><li><strong>Krankenhaus<\/strong><ul><li>Katholisches Kinderkrankenhaus Wilhelmstift GmbH, Liliencronstra\u00dfe 130 <\/li><\/ul><\/li><\/ul>\n","protected":false},"excerpt":{"rendered":"<p>Begegnungshaus Haus Emmaus, Glinde 23, Bad Oldesloe nahe beim Kloster N\u00fctschau Alten- und Pflegeheim Malteserstift St. Elisabeth, Rahlstedter Weg 17 Hospize Malteser Hospiz-Zentrum Bruder Gerhard, Halenreie 5 Diakonie-Hospiz Volksdorf, Wiesenkamp 24 Kinderg\u00e4rten\/Kindertagesst\u00e4tten Kita Arche Noah, Rahlstedter Weg 15 Kita Heilig Kreuz, Farmsener Landstra\u00dfe 181 Kita Sonnenblume, Oldenfelder Stra\u00dfe 27 Kiga St. Bernard, Langenst\u00fccken 40 Kiga &hellip; <a href=\"https:\/\/johannes-prassek.de\/?page_id=129\" class=\"more-link\"><span class=\"screen-reader-text\">Einrichtungen und Orte Kirchlichen Lebens in der Pfarrei<\/span> weiterlesen <span class=\"meta-nav\">&rarr;<\/span><\/a><\/p>\n","protected":false},"author":1,"featured_media":0,"parent":5374,"menu_order":50,"comment_status":"closed","ping_status":"closed","template":"","meta":{"_uag_custom_page_level_css":"","ngg_post_thumbnail":0,"cybocfi_hide_featured_image":"","footnotes":""},"class_list":["post-129","page","type-page","status-publish","hentry"],"uagb_featured_image_src":{"full":false,"thumbnail":false,"medium":false,"medium_large":false,"large":false,"1536x1536":false,"2048x2048":false,"post-thumbnail":false,"twentyfourteen-full-width":false,"mailpoet_newsletter_max":false},"uagb_author_info":{"display_name":"wp_admin","author_link":"https:\/\/johannes-prassek.de\/?author=1"},"uagb_comment_info":0,"uagb_excerpt":"Begegnungshaus Haus Emmaus, Glinde 23, Bad Oldesloe nahe beim Kloster N\u00fctschau Alten- und Pflegeheim Malteserstift St. Elisabeth, Rahlstedter Weg 17 Hospize Malteser Hospiz-Zentrum Bruder Gerhard, Halenreie 5 Diakonie-Hospiz Volksdorf, Wiesenkamp 24 Kinderg\u00e4rten\/Kindertagesst\u00e4tten Kita Arche Noah, Rahlstedter Weg 15 Kita Heilig Kreuz, Farmsener Landstra\u00dfe 181 Kita Sonnenblume, Oldenfelder Stra\u00dfe 27 Kiga St. Bernard, Langenst\u00fccken 40 Kiga&hellip;","publishpress_future_action":{"enabled":false,"date":"2026-05-18 00:47:57","action":"change-status","newStatus":"draft","terms":[],"taxonomy":"","extraData":[]},"publishpress_future_workflow_manual_trigger":{"enabledWorkflows":[]},"_links":{"self":[{"href":"https:\/\/johannes-prassek.de\/index.php?rest_route=\/wp\/v2\/pages\/129","targetHints":{"allow":["GET"]}}],"collection":[{"href":"https:\/\/johannes-prassek.de\/index.php?rest_route=\/wp\/v2\/pages"}],"about":[{"href":"https:\/\/johannes-prassek.de\/index.php?rest_route=\/wp\/v2\/types\/page"}],"author":[{"embeddable":true,"href":"https:\/\/johannes-prassek.de\/index.php?rest_route=\/wp\/v2\/users\/1"}],"replies":[{"embeddable":true,"href":"https:\/\/johannes-prassek.de\/index.php?rest_route=%2Fwp%2Fv2%2Fcomments&post=129"}],"version-history":[{"count":0,"href":"https:\/\/johannes-prassek.de\/index.php?rest_route=\/wp\/v2\/pages\/129\/revisions"}],"up":[{"embeddable":true,"href":"https:\/\/johannes-prassek.de\/index.php?rest_route=\/wp\/v2\/pages\/5374"}],"wp:attachment":[{"href":"https:\/\/johannes-prassek.de\/index.php?rest_route=%2Fwp%2Fv2%2Fmedia&parent=129"}],"curies":[{"name":"wp","href":"https:\/\/api.w.org\/{rel}","templated":true}]}}