{"id":12023,"date":"2022-06-09T23:07:52","date_gmt":"2022-06-09T21:07:52","guid":{"rendered":"https:\/\/johannes-prassek.de\/?page_id=12023"},"modified":"2025-09-29T12:48:11","modified_gmt":"2025-09-29T10:48:11","slug":"pastoralteam-2","status":"publish","type":"page","link":"https:\/\/johannes-prassek.de\/?page_id=12023","title":{"rendered":"Pastoralteam"},"content":{"rendered":"\n\n<table id=\"tablepress-7\" class=\"tablepress tablepress-id-7\">\n<tbody class=\"row-striping row-hover\">\n<tr class=\"row-1\">\n\t<td class=\"column-1\"><img loading=\"lazy\" decoding=\"async\" src=\"https:\/\/johannes-prassek.de\/wp-content\/uploads\/2025\/01\/Foto-Pfarrer-neu.jpg\" alt=\"\" width=\"200\" height=\"300\" class=\"aligncenter size-full wp-image-824\" \/><\/td><td class=\"column-2\"><strong>Dr. Bernd Wichert<\/strong><br \/>\n<strong><i>Pfarradministrator<\/i><\/strong><br \/>\n<br \/>\nDienstsitz: Pfarrhaus Mari\u00e4 Himmelfahrt, Rahlstedt, Oldenfelder Stra\u00dfe 23, 22143 Hamburg<br \/>\n<br \/>\n\ud83d\udcf3 0179 - 117 41 65<br \/>\n<br \/>\n\ud83d\udce9 <a href=\"mailto:b.wichert@johannes-prassek.de\">b.wichert@johannes-prassek.de<\/a><br \/>\n<br \/>\nSchwerpunkte:<br \/>\n<em>Priesterliche Dienste* und allg. Seelsorge<\/em><\/td>\n<\/tr>\n<tr class=\"row-2\">\n\t<td class=\"column-1\"><img loading=\"lazy\" decoding=\"async\" src=\"https:\/\/johannes-prassek.de\/wp-content\/uploads\/2020\/10\/Christoph-Hammer-200712.jpg\" alt=\"\" width=\"200\" height=\"300\" class=\"aligncenter size-full wp-image-824\" \/><\/td><td class=\"column-2\"><strong>Pater Christoph Hammer SAC<\/strong><br \/>\n<strong><i>Pastor<\/i><\/strong><br \/>\n<br \/>\nDienstsitz: Pfarrhaus Mari\u00e4 Himmelfahrt, Rahlstedt, Oldenfelder Stra\u00dfe 23, 22143 Hamburg<br \/>\n<br \/>\n\ud83d\udcde 040 \/ 334 65 45 - 31<br \/>\n\ud83d\udcf3 0151-159 669 92<br \/>\n<br \/>\n\ud83d\udce9 <a href=\"mailto:c.hammer@johannes-prassek.de\">c.hammer@johannes-prassek.de<\/a><br \/>\n<br \/>\nSchwerpunkte:<br \/>\n<em>Priesterliche Dienste* und allg. Seelsorge, Firmvorbereitung (kommissarisch)<\/em><\/td>\n<\/tr>\n<tr class=\"row-3\">\n\t<td class=\"column-1\"><img loading=\"lazy\" decoding=\"async\" src=\"https:\/\/johannes-prassek.de\/wp-content\/uploads\/2022\/07\/zephyrin.jpg\" alt=\"\" width=\"200\" height=\"300\" class=\"aligncenter size-medium wp-image-3033\" \/><\/td><td class=\"column-2\"><strong>Pater Zephyrin SAC<\/strong><br \/>\n<strong><i>Kaplan<\/i><\/strong><br \/>\n<br \/>\nDienstsitz: St. Wilhelm, Bramfeld, Hohnerkamp 22, 22175 Hamburg<br \/>\n<br \/>\n<br \/>\n\ud83d\udcf3  0151-226 039 67<br \/>\n<br \/>\n\ud83d\udce9 <a href=\"mailto:p.zephyrin@johannes-prassek.de\">p.zephyrin@johannes-prassek.de<\/a><br \/>\n<br \/>\nSchwerpunkte:<br \/>\n<em>Priesterliche Dienste* und allg. Seelsorge, Jugendseelsorge, Messdienerarbeit<\/em><\/td>\n<\/tr>\n<tr class=\"row-4\">\n\t<td class=\"column-1\"><img loading=\"lazy\" decoding=\"async\" src=\"https:\/\/johannes-prassek.de\/wp-content\/uploads\/2020\/09\/Geissler_Sascha_Philipp_MG_8284-Kopie.jpg\" alt=\"\" width=\"200\" height=\"300\" class=\"aligncenter size-full wp-image-824\" \/><\/td><td class=\"column-2\"><strong>Pater Sascha-Philipp Gei\u00dfler SAC<\/strong><br \/>\n<strong><i>Generalvikar und Pastor<\/i><\/strong><br \/>\n<br \/>\nWohnsitz: Pfarrhaus Mari\u00e4 Himmelfahrt, Rahlstedt, Oldenfelder Stra\u00dfe 23, 22143 Hamburg<br \/>\n<br \/>\n\ud83d\udce9 <a href=\"mailto:s-p.geissler@johannes-prassek.de\">s-p.geissler@johannes-prassek.de<\/a><br \/>\n<br \/>\nSchwerpunkte:<br \/>\n<em>Priesterliche Dienste* und allg. Seelsorge nach Absprache, Pr\u00e4ses der Kolpingfamilie Rahlstedt<\/em><\/td>\n<\/tr>\n<tr class=\"row-5\">\n\t<td class=\"column-1\"><img loading=\"lazy\" decoding=\"async\" src=\"https:\/\/johannes-prassek.de\/wp-content\/uploads\/2020\/11\/FSN0005-KL-9x13-Fotostudio-Nina-scaled-1.jpg\" alt=\"\" width=\"200\" height=\"300\" class=\"aligncenter size-medium wp-image-3871\" \/><\/td><td class=\"column-2\"><strong>Christiane Bente<\/strong><br \/>\n<strong><i>Gemeindereferentin<\/i><\/strong><br \/>\n<br \/>\nDienstsitz: <a href=\"https:\/\/www.kkh-wilhelmstift.de\/\" target=\"_blank\" rel=\"noopener\">Katholisches Kinderkrankenhaus Wilhelmstift gGmbH, Liliencronstra\u00dfe 130, 22149 Hamburg <\/a><br \/>\n<br \/>\n\ud83d\udcde 040 \/ 673 77 129<br \/>\n<br \/>\n\ud83d\udce9 <a href=\"mailto:c.bente@khk-wilhelmstift.de\">c.bente@khk-wilhelmstift.de<\/a><br \/>\n<br \/>\nSchwerpunkt: <br \/>\n<em>Krankenhausseelsorgerin im <a href=\"https:\/\/www.kkh-wilhelmstift.de\/\" target=\"_blank\" rel=\"noopener\">Kinderkrankenhaus Wilhelmstift<\/a><\/em><br \/>\n<br \/>\n<br \/>\nDienstsitz: Pfarrei Seliger Johannes Prassek<br \/>\n<br \/>\n\ud83d\udcde 040 \/ 334 65 45 - 44 *<br \/>\n\ud83d\udcf3  01590 \/ 49 83 507 <br \/>\n<br \/>\n\ud83d\udce9 <a href=\"mailto:c.bente@johannes-prassek.de\">c.bente@johannes-prassek.de<\/a><br \/>\n<br \/>\nSchwerpunkte:<br \/>\n<em>Erwachsenenpastoral und Erwachsenenbildung<\/em><br \/>\n<br \/>\n<\/td>\n<\/tr>\n<tr class=\"row-6\">\n\t<td class=\"column-1\"><img loading=\"lazy\" decoding=\"async\" src=\"https:\/\/johannes-prassek.de\/wp-content\/uploads\/2021\/01\/BKuckhoff_Foto-scaled-1.jpg\" alt=\"\" width=\"200\" height=\"300\" class=\"aligncenter size-medium wp-image-3871\" \/><\/td><td class=\"column-2\"><strong>Bernadette Kuckhoff<\/strong><br \/>\n<strong><i>Pastoralreferentin<\/i><\/strong><br \/>\n<br \/>\nDienstsitz: Hl. Geist, Farmsen, Rahlstedter Weg 13, 22159 Hamburg<br \/>\n<br \/>\n\ud83d\udcde 040 \/ 334 65 45 - 41 *<br \/>\n\ud83d\udcf3  01590 \/ 49 83 504<br \/>\n<br \/>\n<br \/>\n\ud83d\udce9 <a href=\"mailto:b.kuckhoff@johannes-prassek.de\">b.kuckhoff@johannes-prassek.de<\/a><br \/>\n<br \/>\nSchwerpunkte:<br \/>\n<em>Diakonale Seelsorge, Begleitung und Unterst\u00fctzung Ehrenamtlicher im caritativen Bereich, Mitglied der Pfarreilichen Immobilienkommission (PIK)<\/em><\/td>\n<\/tr>\n<tr class=\"row-7\">\n\t<td class=\"column-1\"><img loading=\"lazy\" decoding=\"async\" src=\"https:\/\/johannes-prassek.de\/wp-content\/uploads\/2019\/05\/KatjaLaber.jpg\" alt=\"\" width=\"200\" height=\"300\" class=\"aligncenter size-medium wp-image-3755\" \/><\/td><td class=\"column-2\"><strong>Katja Laber <\/strong><br \/>\n<strong><i>Gemeindereferentin<\/i><\/strong><br \/>\n<br \/>\nDienstsitz: St. Bernard, Poppenb\u00fcttel, Langenst\u00fccken 40, 22393 Hamburg<br \/>\n<br \/>\n\ud83d\udcde 040 \/ 334 65 45 - 40<br \/>\n\ud83d\udcf3  01590 \/ 49 83 506<br \/>\n<br \/>\n<br \/>\n\ud83d\udce9 <a href=\"mailto:k.laber@johannes-prassek.de\">k.laber@johannes-prassek.de<\/a><br \/>\n<br \/>\nSchwerpunkte:<br \/>\n<em>Seeelsorge, Erstkommunionvorbereitung, Taufkatechese, Vorstandmitglied der Familienbildungsst\u00e4tte, Koordination Wort-Gottes-Feier-Beauftragte<\/em><\/td>\n<\/tr>\n<tr class=\"row-8\">\n\t<td class=\"column-1\"><img loading=\"lazy\" decoding=\"async\" src=\"https:\/\/johannes-prassek.de\/wp-content\/uploads\/2019\/01\/C_Wagner-scaled.jpg\" alt=\"\" width=\"200\" height=\"300\" class=\"aligncenter size-medium wp-image-3482\" \/><\/td><td class=\"column-2\"><strong>Claudia Wagner<\/strong><br \/>\n<strong><i>Gemeindereferentin<\/i><\/strong><br \/>\n<br \/>\nDienstsitz: Hl. Kreuz, Volksdorf, Farmsener Landstr. 181, 22359 Hamburg<br \/>\n<br \/>\n\ud83d\udcde 040 \/ 334 65 45 - 42 *<br \/>\n\ud83d\udcf3  01590 \/ 49 83 505 <br \/>\n<br \/>\n\ud83d\udce9 <a href=\"mailto:c.wagner@johannes-prassek.de\">c.wagner@johannes-prassek.de<\/a><br \/>\n<br \/>\nSchwerpunkte:<br \/>\n<em>Seelsorge, Religionsp\u00e4dagogische Begleitung der katholischen Kindertagesst\u00e4tten, Pfarrpastoralrat, Pr\u00e4ventionsbeauftragte<\/em><\/td>\n<\/tr>\n<tr class=\"row-9\">\n\t<td class=\"column-1\"><img loading=\"lazy\" decoding=\"async\" src=\"https:\/\/johannes-prassek.de\/wp-content\/uploads\/2017\/12\/Werner-Heitmann.jpg\" alt=\"\" width=\"200\" height=\"300\" class=\"aligncenter size-medium wp-image-2935\" \/><\/td><td class=\"column-2\"><strong>Werner Heitmann<\/strong><br \/>\n<strong><i>Diakon mit Zivilberuf<\/i><\/strong><br \/>\n<br \/>\n\ud83d\udcf3 0160-994 270 28<br \/>\n<br \/>\n\ud83d\udce9 <a href=\"mailto:w.heitmann@johannes-prassek.de\">w.heitmann@johannes-prassek.de<\/a><br \/>\n<br \/>\nSchwerpunkte:<br \/>\n<em>Alten- und Krankenseelsorge, M\u00e4nnerseelsorge, Projekte<br \/>\nim Freundeskreis Zuhause im Eli e.V. (Malteserstift<br \/>\nSt. Elisabeth), Krankenkommunion, Taufen, Trauungen<br \/>\nund Beerdigungen, Gemeindeseelsorge, Gottesdienste,<br \/>\nMitglied im Liturgieausschuss in St. Bernard,<br \/>\nMitglied im Notseelsorgeteam der Dr\u00e4gerwerk<br \/>\nAG in L\u00fcbeck<\/em><\/td>\n<\/tr>\n<tr class=\"row-10\">\n\t<td class=\"column-1\"><img loading=\"lazy\" decoding=\"async\" src=\"https:\/\/johannes-prassek.de\/wp-content\/uploads\/2014\/02\/klinkhamels.jpg\" alt=\"klinkhamels\" width=\"200\" height=\"300\" class=\"aligncenter size-full wp-image-823\" \/><\/td><td class=\"column-2\"><strong>Stephan Klinkhamels<\/strong><br \/>\n<strong><i>Diakon mit Zivilberuf<\/i><\/strong><br \/>\n<br \/>\n\ud83d\udcde 040 \/ 303 986 58<br \/>\n<br \/>\n\ud83d\udce9 <a href=\"mailto:st.klinkhamels@johannes-prassek.de\">st.klinkhamels@johannes-prassek.de<\/a><br \/>\n<br \/>\nSchwerpunkte:<br \/>\n<em>Trauerpastoral, Mitglied des Pfarrpastoralrates, Hospizarbeit<br \/>\nim Hospiz-Zentrum Bruder Gerhard, Seelsorge,<br \/>\nGottesdienste, Taufen, Trauungen, Beerdigungen<\/em><\/td>\n<\/tr>\n<tr class=\"row-11\">\n\t<td class=\"column-1\"><img loading=\"lazy\" decoding=\"async\" src=\"https:\/\/johannes-prassek.de\/wp-content\/uploads\/2022\/09\/Diakon_Bogislaw-scaled.jpeg\" alt=\"\" width=\"200\" height=\"300\" class=\"aligncenter size-full wp-image-823\" \/><\/td><td class=\"column-2\"><strong>Bogislaw von Langenn-Steinkeller<\/strong><br \/>\n<strong><i>Diakon<\/i><\/strong><br \/>\n<br \/>\nDienstsitz: <a href=\"https:\/\/www.kkh-wilhelmstift.de\/\" target=\"_blank\" rel=\"noopener\">Katholisches Kinderkrankenhaus Wilhelmstift gGmbH, Liliencronstra\u00dfe 130, 22149 Hamburg <\/a><br \/>\nRaum-Nr. B091<br \/>\n<br \/>\n\ud83d\udcde 040 \/ 673 77 129<br \/>\n\ud83d\udcf3 0176-105 373 79<br \/>\n<br \/>\n\ud83d\udce9 <a href=\"mailto:b.vonlangenn-steinkeller@kkh-wilhelmstift.de\">b.vonlangenn-steinkeller@kkh-wilhelmstift.de<\/a><br \/>\n<br \/>\nSchwerpunkt: <br \/>\n<em>Krankenhausseelsorger im <a href=\"https:\/\/www.kkh-wilhelmstift.de\/\" target=\"_blank\" rel=\"noopener\">Kinderkrankenhaus Wilhelmstift<\/a><\/em><\/td>\n<\/tr>\n<tr class=\"row-12\">\n\t<td class=\"column-1\"><img loading=\"lazy\" decoding=\"async\" src=\"https:\/\/johannes-prassek.de\/wp-content\/uploads\/2014\/02\/peter-rawalski.jpg\" width=\"200\" height=\"267\" class=\"aligncenter size-full wp-image-832\" \/><\/td><td class=\"column-2\"><strong>Peter Rawalski<\/strong><br \/>\n<strong><i>Diakon<\/i><\/strong><br \/>\n<br \/>\n\ud83d\udcde 040 \/ 642 72 06<br \/>\n<br \/>\n\ud83d\udce9 <a href=\"mailto:p.rawalski@johannes-prassek.de\">p.rawalski@johannes-prassek.de<\/a> <br \/>\n<br \/>\nSchwerpunkte:<br \/>\n<em>Seelsorge, Gottesdienste, Taufen, Trauungen, Beerdigungen,<br \/>\nBibelkreise, Glaubenskurse, Erwachsenenpastoral<\/em><br \/>\n<\/td>\n<\/tr>\n<\/tbody>\n<\/table>\n<!-- #tablepress-7 from cache -->\n\n\n\n<ul class=\"wp-block-list\"><\/ul>\n\n\n\n<p>*Die Referentin ist \u00fcberall \u00fcber diese Rufnummer erreichbar.<\/p>\n","protected":false},"excerpt":{"rendered":"<p>*Die Referentin ist \u00fcberall \u00fcber diese Rufnummer erreichbar.<\/p>\n","protected":false},"author":2,"featured_media":0,"parent":0,"menu_order":0,"comment_status":"closed","ping_status":"closed","template":"","meta":{"_uag_custom_page_level_css":"","ngg_post_thumbnail":0,"cybocfi_hide_featured_image":"","footnotes":""},"class_list":["post-12023","page","type-page","status-publish","hentry"],"uagb_featured_image_src":{"full":false,"thumbnail":false,"medium":false,"medium_large":false,"large":false,"1536x1536":false,"2048x2048":false,"post-thumbnail":false,"twentyfourteen-full-width":false,"mailpoet_newsletter_max":false},"uagb_author_info":{"display_name":"Thomas Kittel","author_link":"https:\/\/johannes-prassek.de\/?author=2"},"uagb_comment_info":0,"uagb_excerpt":"*Die Referentin ist \u00fcberall \u00fcber diese Rufnummer erreichbar.","publishpress_future_action":{"enabled":false,"date":"2026-05-16 08:01:06","action":"change-status","newStatus":"draft","terms":[],"taxonomy":"","extraData":[]},"publishpress_future_workflow_manual_trigger":{"enabledWorkflows":[]},"_links":{"self":[{"href":"https:\/\/johannes-prassek.de\/index.php?rest_route=\/wp\/v2\/pages\/12023","targetHints":{"allow":["GET"]}}],"collection":[{"href":"https:\/\/johannes-prassek.de\/index.php?rest_route=\/wp\/v2\/pages"}],"about":[{"href":"https:\/\/johannes-prassek.de\/index.php?rest_route=\/wp\/v2\/types\/page"}],"author":[{"embeddable":true,"href":"https:\/\/johannes-prassek.de\/index.php?rest_route=\/wp\/v2\/users\/2"}],"replies":[{"embeddable":true,"href":"https:\/\/johannes-prassek.de\/index.php?rest_route=%2Fwp%2Fv2%2Fcomments&post=12023"}],"version-history":[{"count":3,"href":"https:\/\/johannes-prassek.de\/index.php?rest_route=\/wp\/v2\/pages\/12023\/revisions"}],"predecessor-version":[{"id":16770,"href":"https:\/\/johannes-prassek.de\/index.php?rest_route=\/wp\/v2\/pages\/12023\/revisions\/16770"}],"wp:attachment":[{"href":"https:\/\/johannes-prassek.de\/index.php?rest_route=%2Fwp%2Fv2%2Fmedia&parent=12023"}],"curies":[{"name":"wp","href":"https:\/\/api.w.org\/{rel}","templated":true}]}}