{"id":10671,"date":"2022-01-22T19:32:05","date_gmt":"2022-01-22T18:32:05","guid":{"rendered":"https:\/\/www.johannes-prassek.de\/?page_id=10671"},"modified":"2022-01-22T19:32:05","modified_gmt":"2022-01-22T18:32:05","slug":"jugendzentrum-manna","status":"publish","type":"page","link":"https:\/\/johannes-prassek.de\/?page_id=10671","title":{"rendered":"Jugendzentrum Manna"},"content":{"rendered":"\n<p class=\"has-medium-font-size\"><strong><a href=\"https:\/\/manna-volksdorf.de\/\" target=\"_blank\" rel=\"noreferrer noopener\">Malteser Jugendzentrum Manna<\/a><\/strong><\/p>\n\n\n\n<p>Die R\u00e4ume des ehemaligen Hauses der Jugend im Ahrensburger Weg 14 in Volksdorf beherbergen das Malteser Jugendzentrum Manna. Neben Angeboten f\u00fcr Jugendliche und junge Erwachsene sind die R\u00e4umlichkeiten vormittags auch Anlaufpunkt f\u00fcr Hilfesuchende mit Fluchtgeschichte.<\/p>\n\n\n\n<div class=\"wp-block-image\"><figure class=\"alignleft size-large is-resized\"><img loading=\"lazy\" decoding=\"async\" src=\"https:\/\/prassek.ansgar-portal.de\/wp-content\/uploads\/sites\/2\/2022\/01\/Jugendzentrum-Manna_7638_Foto-Marco-Heinen-681x1024.jpg\" alt=\"\" class=\"wp-image-10655\" width=\"128\" height=\"192\" \/><\/figure><\/div>\n\n\n\n<p class=\"has-medium-font-size\"><strong>Angebote f\u00fcr Jugendliche<\/strong><\/p>\n\n\n\n<p>Ob Boxen, Fu\u00dfball, Tonstudio oder T\u00f6pfern, von Montag bis Freitag gibt es jeden Nachmittag Angebote f\u00fcr Jugendliche und junge Erwachsene. Auch in den Hamburger Ferien \u00f6ffnet das Jugendzentrum Manna seine T\u00fcren mit einem wechselnden bunten Programm.<\/p>\n\n\n\n<p class=\"has-medium-font-size\"><br><br><strong>Integration im Jugendzentrum Manna<\/strong><\/p>\n\n\n\n<div class=\"wp-block-image\"><figure class=\"alignright size-large is-resized\"><img loading=\"lazy\" decoding=\"async\" src=\"https:\/\/prassek.ansgar-portal.de\/wp-content\/uploads\/sites\/2\/2022\/01\/Erstorientierungskurse_Malteser-Hamburg_Foto-Martina-Denker-683x1024.jpg\" alt=\"\" class=\"wp-image-10653\" width=\"129\" height=\"194\" \/><\/figure><\/div>\n\n\n\n<p class=\"has-text-align-left\">Montag- bis Freitagvormittag finden im Jugendzentrum auch <strong>Sprach- und Erstorientierungskurse<\/strong> f\u00fcr Fl\u00fcchtlinge statt.<br>Dar\u00fcber hinaus gibt es <a href=\"https:\/\/www.johannes-prassek.de\/fluechlingsarbeit\/\" target=\"_blank\" rel=\"noreferrer noopener\">zahlreiche Angebote<\/a>, um Neub\u00fcrgern das Einleben in Hamburg zu erleichtern, zum Beispiel die mehrsprachige Hilfe beim Ausf\u00fcllen von Formularen und Erstellen von Bewerbungsunterlagen. In der <strong>Fahrradwerkstatt <\/strong>machen ehrenamtliche Helfer gespendete Fahrr\u00e4der wieder flott und geben diese an Gefl\u00fcchtete weiter. Wer Lust aufs Schrauben hat, ist herzlich willkommen. Die <strong>Kleiderkammer<\/strong> bietet Gefl\u00fcchteten eine kleine Auswahl an Kleiderspenden an. Auch Sachspenden sind herzlich willkommen. Wir bitten um vorherige Absprache mit Anette Bethge <a href=\"mailto:anette.bethge@malteser.org\" target=\"_blank\" rel=\"noreferrer noopener\">anette.bethge@malteser.org<\/a>.<\/p>\n\n\n\n<div class=\"wp-block-image\"><figure class=\"alignleft size-large is-resized\"><img loading=\"lazy\" decoding=\"async\" src=\"https:\/\/prassek.ansgar-portal.de\/wp-content\/uploads\/sites\/2\/2022\/01\/Integrations_Malteser-Hamburg_Foto-Martina-Denker-1024x683.jpg\" alt=\"\" class=\"wp-image-10654\" width=\"165\" height=\"110\" \/><\/figure><\/div>\n\n\n\n<p>Die gut 40 aktiven Ehrenamtlichen unterst\u00fctzen beim Erstellen von Lebensl\u00e4ufen. Auch gibt es Hilfe beim Ausf\u00fcllen von Formularen, Asylfragen und der Beantwortung von Beh\u00f6rdenschreiben. Au\u00dferdem gibt es Tandempartnerschaften. Die Tandems lernen voneinander, gehen gemeinsam spazieren und tauschen sich aus.<br><\/p>\n\n\n\n<p>Malteser Hilfsdienst e. V.<br>Jugendzentrum Manna<br>Ahrensburger Weg 14<br>22359 Hamburg<br><br>Telefon: 040 64 42 50 48<br>E-Mail: <a href=\"mailto:Manna.Volksdorf@malteser.org\">Manna.Volksdorf@malteser.org<\/a><\/p>\n","protected":false},"excerpt":{"rendered":"<p>Malteser Jugendzentrum Manna Die R\u00e4ume des ehemaligen Hauses der Jugend im Ahrensburger Weg 14 in Volksdorf beherbergen das Malteser Jugendzentrum Manna. Neben Angeboten f\u00fcr Jugendliche und junge Erwachsene sind die R\u00e4umlichkeiten vormittags auch Anlaufpunkt f\u00fcr Hilfesuchende mit Fluchtgeschichte. Angebote f\u00fcr Jugendliche Ob Boxen, Fu\u00dfball, Tonstudio oder T\u00f6pfern, von Montag bis Freitag gibt es jeden Nachmittag &hellip; <a href=\"https:\/\/johannes-prassek.de\/?page_id=10671\" class=\"more-link\"><span class=\"screen-reader-text\">Jugendzentrum Manna<\/span> weiterlesen <span class=\"meta-nav\">&rarr;<\/span><\/a><\/p>\n","protected":false},"author":1,"featured_media":0,"parent":129,"menu_order":3,"comment_status":"closed","ping_status":"closed","template":"","meta":{"_uag_custom_page_level_css":"","ngg_post_thumbnail":0,"cybocfi_hide_featured_image":"","footnotes":""},"class_list":["post-10671","page","type-page","status-publish","hentry"],"uagb_featured_image_src":{"full":false,"thumbnail":false,"medium":false,"medium_large":false,"large":false,"1536x1536":false,"2048x2048":false,"post-thumbnail":false,"twentyfourteen-full-width":false,"mailpoet_newsletter_max":false},"uagb_author_info":{"display_name":"wp_admin","author_link":"https:\/\/johannes-prassek.de\/?author=1"},"uagb_comment_info":0,"uagb_excerpt":"Malteser Jugendzentrum Manna Die R\u00e4ume des ehemaligen Hauses der Jugend im Ahrensburger Weg 14 in Volksdorf beherbergen das Malteser Jugendzentrum Manna. Neben Angeboten f\u00fcr Jugendliche und junge Erwachsene sind die R\u00e4umlichkeiten vormittags auch Anlaufpunkt f\u00fcr Hilfesuchende mit Fluchtgeschichte. Angebote f\u00fcr Jugendliche Ob Boxen, Fu\u00dfball, Tonstudio oder T\u00f6pfern, von Montag bis Freitag gibt es jeden Nachmittag&hellip;","publishpress_future_action":{"enabled":false,"date":"2026-05-16 08:09:38","action":"change-status","newStatus":"draft","terms":[],"taxonomy":"","extraData":[]},"publishpress_future_workflow_manual_trigger":{"enabledWorkflows":[]},"_links":{"self":[{"href":"https:\/\/johannes-prassek.de\/index.php?rest_route=\/wp\/v2\/pages\/10671","targetHints":{"allow":["GET"]}}],"collection":[{"href":"https:\/\/johannes-prassek.de\/index.php?rest_route=\/wp\/v2\/pages"}],"about":[{"href":"https:\/\/johannes-prassek.de\/index.php?rest_route=\/wp\/v2\/types\/page"}],"author":[{"embeddable":true,"href":"https:\/\/johannes-prassek.de\/index.php?rest_route=\/wp\/v2\/users\/1"}],"replies":[{"embeddable":true,"href":"https:\/\/johannes-prassek.de\/index.php?rest_route=%2Fwp%2Fv2%2Fcomments&post=10671"}],"version-history":[{"count":0,"href":"https:\/\/johannes-prassek.de\/index.php?rest_route=\/wp\/v2\/pages\/10671\/revisions"}],"up":[{"embeddable":true,"href":"https:\/\/johannes-prassek.de\/index.php?rest_route=\/wp\/v2\/pages\/129"}],"wp:attachment":[{"href":"https:\/\/johannes-prassek.de\/index.php?rest_route=%2Fwp%2Fv2%2Fmedia&parent=10671"}],"curies":[{"name":"wp","href":"https:\/\/api.w.org\/{rel}","templated":true}]}}