{"id":10603,"date":"2022-01-13T01:15:11","date_gmt":"2022-01-13T00:15:11","guid":{"rendered":"https:\/\/www.johannes-prassek.de\/?page_id=10603"},"modified":"2025-11-26T14:53:15","modified_gmt":"2025-11-26T13:53:15","slug":"institutionelle-schutzkonzept","status":"publish","type":"page","link":"https:\/\/johannes-prassek.de\/?page_id=10603","title":{"rendered":"Pr\u00e4vention"},"content":{"rendered":"<p><a href=\"https:\/\/heilig-kreuz-volksdorf.de\/wp-content\/uploads\/sites\/5\/2025\/11\/Institutionelles-Schutzkonzept-Version-Nov2025.pdf\" target=\"_blank\" rel=\"noopener\"><img loading=\"lazy\" decoding=\"async\" class=\"alignleft  wp-image-7324\" src=\"https:\/\/heiligkreuz.ansgar-portal.de\/wp-content\/uploads\/sites\/5\/2022\/09\/Institutionelles-Schutzkonzept-Version-Jul22.pdf_page_01.jpg\" alt=\"\" width=\"252\" height=\"357\" \/><\/a><\/p>\n<p>In der Pfarrei Seliger Johannes Prassek geh\u00f6rt die Arbeit mit Kindern, Jugendlichen und Erwachsenen in den Gemeinden und an den Orten kirchlichen Lebens zu den Kernaufgaben. Alle Menschen, denen wir in den unterschiedlichen Bereichen begegnen, erfordern unsere Aufmerksamkeit, auch im Sinne unseres Schutzkonzeptes.<\/p>\n<p>Nebenstehend finden Sie das <strong>Pr\u00e4ventionskonzept unserer Pfarrei<\/strong> &#8211; offiziell betitelt als &#8222;Institutionelles Schutzkonzept&#8220; (ISK) &#8211; , das in enger Anlehnung an die Vorgaben des Erzbistums Hamburg erstellt und im Juli 2022 durch die zust\u00e4ndigen Gremien autorisiert wurde.<\/p>\n<p>Die\u00a0<span style=\"text-decoration: underline;\">gesamte Downloadversion<\/span>\u00a0steht Ihnen\u00a0<a href=\"https:\/\/heilig-kreuz-volksdorf.de\/wp-content\/uploads\/sites\/5\/2025\/11\/Institutionelles-Schutzkonzept-Version-Nov2025.pdf\" target=\"_blank\" rel=\"noopener\">hier<\/a>\u00a0zur Verf\u00fcgung, eine\u00a0<span style=\"text-decoration: underline;\">Kurzfassung des Konzepts<\/span>\u00a0finden Sie\u00a0<a href=\"https:\/\/heilig-kreuz-volksdorf.de\/wp-content\/uploads\/sites\/5\/2025\/11\/Kurzfassung-Institutionelles-Schutzkonzept_Nov-2025.pdf\" target=\"_blank\" rel=\"noopener\">hier<\/a>!<\/p>\n<p>Die haupt- und ehrenamtlich Mitarbeitenden unserer Pfarrei setzen sich entschieden daf\u00fcr ein, Menschen vor allen Formen von Gewalt zu sch\u00fctzen. Durch Achtsamkeit und Verhaltensregeln wollen wir \u00dcbergriffe erschweren und Mitarbeitende nachhaltig sensibilisieren. Der Schutz, der uns anvertrauten Menschen, steht dabei an erster Stelle. Wir alle tragen Verantwortung f\u00fcr das Wohl, der uns anvertrauten Kinder, Jugendlichen und erwachsenen Schutzbefohlenen. Haupt- und ehrenamtliche Mitarbeitende nehmen eine Haltung ein, die gekennzeichnet ist vom wachsamen Hinschauen, offenen Ansprechen, transparenten und einf\u00fchlsamen Handeln im Umgang mit den anvertrauten Menschen und auch untereinander.<\/p>\n<p>Die Pr\u00e4ventionsbeauftragte unserer Pfarrei ist Gemeindereferentin Claudia Wagner. Sie ist zum Thema Pr\u00e4vention in allen Bereichen ansprechbar: f\u00fcr Informationen (ISK, Schulungen, erweitertes F\u00fchrungszeugnis), f\u00fcr Fragen und in Notsituationen. Ebenso haben alle Seelsorgerinnen und Seelsorger der Pfarrei ein offenes Ohr f\u00fcr Sie! Weiterf\u00fchrende Informationen zum Thema Pr\u00e4vention vom Erzbistum finden sie <a href=\"https:\/\/praevention-erzbistum-hamburg.de\/\" target=\"_blank\" rel=\"noopener\">hier<\/a>.<\/p>\n<p>Durch das Angebot von regelm\u00e4\u00dfigen Pr\u00e4ventionsschulungen sensibilisieren wir alle in der Pfarrei ehrenamtlich Mitarbeitenden f\u00fcr die Thematik der Pr\u00e4vention und kommen unserer Verantwortung f\u00fcr eine Kultur der Achtsamkeit und unserem Schutzauftrag nach.<\/p>\n<p>Die jeweiligen Termine mit n\u00e4heren Informationen erfahren Sie hier \u00fcber die Website, die Vermeldungen und Handzettel. Die Anmeldung l\u00e4uft \u00fcber Claudia Wagner.<\/p>\n<p><strong><em>Claudia Wagner<\/em><\/strong><strong><em><br \/>\n<\/em><\/strong>Gemeindereferentin Kita und Familienpastoral und\u00a0Beauftragte f\u00fcr Pr\u00e4vention von sexualisierter Gewalt (<a href=\"mailto:c.wagner@johannes-prassek.de\">c.wagner@johannes-prassek.de<\/a>)<\/p>\n<p>Tel. 0159 04983505<\/p>\n","protected":false},"excerpt":{"rendered":"<p>In der Pfarrei Seliger Johannes Prassek geh\u00f6rt die Arbeit mit Kindern, Jugendlichen und Erwachsenen in den Gemeinden und an den Orten kirchlichen Lebens zu den Kernaufgaben. Alle Menschen, denen wir in den unterschiedlichen Bereichen begegnen, erfordern unsere Aufmerksamkeit, auch im Sinne unseres Schutzkonzeptes. Nebenstehend finden Sie das Pr\u00e4ventionskonzept unserer Pfarrei &#8211; offiziell betitelt als &#8222;Institutionelles &hellip; <a href=\"https:\/\/johannes-prassek.de\/?page_id=10603\" class=\"more-link\"><span class=\"screen-reader-text\">Pr\u00e4vention<\/span> weiterlesen <span class=\"meta-nav\">&rarr;<\/span><\/a><\/p>\n","protected":false},"author":1,"featured_media":0,"parent":0,"menu_order":0,"comment_status":"closed","ping_status":"closed","template":"","meta":{"_uag_custom_page_level_css":"","ngg_post_thumbnail":0,"cybocfi_hide_featured_image":"","footnotes":""},"class_list":["post-10603","page","type-page","status-publish","hentry"],"uagb_featured_image_src":{"full":false,"thumbnail":false,"medium":false,"medium_large":false,"large":false,"1536x1536":false,"2048x2048":false,"post-thumbnail":false,"twentyfourteen-full-width":false,"mailpoet_newsletter_max":false},"uagb_author_info":{"display_name":"wp_admin","author_link":"https:\/\/johannes-prassek.de\/?author=1"},"uagb_comment_info":0,"uagb_excerpt":"In der Pfarrei Seliger Johannes Prassek geh\u00f6rt die Arbeit mit Kindern, Jugendlichen und Erwachsenen in den Gemeinden und an den Orten kirchlichen Lebens zu den Kernaufgaben. Alle Menschen, denen wir in den unterschiedlichen Bereichen begegnen, erfordern unsere Aufmerksamkeit, auch im Sinne unseres Schutzkonzeptes. Nebenstehend finden Sie das Pr\u00e4ventionskonzept unserer Pfarrei &#8211; offiziell betitelt als &#8222;Institutionelles&hellip;","publishpress_future_action":{"enabled":false,"date":"2026-04-21 08:36:35","action":"change-status","newStatus":"draft","terms":[],"taxonomy":"","extraData":[]},"publishpress_future_workflow_manual_trigger":{"enabledWorkflows":[]},"_links":{"self":[{"href":"https:\/\/johannes-prassek.de\/index.php?rest_route=\/wp\/v2\/pages\/10603","targetHints":{"allow":["GET"]}}],"collection":[{"href":"https:\/\/johannes-prassek.de\/index.php?rest_route=\/wp\/v2\/pages"}],"about":[{"href":"https:\/\/johannes-prassek.de\/index.php?rest_route=\/wp\/v2\/types\/page"}],"author":[{"embeddable":true,"href":"https:\/\/johannes-prassek.de\/index.php?rest_route=\/wp\/v2\/users\/1"}],"replies":[{"embeddable":true,"href":"https:\/\/johannes-prassek.de\/index.php?rest_route=%2Fwp%2Fv2%2Fcomments&post=10603"}],"version-history":[{"count":9,"href":"https:\/\/johannes-prassek.de\/index.php?rest_route=\/wp\/v2\/pages\/10603\/revisions"}],"predecessor-version":[{"id":17006,"href":"https:\/\/johannes-prassek.de\/index.php?rest_route=\/wp\/v2\/pages\/10603\/revisions\/17006"}],"wp:attachment":[{"href":"https:\/\/johannes-prassek.de\/index.php?rest_route=%2Fwp%2Fv2%2Fmedia&parent=10603"}],"curies":[{"name":"wp","href":"https:\/\/api.w.org\/{rel}","templated":true}]}}